{"id":7820,"date":"2025-01-23T08:17:59","date_gmt":"2025-01-23T07:17:59","guid":{"rendered":"https:\/\/sanchezalcaraz.com\/?post_type=product&#038;p=7820"},"modified":"2026-02-16T10:07:48","modified_gmt":"2026-02-16T09:07:48","slug":"caja-ibericos-gourmet-surtido","status":"publish","type":"product","link":"https:\/\/sanchezalcaraz.com\/en\/product-2\/caja-ibericos-gourmet-surtido\/","title":{"rendered":"Caja Gourmet Ib\u00e9ricos Surtido"},"content":{"rendered":"<p><strong>Producto<\/strong><\/p>\n<p><strong>Caja Ib\u00e9ricos Gourmet<\/strong><br \/>\nUn surtido exquisito para disfrutar de la mejor selecci\u00f3n ib\u00e9rica:<\/p>\n<p>&nbsp;<\/p>\n<ul>\n<li><strong>Caja decorada<\/strong>.<\/li>\n<li><strong>Plato de Jam\u00f3n de Bellota Ib\u00e9rico 50% Raza Ib\u00e9rica, <\/strong>de 80 g. Envasado en atm\u00f3sfera.<\/li>\n<li><strong>Plato de Jam\u00f3n de Cebo Ib\u00e9rico 50% Raza Ib\u00e9rica, <\/strong>de 90 g. Envasado en atm\u00f3sfera.<\/li>\n<li><strong>Velita de Salchich\u00f3n Ib\u00e9rico<\/strong>, de 200 g.\u00a0 Envasado al vac\u00edo.<\/li>\n<li><strong>Velita de Chorizo Ib\u00e9rico<\/strong>, de 200 g. Envasado al vac\u00edo.<\/li>\n<li><strong>Lomito Ib\u00e9rico de Bellota<\/strong>, de 300 a 400 g. Envasado al vac\u00edo.<\/li>\n<\/ul>\n<p>&nbsp;<\/p>\n<p><strong>Sugerencia<\/strong><br \/>\nIdeal para regalar o disfrutar en familia o con amigos.<\/p>\n<p>&nbsp;<\/p>\n<p><strong>Consejos de consumo<\/strong><br \/>\nPara disfrutar adecuadamente de este producto, es recomendable sacar del envase los productos 30 minutos antes de consumirlos.<\/p>\n<p>&nbsp;<\/p>\n<p><strong>Sab\u00edas que\u2026<\/strong><br \/>\nEl lomito Ib\u00e9rico de Bellota se obtiene de la presa ib\u00e9rica y destaca por su jugosidad y delicadeza, gracias a la grasa infiltrada.<br \/>\nEn el caso del jam\u00f3n ib\u00e9rico, es una alta fuente de \u00e1cido oleico y aporta a nuestro organismo hierro, vitaminas y minerales esenciales.<\/p>\n<p>&nbsp;<\/p>\n<p><strong>Jam\u00f3n de Bellota Ib\u00e9rico 50% Raza Ib\u00e9rica<\/strong><\/p>\n<p>Ingredientes<\/p>\n<p>Jam\u00f3n de cerdo Ib\u00e9rico de bellota, sal, az\u00facares, conservantes (E 250, E 252) y antioxidante (E 301).<\/p>\n<table class=\"composicionProductos\" style=\"max-width: 400px;\">\n<tbody>\n<tr>\n<th>Composici\u00f3n<\/th>\n<th>Cantidad<\/th>\n<\/tr>\n<tr>\n<td>Valor Energ\u00e9tico<\/td>\n<td>1668kj\/406Kcal<\/td>\n<\/tr>\n<tr>\n<td>Grasas<\/td>\n<td>30g<\/td>\n<\/tr>\n<tr>\n<td>de las cuales saturadas<\/td>\n<td>11g<\/td>\n<\/tr>\n<tr>\n<td>Hidratos de Carbono<\/td>\n<td>1g<\/td>\n<\/tr>\n<tr>\n<td>de los cuales az\u00facares<\/td>\n<td>1g<\/td>\n<\/tr>\n<tr>\n<td>Prote\u00ednas<\/td>\n<td>33g<\/td>\n<\/tr>\n<tr>\n<td>Sal<\/td>\n<td>4,5g<\/td>\n<\/tr>\n<\/tbody>\n<\/table>\n<p>&nbsp;<\/p>\n<p><strong>Jam\u00f3n de Cebo Ib\u00e9rico 50% Raza Ib\u00e9rica<\/strong><\/p>\n<p>Ingredientes<\/p>\n<p>Jam\u00f3n de cerdo Ib\u00e9rico, sal, az\u00facares, conservantes (E 250, E 252) y antioxidante (E 301).<\/p>\n<table class=\"composicionProductos\" style=\"max-width: 400px;\">\n<tbody>\n<tr>\n<th>Composici\u00f3n<\/th>\n<th>Cantidad<\/th>\n<\/tr>\n<tr>\n<td>Valor Energ\u00e9tico<\/td>\n<td>1361kj\/322Kcal<\/td>\n<\/tr>\n<tr>\n<td>Grasas<\/td>\n<td>22g<\/td>\n<\/tr>\n<tr>\n<td>de las cuales saturadas<\/td>\n<td>9g<\/td>\n<\/tr>\n<tr>\n<td>Hidratos de Carbono<\/td>\n<td>1g<\/td>\n<\/tr>\n<tr>\n<td>de los cuales az\u00facares<\/td>\n<td>1g<\/td>\n<\/tr>\n<tr>\n<td>Prote\u00ednas<\/td>\n<td>30g<\/td>\n<\/tr>\n<tr>\n<td>Sal<\/td>\n<td>5g<\/td>\n<\/tr>\n<\/tbody>\n<\/table>\n<p>&nbsp;<\/p>\n<p><strong>Lomito Ib\u00e9rico de Bellota<\/strong><\/p>\n<p>Ingredientes<\/p>\n<p>Presa de cerdo ib\u00e9rico de bellota, sal, piment\u00f3n, prote\u00edna de guisante, dextrosa, especias, antioxidante (E 301), aroma de ajo y conservador (E 250).<\/p>\n<table class=\"composicionProductos\" style=\"max-width: 400px;\">\n<tbody>\n<tr>\n<th>Composici\u00f3n<\/th>\n<th>Cantidad<\/th>\n<\/tr>\n<tr>\n<td>Valor Energ\u00e9tico<\/td>\n<td>1154kj\/275,3Kcal<\/td>\n<\/tr>\n<tr>\n<td>Grasas<\/td>\n<td>12,8g<\/td>\n<\/tr>\n<tr>\n<td>de las cuales saturadas<\/td>\n<td>4,2g<\/td>\n<\/tr>\n<tr>\n<td>Hidratos de Carbono<\/td>\n<td>0,6g<\/td>\n<\/tr>\n<tr>\n<td>de los cuales az\u00facares<\/td>\n<td>0,6g<\/td>\n<\/tr>\n<tr>\n<td>Prote\u00ednas<\/td>\n<td>39,4g<\/td>\n<\/tr>\n<tr>\n<td>Sal<\/td>\n<td>4,04g<\/td>\n<\/tr>\n<\/tbody>\n<\/table>\n<p>&nbsp;<\/p>\n<p><strong>Velita de Salchich\u00f3n Ib\u00e9rico<\/strong><\/p>\n<p>Ingredientes<\/p>\n<p>Magro de cerdo ib\u00e9rico, sal, dextrina, prote\u00edna de guisante, especias, dextrosa, colorante natural de remolacha (E 162), emulgente (E 452i), antioxidante (E 301), conservante (E 250).<\/p>\n<table class=\"composicionProductos\" style=\"max-width: 400px;\">\n<tbody>\n<tr>\n<th>Composici\u00f3n<\/th>\n<th>Cantidad<\/th>\n<\/tr>\n<tr>\n<td>Valor Energ\u00e9tico<\/td>\n<td>1961kj\/473Kcal<\/td>\n<\/tr>\n<tr>\n<td>Grasas<\/td>\n<td>\u00a039,5g<\/td>\n<\/tr>\n<tr>\n<td>de las cuales saturadas<\/td>\n<td>\u00a015,8g<\/td>\n<\/tr>\n<tr>\n<td>Hidratos de Carbono<\/td>\n<td>3,5g<\/td>\n<\/tr>\n<tr>\n<td>de los cuales az\u00facares<\/td>\n<td>0,5g<\/td>\n<\/tr>\n<tr>\n<td>Prote\u00ednas<\/td>\n<td>\u00a025,9g<\/td>\n<\/tr>\n<tr>\n<td>Sal<\/td>\n<td>3,5g<\/td>\n<\/tr>\n<\/tbody>\n<\/table>\n<p>&nbsp;<\/p>\n<p><strong>Velita de Chorizo Ib\u00e9rico<\/strong><\/p>\n<p>Ingredientes<\/p>\n<p>Magro de cerdo ib\u00e9rico, sal, piment\u00f3n, prote\u00edna de guisante, dextrina, dextrosa, especias, emulgente (E 452i), antioxidante (E 301) y conservador (E-250).<\/p>\n<table class=\"composicionProductos\" style=\"max-width: 400px;\">\n<tbody>\n<tr>\n<th>Composici\u00f3n<\/th>\n<th>Cantidad<\/th>\n<\/tr>\n<tr>\n<td>Valor Energ\u00e9tico<\/td>\n<td>1824kj\/442Kcal<\/td>\n<\/tr>\n<tr>\n<td>Grasas<\/td>\n<td>37,2g<\/td>\n<\/tr>\n<tr>\n<td>de las cuales saturadas<\/td>\n<td>16,3g<\/td>\n<\/tr>\n<tr>\n<td>Hidratos de Carbono<\/td>\n<td>0,5g<\/td>\n<\/tr>\n<tr>\n<td>de los cuales az\u00facares<\/td>\n<td>0,5g<\/td>\n<\/tr>\n<tr>\n<td>Prote\u00ednas<\/td>\n<td>26,2g<\/td>\n<\/tr>\n<tr>\n<td>Sal<\/td>\n<td>3,72g<\/td>\n<\/tr>\n<\/tbody>\n<\/table>","protected":false},"excerpt":{"rendered":"<p>El lote surtido gourmet de S\u00e1nchez Alcaraz est\u00e1 compuesto por:<\/p>\n<p>&nbsp;<\/p>\n<ul>\n<li><strong>Caja decorada<\/strong>, ideal para sorprender y regalar.<\/li>\n<li><strong>Plato de Tapas Jam\u00f3n de Bellota Ib\u00e9rico 50% Raza Ib\u00e9rica, <\/strong>cortado en c\u00f3modas tapas perfecto para disfrutar al momento. Envasado en atm\u00f3sfera para conservar su sabor y textura \u00fanicos.<\/li>\n<li><strong>Plato de Tapas Jam\u00f3n de Cebo Ib\u00e9rico 50% Raza Ib\u00e9rica, <\/strong>cortado en c\u00f3modas tapas perfecto para disfrutar al momento. Envasado en atm\u00f3sfera para conservar su sabor y textura \u00fanicos.<\/li>\n<li><strong>Velita de Salchich\u00f3n Ib\u00e9rico<\/strong>, elaborado con la mejor selecci\u00f3n de magro y especias naturales.<\/li>\n<li><strong>Velita de Chorizo Ib\u00e9rico<\/strong>, de sabor intenso gracias al piment\u00f3n y la carne de bellota.<\/li>\n<li><strong>Lomito Ib\u00e9rico de Bellota<\/strong>, el gran desconocido de la tradici\u00f3n extreme\u00f1a.<\/li>\n<\/ul>\n<p>&nbsp;<\/p>\n<p>Disfruta de la mejor selecci\u00f3n de ib\u00e9ricos de S\u00e1nchez Alcaraz, donde los productos de raza ib\u00e9rica provienen de animales seleccionados, criados y alimentados de manera tradicional.<\/p>\n<p>&nbsp;<\/p>\n<p>Pasan por las fases de salaz\u00f3n y secado en condiciones \u00f3ptimas y su curaci\u00f3n es lenta y larga mejorando la textura y el sabor con respecto a los jamones de curaci\u00f3n corta.<\/p>\n<p>&nbsp;<\/p>\n<p>En relaci\u00f3n al lomito proviene de la presa del cerdo ib\u00e9rico destacando su jugosidad, infiltraci\u00f3n y sabor intenso.<\/p>\n<p>&nbsp;<\/p>\n<p class=\"translation-block\">The certification of the Ib\u00e9rico national regulation guarantees the quality of our Iberian products.<\/p>\n<p>&nbsp;<\/p>\n<p><strong>Precio: 83,69 \u20ac\/kg<\/strong><\/p>","protected":false},"featured_media":7821,"template":"","meta":[],"product_brand":[],"product_cat":[46,45,22],"product_tag":[],"class_list":{"0":"post-7820","1":"product","2":"type-product","3":"status-publish","4":"has-post-thumbnail","6":"product_cat-navidad","7":"product_cat-novedades","8":"product_cat-regalos","10":"first","11":"instock","12":"shipping-taxable","13":"purchasable","14":"product-type-simple"},"yoast_head":"<!-- This site is optimized with the Yoast SEO plugin v24.3 - https:\/\/yoast.com\/wordpress\/plugins\/seo\/ -->\n<title>Caja Gourmet Surtido Online - Pack de Jam\u00f3n y Embutidos<\/title>\n<meta name=\"description\" content=\"Prueba nuestros productos de calidad garantizada por m\u00e1s de dos generaciones de especialistas en la producci\u00f3n de jam\u00f3n y embutidos.\" \/>\n<meta name=\"robots\" content=\"index, follow, max-snippet:-1, max-image-preview:large, max-video-preview:-1\" \/>\n<link rel=\"canonical\" href=\"https:\/\/sanchezalcaraz.com\/en\/product-2\/caja-ibericos-gourmet-surtido\/\" \/>\n<meta property=\"og:locale\" content=\"en_GB\" \/>\n<meta property=\"og:type\" content=\"article\" \/>\n<meta property=\"og:title\" content=\"Caja Gourmet Surtido Online - Pack de Jam\u00f3n y Embutidos\" \/>\n<meta property=\"og:description\" content=\"Prueba nuestros productos de calidad garantizada por m\u00e1s de dos generaciones de especialistas en la producci\u00f3n de jam\u00f3n y embutidos.\" \/>\n<meta property=\"og:url\" content=\"https:\/\/sanchezalcaraz.com\/en\/product-2\/caja-ibericos-gourmet-surtido\/\" \/>\n<meta property=\"og:site_name\" content=\"Sanchez Alcaraz\" \/>\n<meta property=\"article:publisher\" content=\"https:\/\/www.facebook.com\/SanchezAlcarazJamones\/\" \/>\n<meta property=\"article:modified_time\" content=\"2026-02-16T09:07:48+00:00\" \/>\n<meta property=\"og:image\" content=\"https:\/\/sanchezalcaraz.com\/wp-content\/uploads\/2025\/01\/CAJA-SURTIDA-scaled.webp\" \/>\n\t<meta property=\"og:image:width\" content=\"1920\" \/>\n\t<meta property=\"og:image:height\" content=\"2560\" \/>\n\t<meta property=\"og:image:type\" content=\"image\/webp\" \/>\n<meta name=\"twitter:card\" content=\"summary_large_image\" \/>\n<meta name=\"twitter:site\" content=\"@sanchezalcaraz_\" \/>\n<meta name=\"twitter:label1\" content=\"Estimated reading time\" \/>\n\t<meta name=\"twitter:data1\" content=\"3 minutes\" \/>\n<script type=\"application\/ld+json\" class=\"yoast-schema-graph\">{\"@context\":\"https:\/\/schema.org\",\"@graph\":[{\"@type\":\"WebPage\",\"@id\":\"https:\/\/sanchezalcaraz.com\/producto\/caja-ibericos-gourmet-surtido\/\",\"url\":\"https:\/\/sanchezalcaraz.com\/producto\/caja-ibericos-gourmet-surtido\/\",\"name\":\"Caja Gourmet Surtido Online - Pack de Jam\u00f3n y Embutidos\",\"isPartOf\":{\"@id\":\"https:\/\/sanchezalcaraz.com\/#website\"},\"primaryImageOfPage\":{\"@id\":\"https:\/\/sanchezalcaraz.com\/producto\/caja-ibericos-gourmet-surtido\/#primaryimage\"},\"image\":{\"@id\":\"https:\/\/sanchezalcaraz.com\/producto\/caja-ibericos-gourmet-surtido\/#primaryimage\"},\"thumbnailUrl\":\"https:\/\/sanchezalcaraz.com\/wp-content\/uploads\/2025\/01\/CAJA-SURTIDA-scaled.webp\",\"datePublished\":\"2025-01-23T07:17:59+00:00\",\"dateModified\":\"2026-02-16T09:07:48+00:00\",\"description\":\"Prueba nuestros productos de calidad garantizada por m\u00e1s de dos generaciones de especialistas en la producci\u00f3n de jam\u00f3n y embutidos.\",\"breadcrumb\":{\"@id\":\"https:\/\/sanchezalcaraz.com\/producto\/caja-ibericos-gourmet-surtido\/#breadcrumb\"},\"inLanguage\":\"en-GB\",\"potentialAction\":[{\"@type\":\"ReadAction\",\"target\":[\"https:\/\/sanchezalcaraz.com\/producto\/caja-ibericos-gourmet-surtido\/\"]}]},{\"@type\":\"ImageObject\",\"inLanguage\":\"en-GB\",\"@id\":\"https:\/\/sanchezalcaraz.com\/producto\/caja-ibericos-gourmet-surtido\/#primaryimage\",\"url\":\"https:\/\/sanchezalcaraz.com\/wp-content\/uploads\/2025\/01\/CAJA-SURTIDA-scaled.webp\",\"contentUrl\":\"https:\/\/sanchezalcaraz.com\/wp-content\/uploads\/2025\/01\/CAJA-SURTIDA-scaled.webp\",\"width\":1920,\"height\":2560},{\"@type\":\"BreadcrumbList\",\"@id\":\"https:\/\/sanchezalcaraz.com\/producto\/caja-ibericos-gourmet-surtido\/#breadcrumb\",\"itemListElement\":[{\"@type\":\"ListItem\",\"position\":1,\"name\":\"Portada\",\"item\":\"https:\/\/sanchezalcaraz.com\/\"},{\"@type\":\"ListItem\",\"position\":2,\"name\":\"Tienda\",\"item\":\"https:\/\/sanchezalcaraz.com\/tienda\/\"},{\"@type\":\"ListItem\",\"position\":3,\"name\":\"Caja Gourmet Ib\u00e9ricos Surtido\"}]},{\"@type\":\"WebSite\",\"@id\":\"https:\/\/sanchezalcaraz.com\/#website\",\"url\":\"https:\/\/sanchezalcaraz.com\/\",\"name\":\"Sanchez Alcaraz\",\"description\":\"\",\"publisher\":{\"@id\":\"https:\/\/sanchezalcaraz.com\/#organization\"},\"potentialAction\":[{\"@type\":\"SearchAction\",\"target\":{\"@type\":\"EntryPoint\",\"urlTemplate\":\"https:\/\/sanchezalcaraz.com\/?s={search_term_string}\"},\"query-input\":{\"@type\":\"PropertyValueSpecification\",\"valueRequired\":true,\"valueName\":\"search_term_string\"}}],\"inLanguage\":\"en-GB\"},{\"@type\":\"Organization\",\"@id\":\"https:\/\/sanchezalcaraz.com\/#organization\",\"name\":\"S\u00e1nchez Alcaraz\",\"url\":\"https:\/\/sanchezalcaraz.com\/\",\"logo\":{\"@type\":\"ImageObject\",\"inLanguage\":\"en-GB\",\"@id\":\"https:\/\/sanchezalcaraz.com\/#\/schema\/logo\/image\/\",\"url\":\"https:\/\/sanchezalcaraz.com\/wp-content\/uploads\/2023\/04\/cabecera-sanchez-alcaraz-logo-nuevo.jpg\",\"contentUrl\":\"https:\/\/sanchezalcaraz.com\/wp-content\/uploads\/2023\/04\/cabecera-sanchez-alcaraz-logo-nuevo.jpg\",\"width\":900,\"height\":600,\"caption\":\"S\u00e1nchez Alcaraz\"},\"image\":{\"@id\":\"https:\/\/sanchezalcaraz.com\/#\/schema\/logo\/image\/\"},\"sameAs\":[\"https:\/\/www.facebook.com\/SanchezAlcarazJamones\/\",\"https:\/\/x.com\/sanchezalcaraz_\",\"https:\/\/www.instagram.com\/sanchez_alcaraz\/\"]}]}<\/script>\n<!-- \/ Yoast SEO plugin. -->","yoast_head_json":{"title":"Caja Gourmet Surtido Online - Pack de Jam\u00f3n y Embutidos","description":"Prueba nuestros productos de calidad garantizada por m\u00e1s de dos generaciones de especialistas en la producci\u00f3n de jam\u00f3n y embutidos.","robots":{"index":"index","follow":"follow","max-snippet":"max-snippet:-1","max-image-preview":"max-image-preview:large","max-video-preview":"max-video-preview:-1"},"canonical":"https:\/\/sanchezalcaraz.com\/en\/product-2\/caja-ibericos-gourmet-surtido\/","og_locale":"en_GB","og_type":"article","og_title":"Caja Gourmet Surtido Online - Pack de Jam\u00f3n y Embutidos","og_description":"Prueba nuestros productos de calidad garantizada por m\u00e1s de dos generaciones de especialistas en la producci\u00f3n de jam\u00f3n y embutidos.","og_url":"https:\/\/sanchezalcaraz.com\/en\/product-2\/caja-ibericos-gourmet-surtido\/","og_site_name":"Sanchez Alcaraz","article_publisher":"https:\/\/www.facebook.com\/SanchezAlcarazJamones\/","article_modified_time":"2026-02-16T09:07:48+00:00","og_image":[{"width":1920,"height":2560,"url":"https:\/\/sanchezalcaraz.com\/wp-content\/uploads\/2025\/01\/CAJA-SURTIDA-scaled.webp","type":"image\/webp"}],"twitter_card":"summary_large_image","twitter_site":"@sanchezalcaraz_","twitter_misc":{"Estimated reading time":"3 minutes"},"schema":{"@context":"https:\/\/schema.org","@graph":[{"@type":"WebPage","@id":"https:\/\/sanchezalcaraz.com\/producto\/caja-ibericos-gourmet-surtido\/","url":"https:\/\/sanchezalcaraz.com\/producto\/caja-ibericos-gourmet-surtido\/","name":"Caja Gourmet Surtido Online - Pack de Jam\u00f3n y Embutidos","isPartOf":{"@id":"https:\/\/sanchezalcaraz.com\/#website"},"primaryImageOfPage":{"@id":"https:\/\/sanchezalcaraz.com\/producto\/caja-ibericos-gourmet-surtido\/#primaryimage"},"image":{"@id":"https:\/\/sanchezalcaraz.com\/producto\/caja-ibericos-gourmet-surtido\/#primaryimage"},"thumbnailUrl":"https:\/\/sanchezalcaraz.com\/wp-content\/uploads\/2025\/01\/CAJA-SURTIDA-scaled.webp","datePublished":"2025-01-23T07:17:59+00:00","dateModified":"2026-02-16T09:07:48+00:00","description":"Prueba nuestros productos de calidad garantizada por m\u00e1s de dos generaciones de especialistas en la producci\u00f3n de jam\u00f3n y embutidos.","breadcrumb":{"@id":"https:\/\/sanchezalcaraz.com\/producto\/caja-ibericos-gourmet-surtido\/#breadcrumb"},"inLanguage":"en-GB","potentialAction":[{"@type":"ReadAction","target":["https:\/\/sanchezalcaraz.com\/producto\/caja-ibericos-gourmet-surtido\/"]}]},{"@type":"ImageObject","inLanguage":"en-GB","@id":"https:\/\/sanchezalcaraz.com\/producto\/caja-ibericos-gourmet-surtido\/#primaryimage","url":"https:\/\/sanchezalcaraz.com\/wp-content\/uploads\/2025\/01\/CAJA-SURTIDA-scaled.webp","contentUrl":"https:\/\/sanchezalcaraz.com\/wp-content\/uploads\/2025\/01\/CAJA-SURTIDA-scaled.webp","width":1920,"height":2560},{"@type":"BreadcrumbList","@id":"https:\/\/sanchezalcaraz.com\/producto\/caja-ibericos-gourmet-surtido\/#breadcrumb","itemListElement":[{"@type":"ListItem","position":1,"name":"Portada","item":"https:\/\/sanchezalcaraz.com\/"},{"@type":"ListItem","position":2,"name":"Tienda","item":"https:\/\/sanchezalcaraz.com\/tienda\/"},{"@type":"ListItem","position":3,"name":"Caja Gourmet Ib\u00e9ricos Surtido"}]},{"@type":"WebSite","@id":"https:\/\/sanchezalcaraz.com\/#website","url":"https:\/\/sanchezalcaraz.com\/","name":"Sanchez Alcaraz","description":"","publisher":{"@id":"https:\/\/sanchezalcaraz.com\/#organization"},"potentialAction":[{"@type":"SearchAction","target":{"@type":"EntryPoint","urlTemplate":"https:\/\/sanchezalcaraz.com\/?s={search_term_string}"},"query-input":{"@type":"PropertyValueSpecification","valueRequired":true,"valueName":"search_term_string"}}],"inLanguage":"en-GB"},{"@type":"Organization","@id":"https:\/\/sanchezalcaraz.com\/#organization","name":"S\u00e1nchez Alcaraz","url":"https:\/\/sanchezalcaraz.com\/","logo":{"@type":"ImageObject","inLanguage":"en-GB","@id":"https:\/\/sanchezalcaraz.com\/#\/schema\/logo\/image\/","url":"https:\/\/sanchezalcaraz.com\/wp-content\/uploads\/2023\/04\/cabecera-sanchez-alcaraz-logo-nuevo.jpg","contentUrl":"https:\/\/sanchezalcaraz.com\/wp-content\/uploads\/2023\/04\/cabecera-sanchez-alcaraz-logo-nuevo.jpg","width":900,"height":600,"caption":"S\u00e1nchez Alcaraz"},"image":{"@id":"https:\/\/sanchezalcaraz.com\/#\/schema\/logo\/image\/"},"sameAs":["https:\/\/www.facebook.com\/SanchezAlcarazJamones\/","https:\/\/x.com\/sanchezalcaraz_","https:\/\/www.instagram.com\/sanchez_alcaraz\/"]}]}},"_links":{"self":[{"href":"https:\/\/sanchezalcaraz.com\/en\/wp-json\/wp\/v2\/product\/7820","targetHints":{"allow":["GET"]}}],"collection":[{"href":"https:\/\/sanchezalcaraz.com\/en\/wp-json\/wp\/v2\/product"}],"about":[{"href":"https:\/\/sanchezalcaraz.com\/en\/wp-json\/wp\/v2\/types\/product"}],"wp:featuredmedia":[{"embeddable":true,"href":"https:\/\/sanchezalcaraz.com\/en\/wp-json\/wp\/v2\/media\/7821"}],"wp:attachment":[{"href":"https:\/\/sanchezalcaraz.com\/en\/wp-json\/wp\/v2\/media?parent=7820"}],"wp:term":[{"taxonomy":"product_brand","embeddable":true,"href":"https:\/\/sanchezalcaraz.com\/en\/wp-json\/wp\/v2\/product_brand?post=7820"},{"taxonomy":"product_cat","embeddable":true,"href":"https:\/\/sanchezalcaraz.com\/en\/wp-json\/wp\/v2\/product_cat?post=7820"},{"taxonomy":"product_tag","embeddable":true,"href":"https:\/\/sanchezalcaraz.com\/en\/wp-json\/wp\/v2\/product_tag?post=7820"}],"curies":[{"name":"wp","href":"https:\/\/api.w.org\/{rel}","templated":true}]}}