{"id":4471,"date":"2023-01-31T15:58:40","date_gmt":"2023-01-31T14:58:40","guid":{"rendered":"https:\/\/sanchezalcaraz.com\/?post_type=product&#038;p=4471"},"modified":"2023-01-31T16:09:17","modified_gmt":"2023-01-31T15:09:17","slug":"set-tabla-y-cuchillo-de-embutidos","status":"publish","type":"product","link":"https:\/\/sanchezalcaraz.com\/en\/product-2\/set-tabla-y-cuchillo-de-embutidos\/","title":{"rendered":"Set tabla y cuchillo de embutidos"},"content":{"rendered":"<p class=\"descripcionLargaProducto\"><span class=\"tituloDescripcionLarga\">Producto<\/span><br \/>\n<span class=\"subtituloDescripcionLarga\">Set cuchillo fiambrero con tabla de madera de pino efecto quemado.<\/span><\/p>\n<p class=\"descripcionLargaProducto\"><span class=\"tituloDescripcionLarga\">Material<\/span><br \/>\n<span class=\"subtituloDescripcionLarga\">Tabla de madera de pino y cuchillo de hoja de acero inoxidable AISI 420.<\/p>\n<p class=\"descripcionLargaProducto\"><span class=\"tituloDescripcionLarga\">Medidas<\/span><br \/>\n<span class=\"subtituloDescripcionLarga\">Cuchillo de 17 cm de hoja, chaira de 20 cm con mango de 12 cm y tabla de 38 cm de largo x 16 cm de ancho x 1,7 de alto ideal para cortar tus piezas de embutido.<\/p>\n<p class=\"descripcionLargaProducto\"><span class=\"tituloDescripcionLarga\">Sab\u00edas que&#8230;<\/span><br \/>\n<span class=\"subtituloDescripcionLarga\">A la hora de cortar piezas de embutido, el grosor de la loncha var\u00eda seg\u00fan el gusto del comensal. Nosotros recomendamos cortar nuestro embutido fino para degustar a\u00fan m\u00e1s su excelente sabor. Para facilitar el corte podemos retirar antes parte de la piel del embutido para facilitar su consumo.<\/p>","protected":false},"excerpt":{"rendered":"<p class=\"descripcionCortaProducto parrafoCero\">Tabla de cortar fabricada con madera de pino perfecta tanto para cortar las piezas de embutido como para presentar el producto gracias al efecto quemado de la tabla.<\/p>\n<p class=\"descripcionCortaProducto parrafoCero\">El set se completa con un cuchillo fiambrero con hoja de acero inoxidable de gran calidad.<\/p>\n<p class=\"descripcionCortaProducto parrafoCero\">Ideal para cortar nuestro chorizo, salchich\u00f3n y lomo ib\u00e9ricos.<\/p>","protected":false},"featured_media":4472,"template":"","meta":[],"product_brand":[],"product_cat":[47],"product_tag":[],"class_list":{"0":"post-4471","1":"product","2":"type-product","3":"status-publish","4":"has-post-thumbnail","6":"product_cat-accesorios","8":"first","9":"instock","10":"shipping-taxable","11":"purchasable","12":"product-type-simple"},"yoast_head":"<!-- This site is optimized with the Yoast SEO plugin v24.3 - https:\/\/yoast.com\/wordpress\/plugins\/seo\/ -->\n<title>Set tabla y cuchillo de embutidos<\/title>\n<meta name=\"description\" content=\"Cuando hablamos de jam\u00f3n y paleta no podemos olvidar a nuestro gran aliado: el cuchillo jamonero.\" \/>\n<meta name=\"robots\" content=\"index, follow, max-snippet:-1, max-image-preview:large, max-video-preview:-1\" \/>\n<link rel=\"canonical\" href=\"https:\/\/sanchezalcaraz.com\/en\/product-2\/set-tabla-y-cuchillo-de-embutidos\/\" \/>\n<meta property=\"og:locale\" content=\"en_GB\" \/>\n<meta property=\"og:type\" content=\"article\" \/>\n<meta property=\"og:title\" content=\"Set tabla y cuchillo de embutidos\" \/>\n<meta property=\"og:description\" content=\"Cuando hablamos de jam\u00f3n y paleta no podemos olvidar a nuestro gran aliado: el cuchillo jamonero.\" \/>\n<meta property=\"og:url\" content=\"https:\/\/sanchezalcaraz.com\/en\/product-2\/set-tabla-y-cuchillo-de-embutidos\/\" \/>\n<meta property=\"og:site_name\" content=\"Sanchez Alcaraz\" \/>\n<meta property=\"article:publisher\" content=\"https:\/\/www.facebook.com\/SanchezAlcarazJamones\/\" \/>\n<meta property=\"article:modified_time\" content=\"2023-01-31T15:09:17+00:00\" \/>\n<meta property=\"og:image\" content=\"https:\/\/sanchezalcaraz.com\/wp-content\/uploads\/2023\/01\/Set-tabla-y-cuchillo-de-embutidos.jpg\" \/>\n\t<meta property=\"og:image:width\" content=\"800\" \/>\n\t<meta property=\"og:image:height\" content=\"960\" \/>\n\t<meta property=\"og:image:type\" content=\"image\/jpeg\" \/>\n<meta name=\"twitter:card\" content=\"summary_large_image\" \/>\n<meta name=\"twitter:site\" content=\"@sanchezalcaraz_\" \/>\n<meta name=\"twitter:label1\" content=\"Estimated reading time\" \/>\n\t<meta name=\"twitter:data1\" content=\"1 minute\" \/>\n<script type=\"application\/ld+json\" class=\"yoast-schema-graph\">{\"@context\":\"https:\/\/schema.org\",\"@graph\":[{\"@type\":\"WebPage\",\"@id\":\"https:\/\/sanchezalcaraz.com\/producto\/set-tabla-y-cuchillo-de-embutidos\/\",\"url\":\"https:\/\/sanchezalcaraz.com\/producto\/set-tabla-y-cuchillo-de-embutidos\/\",\"name\":\"Set tabla y cuchillo de embutidos\",\"isPartOf\":{\"@id\":\"https:\/\/sanchezalcaraz.com\/#website\"},\"primaryImageOfPage\":{\"@id\":\"https:\/\/sanchezalcaraz.com\/producto\/set-tabla-y-cuchillo-de-embutidos\/#primaryimage\"},\"image\":{\"@id\":\"https:\/\/sanchezalcaraz.com\/producto\/set-tabla-y-cuchillo-de-embutidos\/#primaryimage\"},\"thumbnailUrl\":\"https:\/\/sanchezalcaraz.com\/wp-content\/uploads\/2023\/01\/Set-tabla-y-cuchillo-de-embutidos.jpg\",\"datePublished\":\"2023-01-31T14:58:40+00:00\",\"dateModified\":\"2023-01-31T15:09:17+00:00\",\"description\":\"Cuando hablamos de jam\u00f3n y paleta no podemos olvidar a nuestro gran aliado: el cuchillo jamonero.\",\"breadcrumb\":{\"@id\":\"https:\/\/sanchezalcaraz.com\/producto\/set-tabla-y-cuchillo-de-embutidos\/#breadcrumb\"},\"inLanguage\":\"en-GB\",\"potentialAction\":[{\"@type\":\"ReadAction\",\"target\":[\"https:\/\/sanchezalcaraz.com\/producto\/set-tabla-y-cuchillo-de-embutidos\/\"]}]},{\"@type\":\"ImageObject\",\"inLanguage\":\"en-GB\",\"@id\":\"https:\/\/sanchezalcaraz.com\/producto\/set-tabla-y-cuchillo-de-embutidos\/#primaryimage\",\"url\":\"https:\/\/sanchezalcaraz.com\/wp-content\/uploads\/2023\/01\/Set-tabla-y-cuchillo-de-embutidos.jpg\",\"contentUrl\":\"https:\/\/sanchezalcaraz.com\/wp-content\/uploads\/2023\/01\/Set-tabla-y-cuchillo-de-embutidos.jpg\",\"width\":800,\"height\":960,\"caption\":\"Set tabla y cuchillo de embutidos\"},{\"@type\":\"BreadcrumbList\",\"@id\":\"https:\/\/sanchezalcaraz.com\/producto\/set-tabla-y-cuchillo-de-embutidos\/#breadcrumb\",\"itemListElement\":[{\"@type\":\"ListItem\",\"position\":1,\"name\":\"Portada\",\"item\":\"https:\/\/sanchezalcaraz.com\/\"},{\"@type\":\"ListItem\",\"position\":2,\"name\":\"Tienda\",\"item\":\"https:\/\/sanchezalcaraz.com\/tienda\/\"},{\"@type\":\"ListItem\",\"position\":3,\"name\":\"Set tabla y cuchillo de embutidos\"}]},{\"@type\":\"WebSite\",\"@id\":\"https:\/\/sanchezalcaraz.com\/#website\",\"url\":\"https:\/\/sanchezalcaraz.com\/\",\"name\":\"Sanchez Alcaraz\",\"description\":\"\",\"publisher\":{\"@id\":\"https:\/\/sanchezalcaraz.com\/#organization\"},\"potentialAction\":[{\"@type\":\"SearchAction\",\"target\":{\"@type\":\"EntryPoint\",\"urlTemplate\":\"https:\/\/sanchezalcaraz.com\/?s={search_term_string}\"},\"query-input\":{\"@type\":\"PropertyValueSpecification\",\"valueRequired\":true,\"valueName\":\"search_term_string\"}}],\"inLanguage\":\"en-GB\"},{\"@type\":\"Organization\",\"@id\":\"https:\/\/sanchezalcaraz.com\/#organization\",\"name\":\"S\u00e1nchez Alcaraz\",\"url\":\"https:\/\/sanchezalcaraz.com\/\",\"logo\":{\"@type\":\"ImageObject\",\"inLanguage\":\"en-GB\",\"@id\":\"https:\/\/sanchezalcaraz.com\/#\/schema\/logo\/image\/\",\"url\":\"https:\/\/sanchezalcaraz.com\/wp-content\/uploads\/2023\/04\/cabecera-sanchez-alcaraz-logo-nuevo.jpg\",\"contentUrl\":\"https:\/\/sanchezalcaraz.com\/wp-content\/uploads\/2023\/04\/cabecera-sanchez-alcaraz-logo-nuevo.jpg\",\"width\":900,\"height\":600,\"caption\":\"S\u00e1nchez Alcaraz\"},\"image\":{\"@id\":\"https:\/\/sanchezalcaraz.com\/#\/schema\/logo\/image\/\"},\"sameAs\":[\"https:\/\/www.facebook.com\/SanchezAlcarazJamones\/\",\"https:\/\/x.com\/sanchezalcaraz_\",\"https:\/\/www.instagram.com\/sanchez_alcaraz\/\"]}]}<\/script>\n<!-- \/ Yoast SEO plugin. -->","yoast_head_json":{"title":"Set tabla y cuchillo de embutidos","description":"Cuando hablamos de jam\u00f3n y paleta no podemos olvidar a nuestro gran aliado: el cuchillo jamonero.","robots":{"index":"index","follow":"follow","max-snippet":"max-snippet:-1","max-image-preview":"max-image-preview:large","max-video-preview":"max-video-preview:-1"},"canonical":"https:\/\/sanchezalcaraz.com\/en\/product-2\/set-tabla-y-cuchillo-de-embutidos\/","og_locale":"en_GB","og_type":"article","og_title":"Set tabla y cuchillo de embutidos","og_description":"Cuando hablamos de jam\u00f3n y paleta no podemos olvidar a nuestro gran aliado: el cuchillo jamonero.","og_url":"https:\/\/sanchezalcaraz.com\/en\/product-2\/set-tabla-y-cuchillo-de-embutidos\/","og_site_name":"Sanchez Alcaraz","article_publisher":"https:\/\/www.facebook.com\/SanchezAlcarazJamones\/","article_modified_time":"2023-01-31T15:09:17+00:00","og_image":[{"width":800,"height":960,"url":"https:\/\/sanchezalcaraz.com\/wp-content\/uploads\/2023\/01\/Set-tabla-y-cuchillo-de-embutidos.jpg","type":"image\/jpeg"}],"twitter_card":"summary_large_image","twitter_site":"@sanchezalcaraz_","twitter_misc":{"Estimated reading time":"1 minute"},"schema":{"@context":"https:\/\/schema.org","@graph":[{"@type":"WebPage","@id":"https:\/\/sanchezalcaraz.com\/producto\/set-tabla-y-cuchillo-de-embutidos\/","url":"https:\/\/sanchezalcaraz.com\/producto\/set-tabla-y-cuchillo-de-embutidos\/","name":"Set tabla y cuchillo de embutidos","isPartOf":{"@id":"https:\/\/sanchezalcaraz.com\/#website"},"primaryImageOfPage":{"@id":"https:\/\/sanchezalcaraz.com\/producto\/set-tabla-y-cuchillo-de-embutidos\/#primaryimage"},"image":{"@id":"https:\/\/sanchezalcaraz.com\/producto\/set-tabla-y-cuchillo-de-embutidos\/#primaryimage"},"thumbnailUrl":"https:\/\/sanchezalcaraz.com\/wp-content\/uploads\/2023\/01\/Set-tabla-y-cuchillo-de-embutidos.jpg","datePublished":"2023-01-31T14:58:40+00:00","dateModified":"2023-01-31T15:09:17+00:00","description":"Cuando hablamos de jam\u00f3n y paleta no podemos olvidar a nuestro gran aliado: el cuchillo jamonero.","breadcrumb":{"@id":"https:\/\/sanchezalcaraz.com\/producto\/set-tabla-y-cuchillo-de-embutidos\/#breadcrumb"},"inLanguage":"en-GB","potentialAction":[{"@type":"ReadAction","target":["https:\/\/sanchezalcaraz.com\/producto\/set-tabla-y-cuchillo-de-embutidos\/"]}]},{"@type":"ImageObject","inLanguage":"en-GB","@id":"https:\/\/sanchezalcaraz.com\/producto\/set-tabla-y-cuchillo-de-embutidos\/#primaryimage","url":"https:\/\/sanchezalcaraz.com\/wp-content\/uploads\/2023\/01\/Set-tabla-y-cuchillo-de-embutidos.jpg","contentUrl":"https:\/\/sanchezalcaraz.com\/wp-content\/uploads\/2023\/01\/Set-tabla-y-cuchillo-de-embutidos.jpg","width":800,"height":960,"caption":"Set tabla y cuchillo de embutidos"},{"@type":"BreadcrumbList","@id":"https:\/\/sanchezalcaraz.com\/producto\/set-tabla-y-cuchillo-de-embutidos\/#breadcrumb","itemListElement":[{"@type":"ListItem","position":1,"name":"Portada","item":"https:\/\/sanchezalcaraz.com\/"},{"@type":"ListItem","position":2,"name":"Tienda","item":"https:\/\/sanchezalcaraz.com\/tienda\/"},{"@type":"ListItem","position":3,"name":"Set tabla y cuchillo de embutidos"}]},{"@type":"WebSite","@id":"https:\/\/sanchezalcaraz.com\/#website","url":"https:\/\/sanchezalcaraz.com\/","name":"Sanchez Alcaraz","description":"","publisher":{"@id":"https:\/\/sanchezalcaraz.com\/#organization"},"potentialAction":[{"@type":"SearchAction","target":{"@type":"EntryPoint","urlTemplate":"https:\/\/sanchezalcaraz.com\/?s={search_term_string}"},"query-input":{"@type":"PropertyValueSpecification","valueRequired":true,"valueName":"search_term_string"}}],"inLanguage":"en-GB"},{"@type":"Organization","@id":"https:\/\/sanchezalcaraz.com\/#organization","name":"S\u00e1nchez Alcaraz","url":"https:\/\/sanchezalcaraz.com\/","logo":{"@type":"ImageObject","inLanguage":"en-GB","@id":"https:\/\/sanchezalcaraz.com\/#\/schema\/logo\/image\/","url":"https:\/\/sanchezalcaraz.com\/wp-content\/uploads\/2023\/04\/cabecera-sanchez-alcaraz-logo-nuevo.jpg","contentUrl":"https:\/\/sanchezalcaraz.com\/wp-content\/uploads\/2023\/04\/cabecera-sanchez-alcaraz-logo-nuevo.jpg","width":900,"height":600,"caption":"S\u00e1nchez Alcaraz"},"image":{"@id":"https:\/\/sanchezalcaraz.com\/#\/schema\/logo\/image\/"},"sameAs":["https:\/\/www.facebook.com\/SanchezAlcarazJamones\/","https:\/\/x.com\/sanchezalcaraz_","https:\/\/www.instagram.com\/sanchez_alcaraz\/"]}]}},"_links":{"self":[{"href":"https:\/\/sanchezalcaraz.com\/en\/wp-json\/wp\/v2\/product\/4471","targetHints":{"allow":["GET"]}}],"collection":[{"href":"https:\/\/sanchezalcaraz.com\/en\/wp-json\/wp\/v2\/product"}],"about":[{"href":"https:\/\/sanchezalcaraz.com\/en\/wp-json\/wp\/v2\/types\/product"}],"wp:featuredmedia":[{"embeddable":true,"href":"https:\/\/sanchezalcaraz.com\/en\/wp-json\/wp\/v2\/media\/4472"}],"wp:attachment":[{"href":"https:\/\/sanchezalcaraz.com\/en\/wp-json\/wp\/v2\/media?parent=4471"}],"wp:term":[{"taxonomy":"product_brand","embeddable":true,"href":"https:\/\/sanchezalcaraz.com\/en\/wp-json\/wp\/v2\/product_brand?post=4471"},{"taxonomy":"product_cat","embeddable":true,"href":"https:\/\/sanchezalcaraz.com\/en\/wp-json\/wp\/v2\/product_cat?post=4471"},{"taxonomy":"product_tag","embeddable":true,"href":"https:\/\/sanchezalcaraz.com\/en\/wp-json\/wp\/v2\/product_tag?post=4471"}],"curies":[{"name":"wp","href":"https:\/\/api.w.org\/{rel}","templated":true}]}}