{"id":4464,"date":"2023-01-31T15:35:26","date_gmt":"2023-01-31T14:35:26","guid":{"rendered":"https:\/\/sanchezalcaraz.com\/?post_type=product&#038;p=4464"},"modified":"2024-01-15T19:35:46","modified_gmt":"2024-01-15T18:35:46","slug":"jamonero-deluxe-madera","status":"publish","type":"product","link":"https:\/\/sanchezalcaraz.com\/en\/product-2\/jamonero-deluxe-madera\/","title":{"rendered":"Jamonero Deluxe Madera"},"content":{"rendered":"<p class=\"descripcionLargaProducto\"><span class=\"tituloDescripcionLarga\">Producto<\/span><br \/>\n<span class=\"subtituloDescripcionLarga\">Jamonero Deluxe Madera con cabezal giratorio.<\/span><\/p>\n<p class=\"descripcionLargaProducto\"><span class=\"tituloDescripcionLarga\">Material<\/span><br \/>\n<span class=\"subtituloDescripcionLarga\">Pino lacado.<\/span><\/p>\n<p class=\"descripcionLargaProducto\"><span class=\"tituloDescripcionLarga\">Medidas<\/span><br \/>\n<span class=\"subtituloDescripcionLarga\">Dimensiones base jam\u00f3n: 58 cm largo (para jamones y paletillas) x 17 cm ancho. <\/span><span class=\"subtituloDescripcionLarga\">Altura del soporte jam\u00f3n: 31 cm.<\/span><\/p>\n<p class=\"descripcionLargaProducto\"><span class=\"tituloDescripcionLarga\">Sab\u00edas que&#8230;<\/span><br \/>\n<span class=\"subtituloDescripcionLarga\">El jamonero es una parte primordial a la hora de cortar tu pieza. Nos aporta la estabilidad necesaria para que tanto al abrir el jam\u00f3n como al cortarlo a tapas, \u00e9ste se mueva lo menos posible, gracias a su calidad y sus patillas antideslizantes.<\/span><\/p>\n<p><span class=\"subtituloDescripcionLarga\">Versatilidad es otro de sus puntos fuertes, ya que el pincho de doble posici\u00f3n nos permite fijar tanto jamones como paletas. Es una ayuda clave para los cortadores principiantes como profesionales que quieran degustar tapas de cada parte de la pieza, ya que su cabezal giratorio nos permite oscilar su eje para que nuestro cuchillo acceda a partes del jam\u00f3n de una manera f\u00e1cil y limpia.<\/span><\/p>","protected":false},"excerpt":{"rendered":"<p class=\"descripcionCortaProducto parrafoCero\">Jamonero profesional fabricado en madera de gran calidad con soporte giratorio 360\u00ba para facilitar el corte.<\/p>\n<p class=\"descripcionCortaProducto parrafoCero\">Gracias a su cabezal puedes dar la vuelta a la pieza sin necesidad de retirar la pata y volver a colocarla por el otro lado.<\/p>\n<p class=\"descripcionCortaProducto parrafoCero\">Este soporte cuenta con un pincho de doble posici\u00f3n aportando una perfecta sujeci\u00f3n tanto en jamones como paletas. Adem\u00e1s, cuenta con unas patillas antideslizantes en la base para cortar con mayor seguridad.<\/p>\n<p class=\"descripcionCortaProducto parrafoCero\">Un imprescindible para los amantes del jam\u00f3n.<\/p>","protected":false},"featured_media":4469,"template":"","meta":[],"product_brand":[],"product_cat":[47],"product_tag":[],"class_list":{"0":"post-4464","1":"product","2":"type-product","3":"status-publish","4":"has-post-thumbnail","6":"product_cat-accesorios","8":"first","9":"instock","10":"shipping-taxable","11":"purchasable","12":"product-type-simple"},"yoast_head":"<!-- This site is optimized with the Yoast SEO plugin v24.3 - https:\/\/yoast.com\/wordpress\/plugins\/seo\/ -->\n<title>Jamonero Deluxe Madera<\/title>\n<meta name=\"description\" content=\"Jamonero profesional fabricado en madera de gran calidad con soporte giratorio 360\u00ba para facilitar el corte.\" \/>\n<meta name=\"robots\" content=\"index, follow, max-snippet:-1, max-image-preview:large, max-video-preview:-1\" \/>\n<link rel=\"canonical\" href=\"https:\/\/sanchezalcaraz.com\/en\/product-2\/jamonero-deluxe-madera\/\" \/>\n<meta property=\"og:locale\" content=\"en_GB\" \/>\n<meta property=\"og:type\" content=\"article\" \/>\n<meta property=\"og:title\" content=\"Jamonero Deluxe Madera\" \/>\n<meta property=\"og:description\" content=\"Jamonero profesional fabricado en madera de gran calidad con soporte giratorio 360\u00ba para facilitar el corte.\" \/>\n<meta property=\"og:url\" content=\"https:\/\/sanchezalcaraz.com\/en\/product-2\/jamonero-deluxe-madera\/\" \/>\n<meta property=\"og:site_name\" content=\"Sanchez Alcaraz\" \/>\n<meta property=\"article:publisher\" content=\"https:\/\/www.facebook.com\/SanchezAlcarazJamones\/\" \/>\n<meta property=\"article:modified_time\" content=\"2024-01-15T18:35:46+00:00\" \/>\n<meta property=\"og:image\" content=\"https:\/\/sanchezalcaraz.com\/wp-content\/uploads\/2023\/01\/Jamonero-deluxe-madera-producto.jpg\" \/>\n\t<meta property=\"og:image:width\" content=\"800\" \/>\n\t<meta property=\"og:image:height\" content=\"960\" \/>\n\t<meta property=\"og:image:type\" content=\"image\/jpeg\" \/>\n<meta name=\"twitter:card\" content=\"summary_large_image\" \/>\n<meta name=\"twitter:site\" content=\"@sanchezalcaraz_\" \/>\n<meta name=\"twitter:label1\" content=\"Estimated reading time\" \/>\n\t<meta name=\"twitter:data1\" content=\"1 minute\" \/>\n<script type=\"application\/ld+json\" class=\"yoast-schema-graph\">{\"@context\":\"https:\/\/schema.org\",\"@graph\":[{\"@type\":\"WebPage\",\"@id\":\"https:\/\/sanchezalcaraz.com\/producto\/jamonero-deluxe-madera\/\",\"url\":\"https:\/\/sanchezalcaraz.com\/producto\/jamonero-deluxe-madera\/\",\"name\":\"Jamonero Deluxe Madera\",\"isPartOf\":{\"@id\":\"https:\/\/sanchezalcaraz.com\/#website\"},\"primaryImageOfPage\":{\"@id\":\"https:\/\/sanchezalcaraz.com\/producto\/jamonero-deluxe-madera\/#primaryimage\"},\"image\":{\"@id\":\"https:\/\/sanchezalcaraz.com\/producto\/jamonero-deluxe-madera\/#primaryimage\"},\"thumbnailUrl\":\"https:\/\/sanchezalcaraz.com\/wp-content\/uploads\/2023\/01\/Jamonero-deluxe-madera-producto.jpg\",\"datePublished\":\"2023-01-31T14:35:26+00:00\",\"dateModified\":\"2024-01-15T18:35:46+00:00\",\"description\":\"Jamonero profesional fabricado en madera de gran calidad con soporte giratorio 360\u00ba para facilitar el corte.\",\"breadcrumb\":{\"@id\":\"https:\/\/sanchezalcaraz.com\/producto\/jamonero-deluxe-madera\/#breadcrumb\"},\"inLanguage\":\"en-GB\",\"potentialAction\":[{\"@type\":\"ReadAction\",\"target\":[\"https:\/\/sanchezalcaraz.com\/producto\/jamonero-deluxe-madera\/\"]}]},{\"@type\":\"ImageObject\",\"inLanguage\":\"en-GB\",\"@id\":\"https:\/\/sanchezalcaraz.com\/producto\/jamonero-deluxe-madera\/#primaryimage\",\"url\":\"https:\/\/sanchezalcaraz.com\/wp-content\/uploads\/2023\/01\/Jamonero-deluxe-madera-producto.jpg\",\"contentUrl\":\"https:\/\/sanchezalcaraz.com\/wp-content\/uploads\/2023\/01\/Jamonero-deluxe-madera-producto.jpg\",\"width\":800,\"height\":960,\"caption\":\"Jamonero deluxe madera producto\"},{\"@type\":\"BreadcrumbList\",\"@id\":\"https:\/\/sanchezalcaraz.com\/producto\/jamonero-deluxe-madera\/#breadcrumb\",\"itemListElement\":[{\"@type\":\"ListItem\",\"position\":1,\"name\":\"Portada\",\"item\":\"https:\/\/sanchezalcaraz.com\/\"},{\"@type\":\"ListItem\",\"position\":2,\"name\":\"Tienda\",\"item\":\"https:\/\/sanchezalcaraz.com\/tienda\/\"},{\"@type\":\"ListItem\",\"position\":3,\"name\":\"Jamonero Deluxe Madera\"}]},{\"@type\":\"WebSite\",\"@id\":\"https:\/\/sanchezalcaraz.com\/#website\",\"url\":\"https:\/\/sanchezalcaraz.com\/\",\"name\":\"Sanchez Alcaraz\",\"description\":\"\",\"publisher\":{\"@id\":\"https:\/\/sanchezalcaraz.com\/#organization\"},\"potentialAction\":[{\"@type\":\"SearchAction\",\"target\":{\"@type\":\"EntryPoint\",\"urlTemplate\":\"https:\/\/sanchezalcaraz.com\/?s={search_term_string}\"},\"query-input\":{\"@type\":\"PropertyValueSpecification\",\"valueRequired\":true,\"valueName\":\"search_term_string\"}}],\"inLanguage\":\"en-GB\"},{\"@type\":\"Organization\",\"@id\":\"https:\/\/sanchezalcaraz.com\/#organization\",\"name\":\"S\u00e1nchez Alcaraz\",\"url\":\"https:\/\/sanchezalcaraz.com\/\",\"logo\":{\"@type\":\"ImageObject\",\"inLanguage\":\"en-GB\",\"@id\":\"https:\/\/sanchezalcaraz.com\/#\/schema\/logo\/image\/\",\"url\":\"https:\/\/sanchezalcaraz.com\/wp-content\/uploads\/2023\/04\/cabecera-sanchez-alcaraz-logo-nuevo.jpg\",\"contentUrl\":\"https:\/\/sanchezalcaraz.com\/wp-content\/uploads\/2023\/04\/cabecera-sanchez-alcaraz-logo-nuevo.jpg\",\"width\":900,\"height\":600,\"caption\":\"S\u00e1nchez Alcaraz\"},\"image\":{\"@id\":\"https:\/\/sanchezalcaraz.com\/#\/schema\/logo\/image\/\"},\"sameAs\":[\"https:\/\/www.facebook.com\/SanchezAlcarazJamones\/\",\"https:\/\/x.com\/sanchezalcaraz_\",\"https:\/\/www.instagram.com\/sanchez_alcaraz\/\"]}]}<\/script>\n<!-- \/ Yoast SEO plugin. -->","yoast_head_json":{"title":"Jamonero Deluxe Madera","description":"Jamonero profesional fabricado en madera de gran calidad con soporte giratorio 360\u00ba para facilitar el corte.","robots":{"index":"index","follow":"follow","max-snippet":"max-snippet:-1","max-image-preview":"max-image-preview:large","max-video-preview":"max-video-preview:-1"},"canonical":"https:\/\/sanchezalcaraz.com\/en\/product-2\/jamonero-deluxe-madera\/","og_locale":"en_GB","og_type":"article","og_title":"Jamonero Deluxe Madera","og_description":"Jamonero profesional fabricado en madera de gran calidad con soporte giratorio 360\u00ba para facilitar el corte.","og_url":"https:\/\/sanchezalcaraz.com\/en\/product-2\/jamonero-deluxe-madera\/","og_site_name":"Sanchez Alcaraz","article_publisher":"https:\/\/www.facebook.com\/SanchezAlcarazJamones\/","article_modified_time":"2024-01-15T18:35:46+00:00","og_image":[{"width":800,"height":960,"url":"https:\/\/sanchezalcaraz.com\/wp-content\/uploads\/2023\/01\/Jamonero-deluxe-madera-producto.jpg","type":"image\/jpeg"}],"twitter_card":"summary_large_image","twitter_site":"@sanchezalcaraz_","twitter_misc":{"Estimated reading time":"1 minute"},"schema":{"@context":"https:\/\/schema.org","@graph":[{"@type":"WebPage","@id":"https:\/\/sanchezalcaraz.com\/producto\/jamonero-deluxe-madera\/","url":"https:\/\/sanchezalcaraz.com\/producto\/jamonero-deluxe-madera\/","name":"Jamonero Deluxe Madera","isPartOf":{"@id":"https:\/\/sanchezalcaraz.com\/#website"},"primaryImageOfPage":{"@id":"https:\/\/sanchezalcaraz.com\/producto\/jamonero-deluxe-madera\/#primaryimage"},"image":{"@id":"https:\/\/sanchezalcaraz.com\/producto\/jamonero-deluxe-madera\/#primaryimage"},"thumbnailUrl":"https:\/\/sanchezalcaraz.com\/wp-content\/uploads\/2023\/01\/Jamonero-deluxe-madera-producto.jpg","datePublished":"2023-01-31T14:35:26+00:00","dateModified":"2024-01-15T18:35:46+00:00","description":"Jamonero profesional fabricado en madera de gran calidad con soporte giratorio 360\u00ba para facilitar el corte.","breadcrumb":{"@id":"https:\/\/sanchezalcaraz.com\/producto\/jamonero-deluxe-madera\/#breadcrumb"},"inLanguage":"en-GB","potentialAction":[{"@type":"ReadAction","target":["https:\/\/sanchezalcaraz.com\/producto\/jamonero-deluxe-madera\/"]}]},{"@type":"ImageObject","inLanguage":"en-GB","@id":"https:\/\/sanchezalcaraz.com\/producto\/jamonero-deluxe-madera\/#primaryimage","url":"https:\/\/sanchezalcaraz.com\/wp-content\/uploads\/2023\/01\/Jamonero-deluxe-madera-producto.jpg","contentUrl":"https:\/\/sanchezalcaraz.com\/wp-content\/uploads\/2023\/01\/Jamonero-deluxe-madera-producto.jpg","width":800,"height":960,"caption":"Jamonero deluxe madera producto"},{"@type":"BreadcrumbList","@id":"https:\/\/sanchezalcaraz.com\/producto\/jamonero-deluxe-madera\/#breadcrumb","itemListElement":[{"@type":"ListItem","position":1,"name":"Portada","item":"https:\/\/sanchezalcaraz.com\/"},{"@type":"ListItem","position":2,"name":"Tienda","item":"https:\/\/sanchezalcaraz.com\/tienda\/"},{"@type":"ListItem","position":3,"name":"Jamonero Deluxe Madera"}]},{"@type":"WebSite","@id":"https:\/\/sanchezalcaraz.com\/#website","url":"https:\/\/sanchezalcaraz.com\/","name":"Sanchez Alcaraz","description":"","publisher":{"@id":"https:\/\/sanchezalcaraz.com\/#organization"},"potentialAction":[{"@type":"SearchAction","target":{"@type":"EntryPoint","urlTemplate":"https:\/\/sanchezalcaraz.com\/?s={search_term_string}"},"query-input":{"@type":"PropertyValueSpecification","valueRequired":true,"valueName":"search_term_string"}}],"inLanguage":"en-GB"},{"@type":"Organization","@id":"https:\/\/sanchezalcaraz.com\/#organization","name":"S\u00e1nchez Alcaraz","url":"https:\/\/sanchezalcaraz.com\/","logo":{"@type":"ImageObject","inLanguage":"en-GB","@id":"https:\/\/sanchezalcaraz.com\/#\/schema\/logo\/image\/","url":"https:\/\/sanchezalcaraz.com\/wp-content\/uploads\/2023\/04\/cabecera-sanchez-alcaraz-logo-nuevo.jpg","contentUrl":"https:\/\/sanchezalcaraz.com\/wp-content\/uploads\/2023\/04\/cabecera-sanchez-alcaraz-logo-nuevo.jpg","width":900,"height":600,"caption":"S\u00e1nchez Alcaraz"},"image":{"@id":"https:\/\/sanchezalcaraz.com\/#\/schema\/logo\/image\/"},"sameAs":["https:\/\/www.facebook.com\/SanchezAlcarazJamones\/","https:\/\/x.com\/sanchezalcaraz_","https:\/\/www.instagram.com\/sanchez_alcaraz\/"]}]}},"_links":{"self":[{"href":"https:\/\/sanchezalcaraz.com\/en\/wp-json\/wp\/v2\/product\/4464","targetHints":{"allow":["GET"]}}],"collection":[{"href":"https:\/\/sanchezalcaraz.com\/en\/wp-json\/wp\/v2\/product"}],"about":[{"href":"https:\/\/sanchezalcaraz.com\/en\/wp-json\/wp\/v2\/types\/product"}],"wp:featuredmedia":[{"embeddable":true,"href":"https:\/\/sanchezalcaraz.com\/en\/wp-json\/wp\/v2\/media\/4469"}],"wp:attachment":[{"href":"https:\/\/sanchezalcaraz.com\/en\/wp-json\/wp\/v2\/media?parent=4464"}],"wp:term":[{"taxonomy":"product_brand","embeddable":true,"href":"https:\/\/sanchezalcaraz.com\/en\/wp-json\/wp\/v2\/product_brand?post=4464"},{"taxonomy":"product_cat","embeddable":true,"href":"https:\/\/sanchezalcaraz.com\/en\/wp-json\/wp\/v2\/product_cat?post=4464"},{"taxonomy":"product_tag","embeddable":true,"href":"https:\/\/sanchezalcaraz.com\/en\/wp-json\/wp\/v2\/product_tag?post=4464"}],"curies":[{"name":"wp","href":"https:\/\/api.w.org\/{rel}","templated":true}]}}