{"id":3983,"date":"2022-11-08T13:49:01","date_gmt":"2022-11-08T12:49:01","guid":{"rendered":"https:\/\/sanchezalcaraz.com\/?post_type=product&#038;p=3983"},"modified":"2026-02-16T10:16:51","modified_gmt":"2026-02-16T09:16:51","slug":"lote-reserva","status":"publish","type":"product","link":"https:\/\/sanchezalcaraz.com\/en\/product-2\/lote-reserva\/","title":{"rendered":"Lote Reserva (Jam\u00f3n serrano reserva 7,25 + Lomo de cruce duroc 350gr)"},"content":{"rendered":"<p class=\"descripcionLargaProducto\"><span class=\"tituloDescripcionLarga\">Producto<\/span><br \/>\n<span class=\"subtituloDescripcionLarga\">Jam\u00f3n Serrano Reserva 7-7,5 kg con m\u00e1s de 12 meses de curaci\u00f3n.<\/span><br \/>\n<span class=\"subtituloDescripcionLarga\">Lomo Cruce Duroc 300 &#8211; 400 gr enviado en un tercio envasado al vac\u00edo.<\/span><br \/>\n<span class=\"subtituloDescripcionLarga\">Caja decorada.\u00a0<\/span><\/p>\n<p class=\"descripcionLargaProducto\"><span class=\"tituloDescripcionLarga\">Sugerencia<\/span><br \/>\n<span class=\"subtituloDescripcionLarga\">Ideal para regalar o disfrutar en familia o con amigos.<\/span><\/p>\n<p class=\"descripcionLargaProducto\"><span class=\"tituloDescripcionLarga\">Consejos de consumo<\/span><br \/>\n<span class=\"subtituloDescripcionLarga\">Para disfrutar adecuadamente de este producto, es recomendable sacar del envase el lomo 30 minutos antes de consumirlo y en el caso del jam\u00f3n, puedes visitar nuestra gu\u00eda de <strong><a href=\"https:\/\/sanchezalcaraz.com\/en\/how-to-cut-ham\/\">\u2018C\u00f3mo se corta un jam\u00f3n\u2018<\/a><\/strong> para convertirte en un aut\u00e9ntico \u00a1maestro charcutero! Y poder sacar el m\u00e1ximo provecho de la pieza.<\/span><\/p>\n<p class=\"descripcionLargaProducto\"><span class=\"tituloDescripcionLarga\">Sab\u00edas que&#8230;<\/span><br \/>\n<span class=\"subtituloDescripcionLarga\">El lomo es un alimento rico en sodio, entre otros minerales esenciales y vitaminas.<br \/>\nEn el caso del jam\u00f3n, su proceso de curaci\u00f3n le concede unas propiedades nutricionales con amino\u00e1cidos esenciales, rico en vitaminas B1 y B6, f\u00f3sforo, hierro, potasio y zinc.<br \/>\n<\/span><\/p>\n<p class=\"descripcionLargaProducto\"><span class=\"tituloDescripcionLarga\">Ingredientes<\/span><br \/>\n<span class=\"subtituloDescripcionLarga\"><strong>Lomo Cruce Duroc<\/strong>: Lomo de cerdo (50%Duroc), sal, piment\u00f3n, az\u00facar, especias, antioxidante (E 301) y conservador (E 250).<\/span><\/p>\n<p>VALOR NUTRICIONAL POR CADA 100Gr<\/p>\n<table class=\"composicionProductos\" style=\"max-width: 400px;\">\n<tbody>\n<tr>\n<th>Composici\u00f3n<\/th>\n<th>Cantidad<\/th>\n<\/tr>\n<tr>\n<td>Valor Energ\u00e9tico<\/td>\n<td>979,5kj\/233,5Kcal<\/td>\n<\/tr>\n<tr>\n<td>Grasas<\/td>\n<td>10,3g<\/td>\n<\/tr>\n<tr>\n<td>de las cuales saturadas<\/td>\n<td>4,2g<\/td>\n<\/tr>\n<tr>\n<td>Hidratos de Carbono<\/td>\n<td>0,9g<\/td>\n<\/tr>\n<tr>\n<td>de los cuales az\u00facares<\/td>\n<td>0,5g<\/td>\n<\/tr>\n<tr>\n<td>Prote\u00ednas<\/td>\n<td>34,3g<\/td>\n<\/tr>\n<tr>\n<td>Sal<\/td>\n<td>5,8g<\/td>\n<\/tr>\n<\/tbody>\n<\/table>\n<p><span class=\"subtituloDescripcionLarga\"><strong>Jam\u00f3n Serrano Reserva: <\/strong>Jam\u00f3n de cerdo, sal, az\u00facar, conservantes (E 250, E 252) y antioxidante (E 301).<\/span><\/p>\n<p>VALOR NUTRICIONAL POR CADA 100Gr<\/p>\n<table class=\"composicionProductos\" style=\"max-width: 400px;\">\n<tbody>\n<tr>\n<th>Composici\u00f3n<\/th>\n<th>Cantidad<\/th>\n<\/tr>\n<tr>\n<td>Valor Energ\u00e9tico<\/td>\n<td>971kj\/232Kcal<\/td>\n<\/tr>\n<tr>\n<td>Grasas<\/td>\n<td>12g<\/td>\n<\/tr>\n<tr>\n<td>de las cuales saturadas<\/td>\n<td>5g<\/td>\n<\/tr>\n<tr>\n<td>Hidratos de Carbono<\/td>\n<td>1g<\/td>\n<\/tr>\n<tr>\n<td>de los cuales az\u00facares<\/td>\n<td>1g<\/td>\n<\/tr>\n<tr>\n<td>Prote\u00ednas<\/td>\n<td>30g<\/td>\n<\/tr>\n<tr>\n<td>Sal<\/td>\n<td>5,5g<\/td>\n<\/tr>\n<\/tbody>\n<\/table>","protected":false},"excerpt":{"rendered":"<p class=\"descripcionCortaProducto parrafoCero\">El lote reserva S\u00e1nchez Alcaraz est\u00e1 compuesto por:<\/p>\n<p class=\"descripcionCortaProducto parrafoCero\">&#8211; Jam\u00f3n Serrano Reserva<\/p>\n<p class=\"descripcionCortaProducto parrafoCero\">&#8211; Un tercio de Lomo Cruce Duroc<\/p>\n<p class=\"descripcionCortaProducto parrafoCero\">&#8211; Caja decorada<\/p>\n<p class=\"descripcionCortaProducto parrafoCero\">The raw material of any Serrano ham is key point. That\u2019s the reason our hams come proceed from females and castrated males of superior quality white pigs. In this case, most hams come from pigs that have more than 50% of Duroc breed with greater fat infiltration.\n\n<\/br>\n\nThe curing process of more than 15 months follows the traditional process, in which hams go through the salting and drying phases in optimal conditions. Curing is slow and long, improving texture and flavor compared to short-cured hams.<\/p>\n<p class=\"destacadoDescripcion parrafoCero\">El sello de la normativa ETG avala la calidad de nuestros productos serranos.<\/p>\n<p class=\"descripcionCortaProducto\"><strong>Precio: 12,76 \u20ac\/kg<\/strong><\/p>","protected":false},"featured_media":3984,"template":"","meta":[],"product_brand":[],"product_cat":[46,45,22],"product_tag":[],"class_list":{"0":"post-3983","1":"product","2":"type-product","3":"status-publish","4":"has-post-thumbnail","6":"product_cat-navidad","7":"product_cat-novedades","8":"product_cat-regalos","10":"first","11":"instock","12":"shipping-taxable","13":"purchasable","14":"product-type-simple"},"yoast_head":"<!-- This site is optimized with the Yoast SEO plugin v24.3 - https:\/\/yoast.com\/wordpress\/plugins\/seo\/ -->\n<title>Lote Reserva (Jam\u00f3n serrano reserva 7,25 + Lomo de cruce duroc 350gr)<\/title>\n<meta name=\"description\" content=\"El lote Reserva S\u00e1nchez Alcaraz est\u00e1 compuesto por un jam\u00f3n serrano reserva, un tercio de lomo cruce Duroc y una caja decorada.\" \/>\n<meta name=\"robots\" content=\"index, follow, max-snippet:-1, max-image-preview:large, max-video-preview:-1\" \/>\n<link rel=\"canonical\" href=\"https:\/\/sanchezalcaraz.com\/en\/product-2\/lote-reserva\/\" \/>\n<meta property=\"og:locale\" content=\"en_GB\" \/>\n<meta property=\"og:type\" content=\"article\" \/>\n<meta property=\"og:title\" content=\"Lote Reserva (Jam\u00f3n serrano reserva 7,25 + Lomo de cruce duroc 350gr)\" \/>\n<meta property=\"og:description\" content=\"El lote Reserva S\u00e1nchez Alcaraz est\u00e1 compuesto por un jam\u00f3n serrano reserva, un tercio de lomo cruce Duroc y una caja decorada.\" \/>\n<meta property=\"og:url\" content=\"https:\/\/sanchezalcaraz.com\/en\/product-2\/lote-reserva\/\" \/>\n<meta property=\"og:site_name\" content=\"Sanchez Alcaraz\" \/>\n<meta property=\"article:publisher\" content=\"https:\/\/www.facebook.com\/SanchezAlcarazJamones\/\" \/>\n<meta property=\"article:modified_time\" content=\"2026-02-16T09:16:51+00:00\" \/>\n<meta property=\"og:image\" content=\"https:\/\/sanchezalcaraz.com\/wp-content\/uploads\/2022\/11\/producto-lote-reserca-jamon-lomo.jpg\" \/>\n\t<meta property=\"og:image:width\" content=\"800\" \/>\n\t<meta property=\"og:image:height\" content=\"960\" \/>\n\t<meta property=\"og:image:type\" content=\"image\/jpeg\" \/>\n<meta name=\"twitter:card\" content=\"summary_large_image\" \/>\n<meta name=\"twitter:site\" content=\"@sanchezalcaraz_\" \/>\n<meta name=\"twitter:label1\" content=\"Estimated reading time\" \/>\n\t<meta name=\"twitter:data1\" content=\"2 minutes\" \/>\n<script type=\"application\/ld+json\" class=\"yoast-schema-graph\">{\"@context\":\"https:\/\/schema.org\",\"@graph\":[{\"@type\":\"WebPage\",\"@id\":\"https:\/\/sanchezalcaraz.com\/producto\/lote-reserva\/\",\"url\":\"https:\/\/sanchezalcaraz.com\/producto\/lote-reserva\/\",\"name\":\"Lote Reserva (Jam\u00f3n serrano reserva 7,25 + Lomo de cruce duroc 350gr)\",\"isPartOf\":{\"@id\":\"https:\/\/sanchezalcaraz.com\/#website\"},\"primaryImageOfPage\":{\"@id\":\"https:\/\/sanchezalcaraz.com\/producto\/lote-reserva\/#primaryimage\"},\"image\":{\"@id\":\"https:\/\/sanchezalcaraz.com\/producto\/lote-reserva\/#primaryimage\"},\"thumbnailUrl\":\"https:\/\/sanchezalcaraz.com\/wp-content\/uploads\/2022\/11\/producto-lote-reserca-jamon-lomo.jpg\",\"datePublished\":\"2022-11-08T12:49:01+00:00\",\"dateModified\":\"2026-02-16T09:16:51+00:00\",\"description\":\"El lote Reserva S\u00e1nchez Alcaraz est\u00e1 compuesto por un jam\u00f3n serrano reserva, un tercio de lomo cruce Duroc y una caja decorada.\",\"breadcrumb\":{\"@id\":\"https:\/\/sanchezalcaraz.com\/producto\/lote-reserva\/#breadcrumb\"},\"inLanguage\":\"en-GB\",\"potentialAction\":[{\"@type\":\"ReadAction\",\"target\":[\"https:\/\/sanchezalcaraz.com\/producto\/lote-reserva\/\"]}]},{\"@type\":\"ImageObject\",\"inLanguage\":\"en-GB\",\"@id\":\"https:\/\/sanchezalcaraz.com\/producto\/lote-reserva\/#primaryimage\",\"url\":\"https:\/\/sanchezalcaraz.com\/wp-content\/uploads\/2022\/11\/producto-lote-reserca-jamon-lomo.jpg\",\"contentUrl\":\"https:\/\/sanchezalcaraz.com\/wp-content\/uploads\/2022\/11\/producto-lote-reserca-jamon-lomo.jpg\",\"width\":800,\"height\":960,\"caption\":\"producto lote reserca jamon lomo\"},{\"@type\":\"BreadcrumbList\",\"@id\":\"https:\/\/sanchezalcaraz.com\/producto\/lote-reserva\/#breadcrumb\",\"itemListElement\":[{\"@type\":\"ListItem\",\"position\":1,\"name\":\"Portada\",\"item\":\"https:\/\/sanchezalcaraz.com\/\"},{\"@type\":\"ListItem\",\"position\":2,\"name\":\"Tienda\",\"item\":\"https:\/\/sanchezalcaraz.com\/tienda\/\"},{\"@type\":\"ListItem\",\"position\":3,\"name\":\"Lote Reserva (Jam\u00f3n serrano reserva 7,25 + Lomo de cruce duroc 350gr)\"}]},{\"@type\":\"WebSite\",\"@id\":\"https:\/\/sanchezalcaraz.com\/#website\",\"url\":\"https:\/\/sanchezalcaraz.com\/\",\"name\":\"Sanchez Alcaraz\",\"description\":\"\",\"publisher\":{\"@id\":\"https:\/\/sanchezalcaraz.com\/#organization\"},\"potentialAction\":[{\"@type\":\"SearchAction\",\"target\":{\"@type\":\"EntryPoint\",\"urlTemplate\":\"https:\/\/sanchezalcaraz.com\/?s={search_term_string}\"},\"query-input\":{\"@type\":\"PropertyValueSpecification\",\"valueRequired\":true,\"valueName\":\"search_term_string\"}}],\"inLanguage\":\"en-GB\"},{\"@type\":\"Organization\",\"@id\":\"https:\/\/sanchezalcaraz.com\/#organization\",\"name\":\"S\u00e1nchez Alcaraz\",\"url\":\"https:\/\/sanchezalcaraz.com\/\",\"logo\":{\"@type\":\"ImageObject\",\"inLanguage\":\"en-GB\",\"@id\":\"https:\/\/sanchezalcaraz.com\/#\/schema\/logo\/image\/\",\"url\":\"https:\/\/sanchezalcaraz.com\/wp-content\/uploads\/2023\/04\/cabecera-sanchez-alcaraz-logo-nuevo.jpg\",\"contentUrl\":\"https:\/\/sanchezalcaraz.com\/wp-content\/uploads\/2023\/04\/cabecera-sanchez-alcaraz-logo-nuevo.jpg\",\"width\":900,\"height\":600,\"caption\":\"S\u00e1nchez Alcaraz\"},\"image\":{\"@id\":\"https:\/\/sanchezalcaraz.com\/#\/schema\/logo\/image\/\"},\"sameAs\":[\"https:\/\/www.facebook.com\/SanchezAlcarazJamones\/\",\"https:\/\/x.com\/sanchezalcaraz_\",\"https:\/\/www.instagram.com\/sanchez_alcaraz\/\"]}]}<\/script>\n<!-- \/ Yoast SEO plugin. -->","yoast_head_json":{"title":"Lote Reserva (Jam\u00f3n serrano reserva 7,25 + Lomo de cruce duroc 350gr)","description":"El lote Reserva S\u00e1nchez Alcaraz est\u00e1 compuesto por un jam\u00f3n serrano reserva, un tercio de lomo cruce Duroc y una caja decorada.","robots":{"index":"index","follow":"follow","max-snippet":"max-snippet:-1","max-image-preview":"max-image-preview:large","max-video-preview":"max-video-preview:-1"},"canonical":"https:\/\/sanchezalcaraz.com\/en\/product-2\/lote-reserva\/","og_locale":"en_GB","og_type":"article","og_title":"Lote Reserva (Jam\u00f3n serrano reserva 7,25 + Lomo de cruce duroc 350gr)","og_description":"El lote Reserva S\u00e1nchez Alcaraz est\u00e1 compuesto por un jam\u00f3n serrano reserva, un tercio de lomo cruce Duroc y una caja decorada.","og_url":"https:\/\/sanchezalcaraz.com\/en\/product-2\/lote-reserva\/","og_site_name":"Sanchez Alcaraz","article_publisher":"https:\/\/www.facebook.com\/SanchezAlcarazJamones\/","article_modified_time":"2026-02-16T09:16:51+00:00","og_image":[{"width":800,"height":960,"url":"https:\/\/sanchezalcaraz.com\/wp-content\/uploads\/2022\/11\/producto-lote-reserca-jamon-lomo.jpg","type":"image\/jpeg"}],"twitter_card":"summary_large_image","twitter_site":"@sanchezalcaraz_","twitter_misc":{"Estimated reading time":"2 minutes"},"schema":{"@context":"https:\/\/schema.org","@graph":[{"@type":"WebPage","@id":"https:\/\/sanchezalcaraz.com\/producto\/lote-reserva\/","url":"https:\/\/sanchezalcaraz.com\/producto\/lote-reserva\/","name":"Lote Reserva (Jam\u00f3n serrano reserva 7,25 + Lomo de cruce duroc 350gr)","isPartOf":{"@id":"https:\/\/sanchezalcaraz.com\/#website"},"primaryImageOfPage":{"@id":"https:\/\/sanchezalcaraz.com\/producto\/lote-reserva\/#primaryimage"},"image":{"@id":"https:\/\/sanchezalcaraz.com\/producto\/lote-reserva\/#primaryimage"},"thumbnailUrl":"https:\/\/sanchezalcaraz.com\/wp-content\/uploads\/2022\/11\/producto-lote-reserca-jamon-lomo.jpg","datePublished":"2022-11-08T12:49:01+00:00","dateModified":"2026-02-16T09:16:51+00:00","description":"El lote Reserva S\u00e1nchez Alcaraz est\u00e1 compuesto por un jam\u00f3n serrano reserva, un tercio de lomo cruce Duroc y una caja decorada.","breadcrumb":{"@id":"https:\/\/sanchezalcaraz.com\/producto\/lote-reserva\/#breadcrumb"},"inLanguage":"en-GB","potentialAction":[{"@type":"ReadAction","target":["https:\/\/sanchezalcaraz.com\/producto\/lote-reserva\/"]}]},{"@type":"ImageObject","inLanguage":"en-GB","@id":"https:\/\/sanchezalcaraz.com\/producto\/lote-reserva\/#primaryimage","url":"https:\/\/sanchezalcaraz.com\/wp-content\/uploads\/2022\/11\/producto-lote-reserca-jamon-lomo.jpg","contentUrl":"https:\/\/sanchezalcaraz.com\/wp-content\/uploads\/2022\/11\/producto-lote-reserca-jamon-lomo.jpg","width":800,"height":960,"caption":"producto lote reserca jamon lomo"},{"@type":"BreadcrumbList","@id":"https:\/\/sanchezalcaraz.com\/producto\/lote-reserva\/#breadcrumb","itemListElement":[{"@type":"ListItem","position":1,"name":"Portada","item":"https:\/\/sanchezalcaraz.com\/"},{"@type":"ListItem","position":2,"name":"Tienda","item":"https:\/\/sanchezalcaraz.com\/tienda\/"},{"@type":"ListItem","position":3,"name":"Lote Reserva (Jam\u00f3n serrano reserva 7,25 + Lomo de cruce duroc 350gr)"}]},{"@type":"WebSite","@id":"https:\/\/sanchezalcaraz.com\/#website","url":"https:\/\/sanchezalcaraz.com\/","name":"Sanchez Alcaraz","description":"","publisher":{"@id":"https:\/\/sanchezalcaraz.com\/#organization"},"potentialAction":[{"@type":"SearchAction","target":{"@type":"EntryPoint","urlTemplate":"https:\/\/sanchezalcaraz.com\/?s={search_term_string}"},"query-input":{"@type":"PropertyValueSpecification","valueRequired":true,"valueName":"search_term_string"}}],"inLanguage":"en-GB"},{"@type":"Organization","@id":"https:\/\/sanchezalcaraz.com\/#organization","name":"S\u00e1nchez Alcaraz","url":"https:\/\/sanchezalcaraz.com\/","logo":{"@type":"ImageObject","inLanguage":"en-GB","@id":"https:\/\/sanchezalcaraz.com\/#\/schema\/logo\/image\/","url":"https:\/\/sanchezalcaraz.com\/wp-content\/uploads\/2023\/04\/cabecera-sanchez-alcaraz-logo-nuevo.jpg","contentUrl":"https:\/\/sanchezalcaraz.com\/wp-content\/uploads\/2023\/04\/cabecera-sanchez-alcaraz-logo-nuevo.jpg","width":900,"height":600,"caption":"S\u00e1nchez Alcaraz"},"image":{"@id":"https:\/\/sanchezalcaraz.com\/#\/schema\/logo\/image\/"},"sameAs":["https:\/\/www.facebook.com\/SanchezAlcarazJamones\/","https:\/\/x.com\/sanchezalcaraz_","https:\/\/www.instagram.com\/sanchez_alcaraz\/"]}]}},"_links":{"self":[{"href":"https:\/\/sanchezalcaraz.com\/en\/wp-json\/wp\/v2\/product\/3983","targetHints":{"allow":["GET"]}}],"collection":[{"href":"https:\/\/sanchezalcaraz.com\/en\/wp-json\/wp\/v2\/product"}],"about":[{"href":"https:\/\/sanchezalcaraz.com\/en\/wp-json\/wp\/v2\/types\/product"}],"wp:featuredmedia":[{"embeddable":true,"href":"https:\/\/sanchezalcaraz.com\/en\/wp-json\/wp\/v2\/media\/3984"}],"wp:attachment":[{"href":"https:\/\/sanchezalcaraz.com\/en\/wp-json\/wp\/v2\/media?parent=3983"}],"wp:term":[{"taxonomy":"product_brand","embeddable":true,"href":"https:\/\/sanchezalcaraz.com\/en\/wp-json\/wp\/v2\/product_brand?post=3983"},{"taxonomy":"product_cat","embeddable":true,"href":"https:\/\/sanchezalcaraz.com\/en\/wp-json\/wp\/v2\/product_cat?post=3983"},{"taxonomy":"product_tag","embeddable":true,"href":"https:\/\/sanchezalcaraz.com\/en\/wp-json\/wp\/v2\/product_tag?post=3983"}],"curies":[{"name":"wp","href":"https:\/\/api.w.org\/{rel}","templated":true}]}}