{"id":3981,"date":"2022-11-08T13:11:52","date_gmt":"2022-11-08T12:11:52","guid":{"rendered":"https:\/\/sanchezalcaraz.com\/?post_type=product&#038;p=3981"},"modified":"2026-02-16T10:17:53","modified_gmt":"2026-02-16T09:17:53","slug":"lote-iberico","status":"publish","type":"product","link":"https:\/\/sanchezalcaraz.com\/en\/product-2\/lote-iberico\/","title":{"rendered":"Lote Ib\u00e9rico (Jam\u00f3n de cebo ib\u00e9rico 50% raza ib\u00e9rica 8,25 kg + Lomo de cebo ib\u00e9rico 50% raza ib\u00e9rica 750gr)"},"content":{"rendered":"<p class=\"descripcionLargaProducto\"><span class=\"tituloDescripcionLarga\">Producto<\/span><br \/>\n<span class=\"subtituloDescripcionLarga\">Jam\u00f3n de Cebo Ib\u00e9rico 50% raza ib\u00e9rica 8-8,5 kg con m\u00e1s de 24 meses de curaci\u00f3n.<\/span><br \/>\n<span class=\"subtituloDescripcionLarga\">Lomo de Cebo Ib\u00e9rico 50% raza ib\u00e9rica 650 &#8211; 850 gr enviado en media pieza envasada al vac\u00edo.<\/span><br \/>\n<span class=\"subtituloDescripcionLarga\">Caja decorada.\u00a0<\/span><\/p>\n<p class=\"descripcionLargaProducto\"><span class=\"tituloDescripcionLarga\">Sugerencia<\/span><br \/>\n<span class=\"subtituloDescripcionLarga\">Ideal para regalar o disfrutar en familia o con amigos.<\/span><\/p>\n<p class=\"descripcionLargaProducto\"><span class=\"tituloDescripcionLarga\">Consejos de consumo<\/span><br \/>\n<span class=\"subtituloDescripcionLarga\">Para disfrutar adecuadamente de este producto, es recomendable sacar del envase el lomo 30 minutos antes de consumirlo y en el caso del jam\u00f3n, puedes visitar nuestra gu\u00eda de <strong><a href=\"https:\/\/sanchezalcaraz.com\/en\/how-to-cut-ham\/\">\u2018C\u00f3mo se corta un jam\u00f3n\u2018<\/a><\/strong> para convertirte en un aut\u00e9ntico \u00a1maestro charcutero! Y poder sacar el m\u00e1ximo provecho de la pieza.<\/span><\/p>\n<p class=\"descripcionLargaProducto\"><span class=\"tituloDescripcionLarga\">Sab\u00edas que&#8230;<\/span><br \/>\n<span class=\"subtituloDescripcionLarga\">El lomo es uno de los alimentos m\u00e1s nobles del cerdo ib\u00e9rico, siendo rico en sodio, entre otros minerales esenciales y vitaminas.<br \/>\nEn el caso del jam\u00f3n ib\u00e9rico, es una alta fuente de \u00e1cido oleico y aporta a nuestro organismo hierro, vitaminas y minerales esenciales.<\/span><\/p>\n<p class=\"descripcionLargaProducto\"><span class=\"tituloDescripcionLarga\">Ingredientes<\/span><br \/>\n<span class=\"subtituloDescripcionLarga\"><strong>Lomo de Cebo Ib\u00e9rico 50% Raza Ib\u00e9rica<\/strong>: Lomo de cerdo ib\u00e9rico, sal, piment\u00f3n, dextrosa, especias, antioxidante (E 301), aroma de ajo y conservante (E 250).<\/span><\/p>\n<p>VALOR NUTRICIONAL POR CADA 100Gr<\/p>\n<table class=\"composicionProductos\" style=\"max-width: 400px;\">\n<tbody>\n<tr>\n<th>Composici\u00f3n<\/th>\n<th>Cantidad<\/th>\n<\/tr>\n<tr>\n<td>Valor Energ\u00e9tico<\/td>\n<td>1193kj\/285Kcal<\/td>\n<\/tr>\n<tr>\n<td>Grasas<\/td>\n<td>17,7g<\/td>\n<\/tr>\n<tr>\n<td>de las cuales saturadas<\/td>\n<td>6,1g<\/td>\n<\/tr>\n<tr>\n<td>Hidratos de Carbono<\/td>\n<td>1g<\/td>\n<\/tr>\n<tr>\n<td>de los cuales az\u00facares<\/td>\n<td>1g<\/td>\n<\/tr>\n<tr>\n<td>Prote\u00ednas<\/td>\n<td>35g<\/td>\n<\/tr>\n<tr>\n<td>Sal<\/td>\n<td>4g<\/td>\n<\/tr>\n<\/tbody>\n<\/table>\n<p><span class=\"subtituloDescripcionLarga\"><strong>Jam\u00f3n de Cebo Ib\u00e9rico 50% Raza Ib\u00e9rica<\/strong>: Jam\u00f3n de cerdo, sal, az\u00facar, conservantes (E 250, E 252) y antioxidante (E 301).<\/span><\/p>\n<p>VALOR NUTRICIONAL POR CADA 100Gr<\/p>\n<table class=\"composicionProductos\" style=\"max-width: 400px;\">\n<tbody>\n<tr>\n<th>Composici\u00f3n<\/th>\n<th>Cantidad<\/th>\n<\/tr>\n<tr>\n<td>Valor Energ\u00e9tico<\/td>\n<td>1361kj\/322Kcal<\/td>\n<\/tr>\n<tr>\n<td>Grasas<\/td>\n<td>22g<\/td>\n<\/tr>\n<tr>\n<td>de las cuales saturadas<\/td>\n<td>9g<\/td>\n<\/tr>\n<tr>\n<td>Hidratos de Carbono<\/td>\n<td>1g<\/td>\n<\/tr>\n<tr>\n<td>de los cuales az\u00facares<\/td>\n<td>1g<\/td>\n<\/tr>\n<tr>\n<td>Prote\u00ednas<\/td>\n<td>30g<\/td>\n<\/tr>\n<tr>\n<td>Sal<\/td>\n<td>5g<\/td>\n<\/tr>\n<\/tbody>\n<\/table>","protected":false},"excerpt":{"rendered":"<p class=\"descripcionCortaProducto parrafoCero\">El lote ib\u00e9rico S\u00e1nchez Alcaraz est\u00e1 compuesto por:<\/p>\n<p class=\"descripcionCortaProducto parrafoCero\">&#8211; Jam\u00f3n de Cebo Ib\u00e9rico 50% Raza Ib\u00e9rica<\/p>\n<p class=\"descripcionCortaProducto parrafoCero\">&#8211; Media pieza de Lomo de Cebo Ib\u00e9rico 50% Raza Ib\u00e9rica<\/p>\n<p class=\"descripcionCortaProducto parrafoCero\">&#8211; Caja decorada<\/p>\n<p class=\"descripcionCortaProducto parrafoCero\">Disfruta de la mejor selecci\u00f3n ib\u00e9rica de S\u00e1nchez Alcaraz, donde los productos de raza ib\u00e9rica provienen de animales seleccionados, criados y alimentados de manera tradicional.<\/p>\n<p class=\"descripcionCortaProducto parrafoCero\">Contamos con secaderos en Extremadura donde nuestros ib\u00e9ricos se curan siguiendo el sistema tradicional. Los jamones pasan por las fases de salaz\u00f3n y secado en condiciones \u00f3ptimas y su curaci\u00f3n es lenta y larga mejorando la textura y el sabor con respecto a los jamones de curaci\u00f3n corta.<\/p>\n<p class=\"descripcionCortaProducto\">En relaci\u00f3n al Lomo de Cebo Ib\u00e9rico 50% raza ib\u00e9rica proviene de la parte con menos grasa del cerdo ib\u00e9rico destacando su infiltraci\u00f3n y sabor intenso.<\/p>\n<p class=\"destacadoDescripcion parrafoCero translation-block\">The certification of the Ib\u00e9rico national regulation guarantees the quality of our Iberian products.<\/p>\n<p class=\"descripcionCortaProducto\"><strong>Precio: 28,67 \u20ac\/kg<\/strong><\/p>","protected":false},"featured_media":3982,"template":"","meta":[],"product_brand":[],"product_cat":[46,45,22],"product_tag":[],"class_list":{"0":"post-3981","1":"product","2":"type-product","3":"status-publish","4":"has-post-thumbnail","6":"product_cat-navidad","7":"product_cat-novedades","8":"product_cat-regalos","10":"first","11":"instock","12":"shipping-taxable","13":"purchasable","14":"product-type-simple"},"yoast_head":"<!-- This site is optimized with the Yoast SEO plugin v24.3 - https:\/\/yoast.com\/wordpress\/plugins\/seo\/ -->\n<title>Lote Ib\u00e9rico (Jam\u00f3n de cebo ib\u00e9rico 50% raza ib\u00e9rica 8,25 kg + Lomo de cebo ib\u00e9rico 50% raza ib\u00e9rica 750gr)<\/title>\n<meta name=\"description\" content=\"Prueba nuestros productos de calidad garantizada por m\u00e1s de dos generaciones de especialistas en la producci\u00f3n de jam\u00f3n y embutidos.\" \/>\n<meta name=\"robots\" content=\"index, follow, max-snippet:-1, max-image-preview:large, max-video-preview:-1\" \/>\n<link rel=\"canonical\" href=\"https:\/\/sanchezalcaraz.com\/en\/product-2\/lote-iberico\/\" \/>\n<meta property=\"og:locale\" content=\"en_GB\" \/>\n<meta property=\"og:type\" content=\"article\" \/>\n<meta property=\"og:title\" content=\"Lote Ib\u00e9rico (Jam\u00f3n de cebo ib\u00e9rico 50% raza ib\u00e9rica 8,25 kg + Lomo de cebo ib\u00e9rico 50% raza ib\u00e9rica 750gr)\" \/>\n<meta property=\"og:description\" content=\"Prueba nuestros productos de calidad garantizada por m\u00e1s de dos generaciones de especialistas en la producci\u00f3n de jam\u00f3n y embutidos.\" \/>\n<meta property=\"og:url\" content=\"https:\/\/sanchezalcaraz.com\/en\/product-2\/lote-iberico\/\" \/>\n<meta property=\"og:site_name\" content=\"Sanchez Alcaraz\" \/>\n<meta property=\"article:publisher\" content=\"https:\/\/www.facebook.com\/SanchezAlcarazJamones\/\" \/>\n<meta property=\"article:modified_time\" content=\"2026-02-16T09:17:53+00:00\" \/>\n<meta property=\"og:image\" content=\"https:\/\/sanchezalcaraz.com\/wp-content\/uploads\/2022\/11\/producto-lote-iberico-jamon-lomo.jpg\" \/>\n\t<meta property=\"og:image:width\" content=\"800\" \/>\n\t<meta property=\"og:image:height\" content=\"960\" \/>\n\t<meta property=\"og:image:type\" content=\"image\/jpeg\" \/>\n<meta name=\"twitter:card\" content=\"summary_large_image\" \/>\n<meta name=\"twitter:site\" content=\"@sanchezalcaraz_\" \/>\n<meta name=\"twitter:label1\" content=\"Estimated reading time\" \/>\n\t<meta name=\"twitter:data1\" content=\"2 minutes\" \/>\n<script type=\"application\/ld+json\" class=\"yoast-schema-graph\">{\"@context\":\"https:\/\/schema.org\",\"@graph\":[{\"@type\":\"WebPage\",\"@id\":\"https:\/\/sanchezalcaraz.com\/producto\/lote-iberico\/\",\"url\":\"https:\/\/sanchezalcaraz.com\/producto\/lote-iberico\/\",\"name\":\"Lote Ib\u00e9rico (Jam\u00f3n de cebo ib\u00e9rico 50% raza ib\u00e9rica 8,25 kg + Lomo de cebo ib\u00e9rico 50% raza ib\u00e9rica 750gr)\",\"isPartOf\":{\"@id\":\"https:\/\/sanchezalcaraz.com\/#website\"},\"primaryImageOfPage\":{\"@id\":\"https:\/\/sanchezalcaraz.com\/producto\/lote-iberico\/#primaryimage\"},\"image\":{\"@id\":\"https:\/\/sanchezalcaraz.com\/producto\/lote-iberico\/#primaryimage\"},\"thumbnailUrl\":\"https:\/\/sanchezalcaraz.com\/wp-content\/uploads\/2022\/11\/producto-lote-iberico-jamon-lomo.jpg\",\"datePublished\":\"2022-11-08T12:11:52+00:00\",\"dateModified\":\"2026-02-16T09:17:53+00:00\",\"description\":\"Prueba nuestros productos de calidad garantizada por m\u00e1s de dos generaciones de especialistas en la producci\u00f3n de jam\u00f3n y embutidos.\",\"breadcrumb\":{\"@id\":\"https:\/\/sanchezalcaraz.com\/producto\/lote-iberico\/#breadcrumb\"},\"inLanguage\":\"en-GB\",\"potentialAction\":[{\"@type\":\"ReadAction\",\"target\":[\"https:\/\/sanchezalcaraz.com\/producto\/lote-iberico\/\"]}]},{\"@type\":\"ImageObject\",\"inLanguage\":\"en-GB\",\"@id\":\"https:\/\/sanchezalcaraz.com\/producto\/lote-iberico\/#primaryimage\",\"url\":\"https:\/\/sanchezalcaraz.com\/wp-content\/uploads\/2022\/11\/producto-lote-iberico-jamon-lomo.jpg\",\"contentUrl\":\"https:\/\/sanchezalcaraz.com\/wp-content\/uploads\/2022\/11\/producto-lote-iberico-jamon-lomo.jpg\",\"width\":800,\"height\":960,\"caption\":\"producto lote ib\u00e9rico jamon lomo\"},{\"@type\":\"BreadcrumbList\",\"@id\":\"https:\/\/sanchezalcaraz.com\/producto\/lote-iberico\/#breadcrumb\",\"itemListElement\":[{\"@type\":\"ListItem\",\"position\":1,\"name\":\"Portada\",\"item\":\"https:\/\/sanchezalcaraz.com\/\"},{\"@type\":\"ListItem\",\"position\":2,\"name\":\"Tienda\",\"item\":\"https:\/\/sanchezalcaraz.com\/tienda\/\"},{\"@type\":\"ListItem\",\"position\":3,\"name\":\"Lote Ib\u00e9rico (Jam\u00f3n de cebo ib\u00e9rico 50% raza ib\u00e9rica 8,25 kg + Lomo de cebo ib\u00e9rico 50% raza ib\u00e9rica 750gr)\"}]},{\"@type\":\"WebSite\",\"@id\":\"https:\/\/sanchezalcaraz.com\/#website\",\"url\":\"https:\/\/sanchezalcaraz.com\/\",\"name\":\"Sanchez Alcaraz\",\"description\":\"\",\"publisher\":{\"@id\":\"https:\/\/sanchezalcaraz.com\/#organization\"},\"potentialAction\":[{\"@type\":\"SearchAction\",\"target\":{\"@type\":\"EntryPoint\",\"urlTemplate\":\"https:\/\/sanchezalcaraz.com\/?s={search_term_string}\"},\"query-input\":{\"@type\":\"PropertyValueSpecification\",\"valueRequired\":true,\"valueName\":\"search_term_string\"}}],\"inLanguage\":\"en-GB\"},{\"@type\":\"Organization\",\"@id\":\"https:\/\/sanchezalcaraz.com\/#organization\",\"name\":\"S\u00e1nchez Alcaraz\",\"url\":\"https:\/\/sanchezalcaraz.com\/\",\"logo\":{\"@type\":\"ImageObject\",\"inLanguage\":\"en-GB\",\"@id\":\"https:\/\/sanchezalcaraz.com\/#\/schema\/logo\/image\/\",\"url\":\"https:\/\/sanchezalcaraz.com\/wp-content\/uploads\/2023\/04\/cabecera-sanchez-alcaraz-logo-nuevo.jpg\",\"contentUrl\":\"https:\/\/sanchezalcaraz.com\/wp-content\/uploads\/2023\/04\/cabecera-sanchez-alcaraz-logo-nuevo.jpg\",\"width\":900,\"height\":600,\"caption\":\"S\u00e1nchez Alcaraz\"},\"image\":{\"@id\":\"https:\/\/sanchezalcaraz.com\/#\/schema\/logo\/image\/\"},\"sameAs\":[\"https:\/\/www.facebook.com\/SanchezAlcarazJamones\/\",\"https:\/\/x.com\/sanchezalcaraz_\",\"https:\/\/www.instagram.com\/sanchez_alcaraz\/\"]}]}<\/script>\n<!-- \/ Yoast SEO plugin. -->","yoast_head_json":{"title":"Lote Ib\u00e9rico (Jam\u00f3n de cebo ib\u00e9rico 50% raza ib\u00e9rica 8,25 kg + Lomo de cebo ib\u00e9rico 50% raza ib\u00e9rica 750gr)","description":"Prueba nuestros productos de calidad garantizada por m\u00e1s de dos generaciones de especialistas en la producci\u00f3n de jam\u00f3n y embutidos.","robots":{"index":"index","follow":"follow","max-snippet":"max-snippet:-1","max-image-preview":"max-image-preview:large","max-video-preview":"max-video-preview:-1"},"canonical":"https:\/\/sanchezalcaraz.com\/en\/product-2\/lote-iberico\/","og_locale":"en_GB","og_type":"article","og_title":"Lote Ib\u00e9rico (Jam\u00f3n de cebo ib\u00e9rico 50% raza ib\u00e9rica 8,25 kg + Lomo de cebo ib\u00e9rico 50% raza ib\u00e9rica 750gr)","og_description":"Prueba nuestros productos de calidad garantizada por m\u00e1s de dos generaciones de especialistas en la producci\u00f3n de jam\u00f3n y embutidos.","og_url":"https:\/\/sanchezalcaraz.com\/en\/product-2\/lote-iberico\/","og_site_name":"Sanchez Alcaraz","article_publisher":"https:\/\/www.facebook.com\/SanchezAlcarazJamones\/","article_modified_time":"2026-02-16T09:17:53+00:00","og_image":[{"width":800,"height":960,"url":"https:\/\/sanchezalcaraz.com\/wp-content\/uploads\/2022\/11\/producto-lote-iberico-jamon-lomo.jpg","type":"image\/jpeg"}],"twitter_card":"summary_large_image","twitter_site":"@sanchezalcaraz_","twitter_misc":{"Estimated reading time":"2 minutes"},"schema":{"@context":"https:\/\/schema.org","@graph":[{"@type":"WebPage","@id":"https:\/\/sanchezalcaraz.com\/producto\/lote-iberico\/","url":"https:\/\/sanchezalcaraz.com\/producto\/lote-iberico\/","name":"Lote Ib\u00e9rico (Jam\u00f3n de cebo ib\u00e9rico 50% raza ib\u00e9rica 8,25 kg + Lomo de cebo ib\u00e9rico 50% raza ib\u00e9rica 750gr)","isPartOf":{"@id":"https:\/\/sanchezalcaraz.com\/#website"},"primaryImageOfPage":{"@id":"https:\/\/sanchezalcaraz.com\/producto\/lote-iberico\/#primaryimage"},"image":{"@id":"https:\/\/sanchezalcaraz.com\/producto\/lote-iberico\/#primaryimage"},"thumbnailUrl":"https:\/\/sanchezalcaraz.com\/wp-content\/uploads\/2022\/11\/producto-lote-iberico-jamon-lomo.jpg","datePublished":"2022-11-08T12:11:52+00:00","dateModified":"2026-02-16T09:17:53+00:00","description":"Prueba nuestros productos de calidad garantizada por m\u00e1s de dos generaciones de especialistas en la producci\u00f3n de jam\u00f3n y embutidos.","breadcrumb":{"@id":"https:\/\/sanchezalcaraz.com\/producto\/lote-iberico\/#breadcrumb"},"inLanguage":"en-GB","potentialAction":[{"@type":"ReadAction","target":["https:\/\/sanchezalcaraz.com\/producto\/lote-iberico\/"]}]},{"@type":"ImageObject","inLanguage":"en-GB","@id":"https:\/\/sanchezalcaraz.com\/producto\/lote-iberico\/#primaryimage","url":"https:\/\/sanchezalcaraz.com\/wp-content\/uploads\/2022\/11\/producto-lote-iberico-jamon-lomo.jpg","contentUrl":"https:\/\/sanchezalcaraz.com\/wp-content\/uploads\/2022\/11\/producto-lote-iberico-jamon-lomo.jpg","width":800,"height":960,"caption":"producto lote ib\u00e9rico jamon lomo"},{"@type":"BreadcrumbList","@id":"https:\/\/sanchezalcaraz.com\/producto\/lote-iberico\/#breadcrumb","itemListElement":[{"@type":"ListItem","position":1,"name":"Portada","item":"https:\/\/sanchezalcaraz.com\/"},{"@type":"ListItem","position":2,"name":"Tienda","item":"https:\/\/sanchezalcaraz.com\/tienda\/"},{"@type":"ListItem","position":3,"name":"Lote Ib\u00e9rico (Jam\u00f3n de cebo ib\u00e9rico 50% raza ib\u00e9rica 8,25 kg + Lomo de cebo ib\u00e9rico 50% raza ib\u00e9rica 750gr)"}]},{"@type":"WebSite","@id":"https:\/\/sanchezalcaraz.com\/#website","url":"https:\/\/sanchezalcaraz.com\/","name":"Sanchez Alcaraz","description":"","publisher":{"@id":"https:\/\/sanchezalcaraz.com\/#organization"},"potentialAction":[{"@type":"SearchAction","target":{"@type":"EntryPoint","urlTemplate":"https:\/\/sanchezalcaraz.com\/?s={search_term_string}"},"query-input":{"@type":"PropertyValueSpecification","valueRequired":true,"valueName":"search_term_string"}}],"inLanguage":"en-GB"},{"@type":"Organization","@id":"https:\/\/sanchezalcaraz.com\/#organization","name":"S\u00e1nchez Alcaraz","url":"https:\/\/sanchezalcaraz.com\/","logo":{"@type":"ImageObject","inLanguage":"en-GB","@id":"https:\/\/sanchezalcaraz.com\/#\/schema\/logo\/image\/","url":"https:\/\/sanchezalcaraz.com\/wp-content\/uploads\/2023\/04\/cabecera-sanchez-alcaraz-logo-nuevo.jpg","contentUrl":"https:\/\/sanchezalcaraz.com\/wp-content\/uploads\/2023\/04\/cabecera-sanchez-alcaraz-logo-nuevo.jpg","width":900,"height":600,"caption":"S\u00e1nchez Alcaraz"},"image":{"@id":"https:\/\/sanchezalcaraz.com\/#\/schema\/logo\/image\/"},"sameAs":["https:\/\/www.facebook.com\/SanchezAlcarazJamones\/","https:\/\/x.com\/sanchezalcaraz_","https:\/\/www.instagram.com\/sanchez_alcaraz\/"]}]}},"_links":{"self":[{"href":"https:\/\/sanchezalcaraz.com\/en\/wp-json\/wp\/v2\/product\/3981","targetHints":{"allow":["GET"]}}],"collection":[{"href":"https:\/\/sanchezalcaraz.com\/en\/wp-json\/wp\/v2\/product"}],"about":[{"href":"https:\/\/sanchezalcaraz.com\/en\/wp-json\/wp\/v2\/types\/product"}],"wp:featuredmedia":[{"embeddable":true,"href":"https:\/\/sanchezalcaraz.com\/en\/wp-json\/wp\/v2\/media\/3982"}],"wp:attachment":[{"href":"https:\/\/sanchezalcaraz.com\/en\/wp-json\/wp\/v2\/media?parent=3981"}],"wp:term":[{"taxonomy":"product_brand","embeddable":true,"href":"https:\/\/sanchezalcaraz.com\/en\/wp-json\/wp\/v2\/product_brand?post=3981"},{"taxonomy":"product_cat","embeddable":true,"href":"https:\/\/sanchezalcaraz.com\/en\/wp-json\/wp\/v2\/product_cat?post=3981"},{"taxonomy":"product_tag","embeddable":true,"href":"https:\/\/sanchezalcaraz.com\/en\/wp-json\/wp\/v2\/product_tag?post=3981"}],"curies":[{"name":"wp","href":"https:\/\/api.w.org\/{rel}","templated":true}]}}