{"id":288,"date":"2019-08-02T12:29:22","date_gmt":"2019-08-02T10:29:22","guid":{"rendered":"https:\/\/sanchezalcaraz.com\/?post_type=product&#038;p=288"},"modified":"2026-02-16T09:59:16","modified_gmt":"2026-02-16T08:59:16","slug":"5-sobres-de-lomo-de-cebo-iberico-50-raza-iberica-120g","status":"publish","type":"product","link":"https:\/\/sanchezalcaraz.com\/en\/product-2\/5-sobres-de-lomo-de-cebo-iberico-50-raza-iberica-120g\/","title":{"rendered":"5 Sachets of Iberian Cebo Ib\u00e9rico Loin 50% Iberian Breed 100g"},"content":{"rendered":"<p class=\"descripcionLargaProducto\"><span class=\"tituloDescripcionLarga\">Producto<\/span><br \/>\n<span class=\"subtituloDescripcionLarga\">Lomo de Cebo Ib\u00e9rico 50% raza ib\u00e9rica loncheado en finas lonchas en sobres sostenibles de 100g. La caja contiene 5 sobres de 100g cada uno.<\/span><\/p>\n<p class=\"descripcionLargaProducto\"><span class=\"tituloDescripcionLarga\">Sugerencia<\/span><br \/>\n<span class=\"subtituloDescripcionLarga\">Ideal para acompa\u00f1arlo con picos o panes peque\u00f1os.<\/span><\/p>\n<p class=\"descripcionLargaProducto\"><span class=\"tituloDescripcionLarga\">Consejos de consumo<\/span><br \/>\n<span class=\"subtituloDescripcionLarga\">Para disfrutar adecuadamente de este producto, s\u00e1quelo de su envase 15 minutos antes de consumirlo para atemperarlo.<\/span><\/p>\n<p class=\"descripcionLargaProducto\"><span class=\"tituloDescripcionLarga\">Sab\u00edas qu\u00e9<\/span><br \/>\n<span class=\"subtituloDescripcionLarga\">El lomo es uno de los alimentos m\u00e1s ricos en sodio, entre otros minerales esenciales y vitaminas.\u00a0<\/span><\/p>\n<p class=\"descripcionLargaProducto\"><span class=\"tituloDescripcionLarga\">Ingredientes<\/span><br \/>\n<span class=\"subtituloDescripcionLarga\">Lomo de cerdo ib\u00e9rico, sal, piment\u00f3n, dextrosa, especias, antioxidante (E 301), aroma de ajo y conservante (E 250).\u00a0<\/span><\/p>\n<p>VALOR NUTRICIONAL POR CADA 100Gr<\/p>\n<table class=\"composicionProductos\" style=\"max-width: 400px;\">\n<tbody>\n<tr>\n<th>Composici\u00f3n<\/th>\n<th>Cantidad<\/th>\n<\/tr>\n<tr>\n<td>Valor Energ\u00e9tico<\/td>\n<td>1193,0kj\/285,0Kcal<\/td>\n<\/tr>\n<tr>\n<td>Grasas<\/td>\n<td>17,7g<\/td>\n<\/tr>\n<tr>\n<td>de las cuales saturadas<\/td>\n<td>6,1g<\/td>\n<\/tr>\n<tr>\n<td>Hidratos de Carbono<\/td>\n<td>1,0g<\/td>\n<\/tr>\n<tr>\n<td>de los cuales az\u00facares<\/td>\n<td>1,0g<\/td>\n<\/tr>\n<tr>\n<td>Prote\u00ednas<\/td>\n<td>35,0g<\/td>\n<\/tr>\n<tr>\n<td>Sal<\/td>\n<td>4,0g<\/td>\n<\/tr>\n<\/tbody>\n<\/table>","protected":false},"excerpt":{"rendered":"<p class=\"descripcionCortaProducto translation-block\">The 50% Ib\u00e9rico Cebo Loin comes from the part with less fat of the Ib\u00e9rico pig. It is characterized by its infiltration and intense flavor.<\/p>\n<p class=\"descripcionCortaProducto\">Our Sausages are made in the traditional way in our plant in Extremadura.<\/p>\n<p class=\"descripcionCortaProducto translation-block\">More than two generations of experience and the certification of the Iberian national regulation guarantees the quality of our Ib\u00e9rico products.<\/p>\n<p class=\"descripcionCortaProducto\">5 units of 100 grams each,  cut into thin slices so that you can enjoy its intense flavor in an easy way. Each unit is vacuum packed in sustainable paper packaging with 65% less plastic than the previous packaging.<\/p>\n<p class=\"descripcionCortaProducto\"><strong>Precio: 90 \u20ac\/kg<\/strong><\/p>","protected":false},"featured_media":5048,"template":"","meta":[],"product_brand":[],"product_cat":[21],"product_tag":[],"class_list":{"0":"post-288","1":"product","2":"type-product","3":"status-publish","4":"has-post-thumbnail","6":"product_cat-loncheados","8":"first","9":"instock","10":"shipping-taxable","11":"purchasable","12":"product-type-simple"},"yoast_head":"<!-- This site is optimized with the Yoast SEO plugin v24.3 - https:\/\/yoast.com\/wordpress\/plugins\/seo\/ -->\n<title>5 Sobres de Lomo de Cebo Ib\u00e9rico 50% Raza Ib\u00e9rica 100g<\/title>\n<meta name=\"description\" content=\"Prueba nuestros productos de calidad garantizada por m\u00e1s de dos generaciones de especialistas en la producci\u00f3n de jam\u00f3n y embutidos.\" \/>\n<meta name=\"robots\" content=\"index, follow, max-snippet:-1, max-image-preview:large, max-video-preview:-1\" \/>\n<link rel=\"canonical\" href=\"https:\/\/sanchezalcaraz.com\/en\/product-2\/5-sobres-de-lomo-de-cebo-iberico-50-raza-iberica-120g\/\" \/>\n<meta property=\"og:locale\" content=\"en_GB\" \/>\n<meta property=\"og:type\" content=\"article\" \/>\n<meta property=\"og:title\" content=\"5 Sobres de Lomo de Cebo Ib\u00e9rico 50% Raza Ib\u00e9rica 100g\" \/>\n<meta property=\"og:description\" content=\"Prueba nuestros productos de calidad garantizada por m\u00e1s de dos generaciones de especialistas en la producci\u00f3n de jam\u00f3n y embutidos.\" \/>\n<meta property=\"og:url\" content=\"https:\/\/sanchezalcaraz.com\/en\/product-2\/5-sobres-de-lomo-de-cebo-iberico-50-raza-iberica-120g\/\" \/>\n<meta property=\"og:site_name\" content=\"Sanchez Alcaraz\" \/>\n<meta property=\"article:publisher\" content=\"https:\/\/www.facebook.com\/SanchezAlcarazJamones\/\" \/>\n<meta property=\"article:modified_time\" content=\"2026-02-16T08:59:16+00:00\" \/>\n<meta property=\"og:image\" content=\"https:\/\/sanchezalcaraz.com\/wp-content\/uploads\/2019\/08\/LONCHEADO-LOMO-CEBO-IBE-50RI-SA-100G-1.jpg\" \/>\n\t<meta property=\"og:image:width\" content=\"800\" \/>\n\t<meta property=\"og:image:height\" content=\"960\" \/>\n\t<meta property=\"og:image:type\" content=\"image\/jpeg\" \/>\n<meta name=\"twitter:card\" content=\"summary_large_image\" \/>\n<meta name=\"twitter:site\" content=\"@sanchezalcaraz_\" \/>\n<meta name=\"twitter:label1\" content=\"Estimated reading time\" \/>\n\t<meta name=\"twitter:data1\" content=\"1 minute\" \/>\n<script type=\"application\/ld+json\" class=\"yoast-schema-graph\">{\"@context\":\"https:\/\/schema.org\",\"@graph\":[{\"@type\":\"WebPage\",\"@id\":\"https:\/\/sanchezalcaraz.com\/producto\/5-sobres-de-lomo-de-cebo-iberico-50-raza-iberica-120g\/\",\"url\":\"https:\/\/sanchezalcaraz.com\/producto\/5-sobres-de-lomo-de-cebo-iberico-50-raza-iberica-120g\/\",\"name\":\"5 Sobres de Lomo de Cebo Ib\u00e9rico 50% Raza Ib\u00e9rica 100g\",\"isPartOf\":{\"@id\":\"https:\/\/sanchezalcaraz.com\/#website\"},\"primaryImageOfPage\":{\"@id\":\"https:\/\/sanchezalcaraz.com\/producto\/5-sobres-de-lomo-de-cebo-iberico-50-raza-iberica-120g\/#primaryimage\"},\"image\":{\"@id\":\"https:\/\/sanchezalcaraz.com\/producto\/5-sobres-de-lomo-de-cebo-iberico-50-raza-iberica-120g\/#primaryimage\"},\"thumbnailUrl\":\"https:\/\/sanchezalcaraz.com\/wp-content\/uploads\/2019\/08\/LONCHEADO-LOMO-CEBO-IBE-50RI-SA-100G-1.jpg\",\"datePublished\":\"2019-08-02T10:29:22+00:00\",\"dateModified\":\"2026-02-16T08:59:16+00:00\",\"description\":\"Prueba nuestros productos de calidad garantizada por m\u00e1s de dos generaciones de especialistas en la producci\u00f3n de jam\u00f3n y embutidos.\",\"breadcrumb\":{\"@id\":\"https:\/\/sanchezalcaraz.com\/producto\/5-sobres-de-lomo-de-cebo-iberico-50-raza-iberica-120g\/#breadcrumb\"},\"inLanguage\":\"en-GB\",\"potentialAction\":[{\"@type\":\"ReadAction\",\"target\":[\"https:\/\/sanchezalcaraz.com\/producto\/5-sobres-de-lomo-de-cebo-iberico-50-raza-iberica-120g\/\"]}]},{\"@type\":\"ImageObject\",\"inLanguage\":\"en-GB\",\"@id\":\"https:\/\/sanchezalcaraz.com\/producto\/5-sobres-de-lomo-de-cebo-iberico-50-raza-iberica-120g\/#primaryimage\",\"url\":\"https:\/\/sanchezalcaraz.com\/wp-content\/uploads\/2019\/08\/LONCHEADO-LOMO-CEBO-IBE-50RI-SA-100G-1.jpg\",\"contentUrl\":\"https:\/\/sanchezalcaraz.com\/wp-content\/uploads\/2019\/08\/LONCHEADO-LOMO-CEBO-IBE-50RI-SA-100G-1.jpg\",\"width\":800,\"height\":960,\"caption\":\"LONCHEADO-LOMO-CEBO-IBE-50RI-SA-100G\"},{\"@type\":\"BreadcrumbList\",\"@id\":\"https:\/\/sanchezalcaraz.com\/producto\/5-sobres-de-lomo-de-cebo-iberico-50-raza-iberica-120g\/#breadcrumb\",\"itemListElement\":[{\"@type\":\"ListItem\",\"position\":1,\"name\":\"Portada\",\"item\":\"https:\/\/sanchezalcaraz.com\/\"},{\"@type\":\"ListItem\",\"position\":2,\"name\":\"Tienda\",\"item\":\"https:\/\/sanchezalcaraz.com\/tienda\/\"},{\"@type\":\"ListItem\",\"position\":3,\"name\":\"5 Sobres de Lomo de Cebo Ib\u00e9rico 50% Raza Ib\u00e9rica 100g\"}]},{\"@type\":\"WebSite\",\"@id\":\"https:\/\/sanchezalcaraz.com\/#website\",\"url\":\"https:\/\/sanchezalcaraz.com\/\",\"name\":\"Sanchez Alcaraz\",\"description\":\"\",\"publisher\":{\"@id\":\"https:\/\/sanchezalcaraz.com\/#organization\"},\"potentialAction\":[{\"@type\":\"SearchAction\",\"target\":{\"@type\":\"EntryPoint\",\"urlTemplate\":\"https:\/\/sanchezalcaraz.com\/?s={search_term_string}\"},\"query-input\":{\"@type\":\"PropertyValueSpecification\",\"valueRequired\":true,\"valueName\":\"search_term_string\"}}],\"inLanguage\":\"en-GB\"},{\"@type\":\"Organization\",\"@id\":\"https:\/\/sanchezalcaraz.com\/#organization\",\"name\":\"S\u00e1nchez Alcaraz\",\"url\":\"https:\/\/sanchezalcaraz.com\/\",\"logo\":{\"@type\":\"ImageObject\",\"inLanguage\":\"en-GB\",\"@id\":\"https:\/\/sanchezalcaraz.com\/#\/schema\/logo\/image\/\",\"url\":\"https:\/\/sanchezalcaraz.com\/wp-content\/uploads\/2023\/04\/cabecera-sanchez-alcaraz-logo-nuevo.jpg\",\"contentUrl\":\"https:\/\/sanchezalcaraz.com\/wp-content\/uploads\/2023\/04\/cabecera-sanchez-alcaraz-logo-nuevo.jpg\",\"width\":900,\"height\":600,\"caption\":\"S\u00e1nchez Alcaraz\"},\"image\":{\"@id\":\"https:\/\/sanchezalcaraz.com\/#\/schema\/logo\/image\/\"},\"sameAs\":[\"https:\/\/www.facebook.com\/SanchezAlcarazJamones\/\",\"https:\/\/x.com\/sanchezalcaraz_\",\"https:\/\/www.instagram.com\/sanchez_alcaraz\/\"]}]}<\/script>\n<!-- \/ Yoast SEO plugin. -->","yoast_head_json":{"title":"5 Sobres de Lomo de Cebo Ib\u00e9rico 50% Raza Ib\u00e9rica 100g","description":"Prueba nuestros productos de calidad garantizada por m\u00e1s de dos generaciones de especialistas en la producci\u00f3n de jam\u00f3n y embutidos.","robots":{"index":"index","follow":"follow","max-snippet":"max-snippet:-1","max-image-preview":"max-image-preview:large","max-video-preview":"max-video-preview:-1"},"canonical":"https:\/\/sanchezalcaraz.com\/en\/product-2\/5-sobres-de-lomo-de-cebo-iberico-50-raza-iberica-120g\/","og_locale":"en_GB","og_type":"article","og_title":"5 Sobres de Lomo de Cebo Ib\u00e9rico 50% Raza Ib\u00e9rica 100g","og_description":"Prueba nuestros productos de calidad garantizada por m\u00e1s de dos generaciones de especialistas en la producci\u00f3n de jam\u00f3n y embutidos.","og_url":"https:\/\/sanchezalcaraz.com\/en\/product-2\/5-sobres-de-lomo-de-cebo-iberico-50-raza-iberica-120g\/","og_site_name":"Sanchez Alcaraz","article_publisher":"https:\/\/www.facebook.com\/SanchezAlcarazJamones\/","article_modified_time":"2026-02-16T08:59:16+00:00","og_image":[{"width":800,"height":960,"url":"https:\/\/sanchezalcaraz.com\/wp-content\/uploads\/2019\/08\/LONCHEADO-LOMO-CEBO-IBE-50RI-SA-100G-1.jpg","type":"image\/jpeg"}],"twitter_card":"summary_large_image","twitter_site":"@sanchezalcaraz_","twitter_misc":{"Estimated reading time":"1 minute"},"schema":{"@context":"https:\/\/schema.org","@graph":[{"@type":"WebPage","@id":"https:\/\/sanchezalcaraz.com\/producto\/5-sobres-de-lomo-de-cebo-iberico-50-raza-iberica-120g\/","url":"https:\/\/sanchezalcaraz.com\/producto\/5-sobres-de-lomo-de-cebo-iberico-50-raza-iberica-120g\/","name":"5 Sobres de Lomo de Cebo Ib\u00e9rico 50% Raza Ib\u00e9rica 100g","isPartOf":{"@id":"https:\/\/sanchezalcaraz.com\/#website"},"primaryImageOfPage":{"@id":"https:\/\/sanchezalcaraz.com\/producto\/5-sobres-de-lomo-de-cebo-iberico-50-raza-iberica-120g\/#primaryimage"},"image":{"@id":"https:\/\/sanchezalcaraz.com\/producto\/5-sobres-de-lomo-de-cebo-iberico-50-raza-iberica-120g\/#primaryimage"},"thumbnailUrl":"https:\/\/sanchezalcaraz.com\/wp-content\/uploads\/2019\/08\/LONCHEADO-LOMO-CEBO-IBE-50RI-SA-100G-1.jpg","datePublished":"2019-08-02T10:29:22+00:00","dateModified":"2026-02-16T08:59:16+00:00","description":"Prueba nuestros productos de calidad garantizada por m\u00e1s de dos generaciones de especialistas en la producci\u00f3n de jam\u00f3n y embutidos.","breadcrumb":{"@id":"https:\/\/sanchezalcaraz.com\/producto\/5-sobres-de-lomo-de-cebo-iberico-50-raza-iberica-120g\/#breadcrumb"},"inLanguage":"en-GB","potentialAction":[{"@type":"ReadAction","target":["https:\/\/sanchezalcaraz.com\/producto\/5-sobres-de-lomo-de-cebo-iberico-50-raza-iberica-120g\/"]}]},{"@type":"ImageObject","inLanguage":"en-GB","@id":"https:\/\/sanchezalcaraz.com\/producto\/5-sobres-de-lomo-de-cebo-iberico-50-raza-iberica-120g\/#primaryimage","url":"https:\/\/sanchezalcaraz.com\/wp-content\/uploads\/2019\/08\/LONCHEADO-LOMO-CEBO-IBE-50RI-SA-100G-1.jpg","contentUrl":"https:\/\/sanchezalcaraz.com\/wp-content\/uploads\/2019\/08\/LONCHEADO-LOMO-CEBO-IBE-50RI-SA-100G-1.jpg","width":800,"height":960,"caption":"LONCHEADO-LOMO-CEBO-IBE-50RI-SA-100G"},{"@type":"BreadcrumbList","@id":"https:\/\/sanchezalcaraz.com\/producto\/5-sobres-de-lomo-de-cebo-iberico-50-raza-iberica-120g\/#breadcrumb","itemListElement":[{"@type":"ListItem","position":1,"name":"Portada","item":"https:\/\/sanchezalcaraz.com\/"},{"@type":"ListItem","position":2,"name":"Tienda","item":"https:\/\/sanchezalcaraz.com\/tienda\/"},{"@type":"ListItem","position":3,"name":"5 Sobres de Lomo de Cebo Ib\u00e9rico 50% Raza Ib\u00e9rica 100g"}]},{"@type":"WebSite","@id":"https:\/\/sanchezalcaraz.com\/#website","url":"https:\/\/sanchezalcaraz.com\/","name":"Sanchez Alcaraz","description":"","publisher":{"@id":"https:\/\/sanchezalcaraz.com\/#organization"},"potentialAction":[{"@type":"SearchAction","target":{"@type":"EntryPoint","urlTemplate":"https:\/\/sanchezalcaraz.com\/?s={search_term_string}"},"query-input":{"@type":"PropertyValueSpecification","valueRequired":true,"valueName":"search_term_string"}}],"inLanguage":"en-GB"},{"@type":"Organization","@id":"https:\/\/sanchezalcaraz.com\/#organization","name":"S\u00e1nchez Alcaraz","url":"https:\/\/sanchezalcaraz.com\/","logo":{"@type":"ImageObject","inLanguage":"en-GB","@id":"https:\/\/sanchezalcaraz.com\/#\/schema\/logo\/image\/","url":"https:\/\/sanchezalcaraz.com\/wp-content\/uploads\/2023\/04\/cabecera-sanchez-alcaraz-logo-nuevo.jpg","contentUrl":"https:\/\/sanchezalcaraz.com\/wp-content\/uploads\/2023\/04\/cabecera-sanchez-alcaraz-logo-nuevo.jpg","width":900,"height":600,"caption":"S\u00e1nchez Alcaraz"},"image":{"@id":"https:\/\/sanchezalcaraz.com\/#\/schema\/logo\/image\/"},"sameAs":["https:\/\/www.facebook.com\/SanchezAlcarazJamones\/","https:\/\/x.com\/sanchezalcaraz_","https:\/\/www.instagram.com\/sanchez_alcaraz\/"]}]}},"_links":{"self":[{"href":"https:\/\/sanchezalcaraz.com\/en\/wp-json\/wp\/v2\/product\/288","targetHints":{"allow":["GET"]}}],"collection":[{"href":"https:\/\/sanchezalcaraz.com\/en\/wp-json\/wp\/v2\/product"}],"about":[{"href":"https:\/\/sanchezalcaraz.com\/en\/wp-json\/wp\/v2\/types\/product"}],"wp:featuredmedia":[{"embeddable":true,"href":"https:\/\/sanchezalcaraz.com\/en\/wp-json\/wp\/v2\/media\/5048"}],"wp:attachment":[{"href":"https:\/\/sanchezalcaraz.com\/en\/wp-json\/wp\/v2\/media?parent=288"}],"wp:term":[{"taxonomy":"product_brand","embeddable":true,"href":"https:\/\/sanchezalcaraz.com\/en\/wp-json\/wp\/v2\/product_brand?post=288"},{"taxonomy":"product_cat","embeddable":true,"href":"https:\/\/sanchezalcaraz.com\/en\/wp-json\/wp\/v2\/product_cat?post=288"},{"taxonomy":"product_tag","embeddable":true,"href":"https:\/\/sanchezalcaraz.com\/en\/wp-json\/wp\/v2\/product_tag?post=288"}],"curies":[{"name":"wp","href":"https:\/\/api.w.org\/{rel}","templated":true}]}}