{"id":253,"date":"2019-08-01T18:29:27","date_gmt":"2019-08-01T16:29:27","guid":{"rendered":"https:\/\/sanchezalcaraz.com\/?post_type=product&#038;p=253"},"modified":"2026-02-16T11:56:24","modified_gmt":"2026-02-16T10:56:24","slug":"5-platos-jamon-bellota-iberico-50-raza-iberica-80g","status":"publish","type":"product","link":"https:\/\/sanchezalcaraz.com\/en\/product-2\/5-platos-jamon-bellota-iberico-50-raza-iberica-80g\/","title":{"rendered":"5 Platos de Jam\u00f3n de Bellota Ib\u00e9rico 50% raza ib\u00e9rica 80g"},"content":{"rendered":"<p class=\"descripcionLargaProducto\"><span class=\"tituloDescripcionLarga\">Producto<\/span><br \/>\n<span class=\"subtituloDescripcionLarga\"> Plato de Jam\u00f3n de Bellota Ib\u00e9rico 50% raza ib\u00e9rica en lonchas. Este estuche contiene 5 platos de 80g cada uno.<\/span><\/p>\n<p class=\"descripcionLargaProducto\"><span class=\"tituloDescripcionLarga\">Sugerencia<\/span><br \/>\n<span class=\"subtituloDescripcionLarga\">Qu\u00e9 m\u00e1s se puede decir de un plato de tapas de jam\u00f3n ib\u00e9rico. Perfecto para disfrutar en casa con la familia y amigos.<\/span><\/p>\n<p class=\"descripcionLargaProducto\"><span class=\"tituloDescripcionLarga\">Consejos de consumo<\/span><br \/>\n<span class=\"subtituloDescripcionLarga\">Contiene una blonda interior para sacar f\u00e1cilmente las tapas de jam\u00f3n de una vez y disfrutar. Atemperar este producto y sacar antes de su envase 15 minutos antes de consumirlo.<\/span><\/p>\n<p class=\"descripcionLargaProducto\"><span class=\"tituloDescripcionLarga\">Sab\u00edas qu\u00e9<\/span><br \/>\n<span class=\"subtituloDescripcionLarga\">Su consumo regular aporta a nuestros organismo hierro, vitaminas y minerales esenciales. El jam\u00f3n ib\u00e9rico es utilizado en gastronom\u00eda como art\u00edculo de lujo a nivel nacional e internacional.<\/span><\/p>\n<p class=\"descripcionLargaProducto\"><span class=\"tituloDescripcionLarga\">Ingredientes<\/span><br \/>\n<span class=\"subtituloDescripcionLarga\">Jam\u00f3n de cerdo ib\u00e9rico de bellota, sal, az\u00facares, conservantes (E 250, E 252) y antioxidante (E 301).<\/span><\/p>\n<p>VALOR NUTRICIONAL POR CADA 100Gr<\/p>\n<table class=\"composicionProductos\" style=\"max-width: 400px;\">\n<tbody>\n<tr>\n<th>Composici\u00f3n<\/th>\n<th>Cantidad<\/th>\n<\/tr>\n<tr>\n<td>Valor Energ\u00e9tico<\/td>\n<td>1668kj\/406Kcal<\/td>\n<\/tr>\n<tr>\n<td>Grasas<\/td>\n<td>30g<\/td>\n<\/tr>\n<tr>\n<td>de las cuales saturadas<\/td>\n<td>11g<\/td>\n<\/tr>\n<tr>\n<td>Hidratos de Carbono<\/td>\n<td>1g<\/td>\n<\/tr>\n<tr>\n<td>de los cuales az\u00facares<\/td>\n<td>1g<\/td>\n<\/tr>\n<tr>\n<td>Prote\u00ednas<\/td>\n<td>33g<\/td>\n<\/tr>\n<tr>\n<td>Sal<\/td>\n<td>4,5g<\/td>\n<\/tr>\n<\/tbody>\n<\/table>","protected":false},"excerpt":{"rendered":"<p class=\"descripcionCortaProducto\">Nunca ha sido tan f\u00e1cil preparar tu <strong>plato de Jam\u00f3n Ib\u00e9rico<\/strong>. Abre el envase, saca el plato r\u00edgido incluido y ya lo tienes. \u00a1A disfrutar! Este producto contiene <strong>5 platos de Jam\u00f3n de Bellota Iberico 50% raza ib\u00e9rica<\/strong> de 80 gramos cada uno.<\/p>\n<p class=\"descripcionCortaProducto\">We make a selection of the raw material for the S\u00e1nchez Alcaraz Acorn-fed 50% Ib\u00e9rico from selected animals, raised and fed in the traditional way.<\/p>\n<p class=\"descripcionCortaProducto\">Contamos con secaderos en Extremadura donde los jamones se curan siguiendo el sistema tradicional dejando que pasen por las fases de salaz\u00f3n y secado en condiciones \u00f3ptimas. La curaci\u00f3n es lenta y larga mejorando la textura y el sabor.<\/p>\n<p class=\"descripcionCortaProducto translation-block\">The certification of the Ib\u00e9rico national regulation guarantees the quality of our Iberian products.<\/p>\n<p class=\"descripcionCortaProducto\">Estuche con 5 platos con 80 gramos de producto por cada sobre envasado en atm\u00f3sfera protectora con plato interior y enviado en estuche de cart\u00f3n.<\/p>\n<p class=\"descripcionCortaProducto\"><strong>Precio: 150 \u20ac\/kg<\/strong><\/p>","protected":false},"featured_media":7467,"template":"","meta":[],"product_brand":[],"product_cat":[21,46,22],"product_tag":[],"class_list":{"0":"post-253","1":"product","2":"type-product","3":"status-publish","4":"has-post-thumbnail","6":"product_cat-loncheados","7":"product_cat-navidad","8":"product_cat-regalos","10":"first","11":"instock","12":"shipping-taxable","13":"purchasable","14":"product-type-simple"},"yoast_head":"<!-- This site is optimized with the Yoast SEO plugin v24.3 - https:\/\/yoast.com\/wordpress\/plugins\/seo\/ -->\n<title>5 Platos de Jam\u00f3n de Bellota Ib\u00e9rico 50% raza ib\u00e9rica 80g<\/title>\n<meta name=\"description\" content=\"Prueba nuestros productos de calidad garantizada por m\u00e1s de dos generaciones de especialistas en la producci\u00f3n de jam\u00f3n y embutidos.\" \/>\n<meta name=\"robots\" content=\"index, follow, max-snippet:-1, max-image-preview:large, max-video-preview:-1\" \/>\n<link rel=\"canonical\" href=\"https:\/\/sanchezalcaraz.com\/en\/product-2\/5-platos-jamon-bellota-iberico-50-raza-iberica-80g\/\" \/>\n<meta property=\"og:locale\" content=\"en_GB\" \/>\n<meta property=\"og:type\" content=\"article\" \/>\n<meta property=\"og:title\" content=\"5 Platos de Jam\u00f3n de Bellota Ib\u00e9rico 50% raza ib\u00e9rica 80g\" \/>\n<meta property=\"og:description\" content=\"Prueba nuestros productos de calidad garantizada por m\u00e1s de dos generaciones de especialistas en la producci\u00f3n de jam\u00f3n y embutidos.\" \/>\n<meta property=\"og:url\" content=\"https:\/\/sanchezalcaraz.com\/en\/product-2\/5-platos-jamon-bellota-iberico-50-raza-iberica-80g\/\" \/>\n<meta property=\"og:site_name\" content=\"Sanchez Alcaraz\" \/>\n<meta property=\"article:publisher\" content=\"https:\/\/www.facebook.com\/SanchezAlcarazJamones\/\" \/>\n<meta property=\"article:modified_time\" content=\"2026-02-16T10:56:24+00:00\" \/>\n<meta property=\"og:image\" content=\"https:\/\/sanchezalcaraz.com\/wp-content\/uploads\/2019\/08\/LONCHEADO-JAMON-BELLOTA-IBE-50RI-PLATO-80G-SA-1.webp\" \/>\n\t<meta property=\"og:image:width\" content=\"800\" \/>\n\t<meta property=\"og:image:height\" content=\"960\" \/>\n\t<meta property=\"og:image:type\" content=\"image\/webp\" \/>\n<meta name=\"twitter:card\" content=\"summary_large_image\" \/>\n<meta name=\"twitter:site\" content=\"@sanchezalcaraz_\" \/>\n<meta name=\"twitter:label1\" content=\"Estimated reading time\" \/>\n\t<meta name=\"twitter:data1\" content=\"1 minute\" \/>\n<script type=\"application\/ld+json\" class=\"yoast-schema-graph\">{\"@context\":\"https:\/\/schema.org\",\"@graph\":[{\"@type\":\"WebPage\",\"@id\":\"https:\/\/sanchezalcaraz.com\/producto\/5-platos-jamon-bellota-iberico-50-raza-iberica-80g\/\",\"url\":\"https:\/\/sanchezalcaraz.com\/producto\/5-platos-jamon-bellota-iberico-50-raza-iberica-80g\/\",\"name\":\"5 Platos de Jam\u00f3n de Bellota Ib\u00e9rico 50% raza ib\u00e9rica 80g\",\"isPartOf\":{\"@id\":\"https:\/\/sanchezalcaraz.com\/#website\"},\"primaryImageOfPage\":{\"@id\":\"https:\/\/sanchezalcaraz.com\/producto\/5-platos-jamon-bellota-iberico-50-raza-iberica-80g\/#primaryimage\"},\"image\":{\"@id\":\"https:\/\/sanchezalcaraz.com\/producto\/5-platos-jamon-bellota-iberico-50-raza-iberica-80g\/#primaryimage\"},\"thumbnailUrl\":\"https:\/\/sanchezalcaraz.com\/wp-content\/uploads\/2019\/08\/LONCHEADO-JAMON-BELLOTA-IBE-50RI-PLATO-80G-SA-1.webp\",\"datePublished\":\"2019-08-01T16:29:27+00:00\",\"dateModified\":\"2026-02-16T10:56:24+00:00\",\"description\":\"Prueba nuestros productos de calidad garantizada por m\u00e1s de dos generaciones de especialistas en la producci\u00f3n de jam\u00f3n y embutidos.\",\"breadcrumb\":{\"@id\":\"https:\/\/sanchezalcaraz.com\/producto\/5-platos-jamon-bellota-iberico-50-raza-iberica-80g\/#breadcrumb\"},\"inLanguage\":\"en-GB\",\"potentialAction\":[{\"@type\":\"ReadAction\",\"target\":[\"https:\/\/sanchezalcaraz.com\/producto\/5-platos-jamon-bellota-iberico-50-raza-iberica-80g\/\"]}]},{\"@type\":\"ImageObject\",\"inLanguage\":\"en-GB\",\"@id\":\"https:\/\/sanchezalcaraz.com\/producto\/5-platos-jamon-bellota-iberico-50-raza-iberica-80g\/#primaryimage\",\"url\":\"https:\/\/sanchezalcaraz.com\/wp-content\/uploads\/2019\/08\/LONCHEADO-JAMON-BELLOTA-IBE-50RI-PLATO-80G-SA-1.webp\",\"contentUrl\":\"https:\/\/sanchezalcaraz.com\/wp-content\/uploads\/2019\/08\/LONCHEADO-JAMON-BELLOTA-IBE-50RI-PLATO-80G-SA-1.webp\",\"width\":800,\"height\":960},{\"@type\":\"BreadcrumbList\",\"@id\":\"https:\/\/sanchezalcaraz.com\/producto\/5-platos-jamon-bellota-iberico-50-raza-iberica-80g\/#breadcrumb\",\"itemListElement\":[{\"@type\":\"ListItem\",\"position\":1,\"name\":\"Portada\",\"item\":\"https:\/\/sanchezalcaraz.com\/\"},{\"@type\":\"ListItem\",\"position\":2,\"name\":\"Tienda\",\"item\":\"https:\/\/sanchezalcaraz.com\/tienda\/\"},{\"@type\":\"ListItem\",\"position\":3,\"name\":\"5 Platos de Jam\u00f3n de Bellota Ib\u00e9rico 50% raza ib\u00e9rica 80g\"}]},{\"@type\":\"WebSite\",\"@id\":\"https:\/\/sanchezalcaraz.com\/#website\",\"url\":\"https:\/\/sanchezalcaraz.com\/\",\"name\":\"Sanchez Alcaraz\",\"description\":\"\",\"publisher\":{\"@id\":\"https:\/\/sanchezalcaraz.com\/#organization\"},\"potentialAction\":[{\"@type\":\"SearchAction\",\"target\":{\"@type\":\"EntryPoint\",\"urlTemplate\":\"https:\/\/sanchezalcaraz.com\/?s={search_term_string}\"},\"query-input\":{\"@type\":\"PropertyValueSpecification\",\"valueRequired\":true,\"valueName\":\"search_term_string\"}}],\"inLanguage\":\"en-GB\"},{\"@type\":\"Organization\",\"@id\":\"https:\/\/sanchezalcaraz.com\/#organization\",\"name\":\"S\u00e1nchez Alcaraz\",\"url\":\"https:\/\/sanchezalcaraz.com\/\",\"logo\":{\"@type\":\"ImageObject\",\"inLanguage\":\"en-GB\",\"@id\":\"https:\/\/sanchezalcaraz.com\/#\/schema\/logo\/image\/\",\"url\":\"https:\/\/sanchezalcaraz.com\/wp-content\/uploads\/2023\/04\/cabecera-sanchez-alcaraz-logo-nuevo.jpg\",\"contentUrl\":\"https:\/\/sanchezalcaraz.com\/wp-content\/uploads\/2023\/04\/cabecera-sanchez-alcaraz-logo-nuevo.jpg\",\"width\":900,\"height\":600,\"caption\":\"S\u00e1nchez Alcaraz\"},\"image\":{\"@id\":\"https:\/\/sanchezalcaraz.com\/#\/schema\/logo\/image\/\"},\"sameAs\":[\"https:\/\/www.facebook.com\/SanchezAlcarazJamones\/\",\"https:\/\/x.com\/sanchezalcaraz_\",\"https:\/\/www.instagram.com\/sanchez_alcaraz\/\"]}]}<\/script>\n<!-- \/ Yoast SEO plugin. -->","yoast_head_json":{"title":"5 Platos de Jam\u00f3n de Bellota Ib\u00e9rico 50% raza ib\u00e9rica 80g","description":"Prueba nuestros productos de calidad garantizada por m\u00e1s de dos generaciones de especialistas en la producci\u00f3n de jam\u00f3n y embutidos.","robots":{"index":"index","follow":"follow","max-snippet":"max-snippet:-1","max-image-preview":"max-image-preview:large","max-video-preview":"max-video-preview:-1"},"canonical":"https:\/\/sanchezalcaraz.com\/en\/product-2\/5-platos-jamon-bellota-iberico-50-raza-iberica-80g\/","og_locale":"en_GB","og_type":"article","og_title":"5 Platos de Jam\u00f3n de Bellota Ib\u00e9rico 50% raza ib\u00e9rica 80g","og_description":"Prueba nuestros productos de calidad garantizada por m\u00e1s de dos generaciones de especialistas en la producci\u00f3n de jam\u00f3n y embutidos.","og_url":"https:\/\/sanchezalcaraz.com\/en\/product-2\/5-platos-jamon-bellota-iberico-50-raza-iberica-80g\/","og_site_name":"Sanchez Alcaraz","article_publisher":"https:\/\/www.facebook.com\/SanchezAlcarazJamones\/","article_modified_time":"2026-02-16T10:56:24+00:00","og_image":[{"width":800,"height":960,"url":"https:\/\/sanchezalcaraz.com\/wp-content\/uploads\/2019\/08\/LONCHEADO-JAMON-BELLOTA-IBE-50RI-PLATO-80G-SA-1.webp","type":"image\/webp"}],"twitter_card":"summary_large_image","twitter_site":"@sanchezalcaraz_","twitter_misc":{"Estimated reading time":"1 minute"},"schema":{"@context":"https:\/\/schema.org","@graph":[{"@type":"WebPage","@id":"https:\/\/sanchezalcaraz.com\/producto\/5-platos-jamon-bellota-iberico-50-raza-iberica-80g\/","url":"https:\/\/sanchezalcaraz.com\/producto\/5-platos-jamon-bellota-iberico-50-raza-iberica-80g\/","name":"5 Platos de Jam\u00f3n de Bellota Ib\u00e9rico 50% raza ib\u00e9rica 80g","isPartOf":{"@id":"https:\/\/sanchezalcaraz.com\/#website"},"primaryImageOfPage":{"@id":"https:\/\/sanchezalcaraz.com\/producto\/5-platos-jamon-bellota-iberico-50-raza-iberica-80g\/#primaryimage"},"image":{"@id":"https:\/\/sanchezalcaraz.com\/producto\/5-platos-jamon-bellota-iberico-50-raza-iberica-80g\/#primaryimage"},"thumbnailUrl":"https:\/\/sanchezalcaraz.com\/wp-content\/uploads\/2019\/08\/LONCHEADO-JAMON-BELLOTA-IBE-50RI-PLATO-80G-SA-1.webp","datePublished":"2019-08-01T16:29:27+00:00","dateModified":"2026-02-16T10:56:24+00:00","description":"Prueba nuestros productos de calidad garantizada por m\u00e1s de dos generaciones de especialistas en la producci\u00f3n de jam\u00f3n y embutidos.","breadcrumb":{"@id":"https:\/\/sanchezalcaraz.com\/producto\/5-platos-jamon-bellota-iberico-50-raza-iberica-80g\/#breadcrumb"},"inLanguage":"en-GB","potentialAction":[{"@type":"ReadAction","target":["https:\/\/sanchezalcaraz.com\/producto\/5-platos-jamon-bellota-iberico-50-raza-iberica-80g\/"]}]},{"@type":"ImageObject","inLanguage":"en-GB","@id":"https:\/\/sanchezalcaraz.com\/producto\/5-platos-jamon-bellota-iberico-50-raza-iberica-80g\/#primaryimage","url":"https:\/\/sanchezalcaraz.com\/wp-content\/uploads\/2019\/08\/LONCHEADO-JAMON-BELLOTA-IBE-50RI-PLATO-80G-SA-1.webp","contentUrl":"https:\/\/sanchezalcaraz.com\/wp-content\/uploads\/2019\/08\/LONCHEADO-JAMON-BELLOTA-IBE-50RI-PLATO-80G-SA-1.webp","width":800,"height":960},{"@type":"BreadcrumbList","@id":"https:\/\/sanchezalcaraz.com\/producto\/5-platos-jamon-bellota-iberico-50-raza-iberica-80g\/#breadcrumb","itemListElement":[{"@type":"ListItem","position":1,"name":"Portada","item":"https:\/\/sanchezalcaraz.com\/"},{"@type":"ListItem","position":2,"name":"Tienda","item":"https:\/\/sanchezalcaraz.com\/tienda\/"},{"@type":"ListItem","position":3,"name":"5 Platos de Jam\u00f3n de Bellota Ib\u00e9rico 50% raza ib\u00e9rica 80g"}]},{"@type":"WebSite","@id":"https:\/\/sanchezalcaraz.com\/#website","url":"https:\/\/sanchezalcaraz.com\/","name":"Sanchez Alcaraz","description":"","publisher":{"@id":"https:\/\/sanchezalcaraz.com\/#organization"},"potentialAction":[{"@type":"SearchAction","target":{"@type":"EntryPoint","urlTemplate":"https:\/\/sanchezalcaraz.com\/?s={search_term_string}"},"query-input":{"@type":"PropertyValueSpecification","valueRequired":true,"valueName":"search_term_string"}}],"inLanguage":"en-GB"},{"@type":"Organization","@id":"https:\/\/sanchezalcaraz.com\/#organization","name":"S\u00e1nchez Alcaraz","url":"https:\/\/sanchezalcaraz.com\/","logo":{"@type":"ImageObject","inLanguage":"en-GB","@id":"https:\/\/sanchezalcaraz.com\/#\/schema\/logo\/image\/","url":"https:\/\/sanchezalcaraz.com\/wp-content\/uploads\/2023\/04\/cabecera-sanchez-alcaraz-logo-nuevo.jpg","contentUrl":"https:\/\/sanchezalcaraz.com\/wp-content\/uploads\/2023\/04\/cabecera-sanchez-alcaraz-logo-nuevo.jpg","width":900,"height":600,"caption":"S\u00e1nchez Alcaraz"},"image":{"@id":"https:\/\/sanchezalcaraz.com\/#\/schema\/logo\/image\/"},"sameAs":["https:\/\/www.facebook.com\/SanchezAlcarazJamones\/","https:\/\/x.com\/sanchezalcaraz_","https:\/\/www.instagram.com\/sanchez_alcaraz\/"]}]}},"_links":{"self":[{"href":"https:\/\/sanchezalcaraz.com\/en\/wp-json\/wp\/v2\/product\/253","targetHints":{"allow":["GET"]}}],"collection":[{"href":"https:\/\/sanchezalcaraz.com\/en\/wp-json\/wp\/v2\/product"}],"about":[{"href":"https:\/\/sanchezalcaraz.com\/en\/wp-json\/wp\/v2\/types\/product"}],"wp:featuredmedia":[{"embeddable":true,"href":"https:\/\/sanchezalcaraz.com\/en\/wp-json\/wp\/v2\/media\/7467"}],"wp:attachment":[{"href":"https:\/\/sanchezalcaraz.com\/en\/wp-json\/wp\/v2\/media?parent=253"}],"wp:term":[{"taxonomy":"product_brand","embeddable":true,"href":"https:\/\/sanchezalcaraz.com\/en\/wp-json\/wp\/v2\/product_brand?post=253"},{"taxonomy":"product_cat","embeddable":true,"href":"https:\/\/sanchezalcaraz.com\/en\/wp-json\/wp\/v2\/product_cat?post=253"},{"taxonomy":"product_tag","embeddable":true,"href":"https:\/\/sanchezalcaraz.com\/en\/wp-json\/wp\/v2\/product_tag?post=253"}],"curies":[{"name":"wp","href":"https:\/\/api.w.org\/{rel}","templated":true}]}}