{"id":238,"date":"2019-08-01T18:11:58","date_gmt":"2019-08-01T16:11:58","guid":{"rendered":"https:\/\/sanchezalcaraz.com\/?post_type=product&#038;p=238"},"modified":"2026-02-16T09:57:33","modified_gmt":"2026-02-16T08:57:33","slug":"5-sobres-jamon-iberico-cebo-100g","status":"publish","type":"product","link":"https:\/\/sanchezalcaraz.com\/en\/product-2\/5-sobres-jamon-iberico-cebo-100g\/","title":{"rendered":"5 packets of Iberian Cebo Iberico Ham 50% Iberian breed 100g"},"content":{"rendered":"<p class=\"descripcionLargaProducto\"><span class=\"tituloDescripcionLarga\">Producto<\/span><br \/>\n<span class=\"subtituloDescripcionLarga\">Jam\u00f3n de cebo ib\u00e9rico 50% raza ib\u00e9rico loncheado en sobres de 100g. Esta caja contiene 5 sobres con 100g cada uno.<\/span><\/p>\n<p class=\"descripcionLargaProducto\"><span class=\"tituloDescripcionLarga\">Sugerencia<\/span><br \/>\n<span class=\"subtituloDescripcionLarga\">Ideal para presentar en un plato con picos o panes peque\u00f1os. Perfecto para acompa\u00f1ar el t\u00edpico pan con tomate.<\/span><\/p>\n<p class=\"descripcionLargaProducto\"><span class=\"tituloDescripcionLarga\">Consejos de consumo<\/span><br \/>\n<span class=\"subtituloDescripcionLarga\">Para disfrutar adecuadamente atemperar este producto y sacar antes de su envase 15 minutos antes de consumirlo.<\/span><\/p>\n<p class=\"descripcionLargaProducto\"><span class=\"tituloDescripcionLarga\">Sab\u00edas qu\u00e9<\/span><br \/>\n<span class=\"subtituloDescripcionLarga\">Su consumo regular aporta a nuestros organismo hierro, vitaminas y minerales esenciales.<\/span><\/p>\n<p class=\"descripcionLargaProducto\"><span class=\"tituloDescripcionLarga\">Ingredientes<\/span><br \/>\n<span class=\"subtituloDescripcionLarga\">Jam\u00f3n de cerdo ib\u00e9rico, sal, az\u00facar, conservadores (E 250, E 252) y antioxidante (E 301).<\/span><\/p>\n<p>VALOR NUTRICIONAL POR CADA 100Gr<\/p>\n<table class=\"composicionProductos\" style=\"max-width: 400px;\">\n<tbody>\n<tr>\n<th>Composici\u00f3n<\/th>\n<th>Cantidad<\/th>\n<\/tr>\n<tr>\n<td>Valor Energ\u00e9tico<\/td>\n<td>1361kj\/322Kcal<\/td>\n<\/tr>\n<tr>\n<td>Grasas<\/td>\n<td>22g<\/td>\n<\/tr>\n<tr>\n<td>de las cuales saturadas<\/td>\n<td>9g<\/td>\n<\/tr>\n<tr>\n<td>Hidratos de Carbono<\/td>\n<td>1g<\/td>\n<\/tr>\n<tr>\n<td>de los cuales az\u00facares<\/td>\n<td>1g<\/td>\n<\/tr>\n<tr>\n<td>Prote\u00ednas<\/td>\n<td>30g<\/td>\n<\/tr>\n<tr>\n<td>Sal<\/td>\n<td>5g<\/td>\n<\/tr>\n<\/tbody>\n<\/table>","protected":false},"excerpt":{"rendered":"<p class=\"descripcionCortaProducto\">One of the best-selling sliced ham on the market. Each unit contains 100g of Ib\u00e9rico Cebo Ham 50% Ib\u00e9rico.<\/p>\n<p class=\"descripcionCortaProducto translation-block\">We make selection of the raw material for the S\u00e1nchez Alcaraz 50% Ib\u00e9rico Cebo Ham from selected ib\u00e9rico animals, raised and fed in the traditional way.<\/p>\n<p class=\"descripcionCortaProducto\">Contamos con secaderos en Extremadura donde los jamones se curan siguiendo el sistema tradicional dejando que pasen por las fases de salaz\u00f3n y secado en condiciones \u00f3ptimas. La curaci\u00f3n es lenta y larga mejorando la textura y el sabor.<\/p>\n<p class=\"descripcionCortaProducto translation-block\">The certification of the Ib\u00e9rico national regulation guarantees the quality of our Iberian products.<\/p>\n<p class=\"descripcionCortaProducto\">5 sobres con 100 gramos de producto por cada sobre envasado al vac\u00edo en envases sostenibles de papel con un 65% menos de pl\u00e1stico respecto al envase anterior, con separador de lonchas y enviado en caja de cart\u00f3n.<\/p>\n<p class=\"descripcionCortaProducto\"><strong>Precio: 80 \u20ac\/kg<\/strong><\/p>","protected":false},"featured_media":5050,"template":"","meta":[],"product_brand":[],"product_cat":[21],"product_tag":[],"class_list":{"0":"post-238","1":"product","2":"type-product","3":"status-publish","4":"has-post-thumbnail","6":"product_cat-loncheados","8":"first","9":"instock","10":"shipping-taxable","11":"purchasable","12":"product-type-simple"},"yoast_head":"<!-- This site is optimized with the Yoast SEO plugin v24.3 - https:\/\/yoast.com\/wordpress\/plugins\/seo\/ -->\n<title>5 Sobres de Jam\u00f3n de cebo ib\u00e9rico 50% raza ib\u00e9rica 100g<\/title>\n<meta name=\"description\" content=\"Prueba nuestros productos de calidad garantizada por m\u00e1s de dos generaciones de especialistas en la producci\u00f3n de jam\u00f3n y embutidos.\" \/>\n<meta name=\"robots\" content=\"index, follow, max-snippet:-1, max-image-preview:large, max-video-preview:-1\" \/>\n<link rel=\"canonical\" href=\"https:\/\/sanchezalcaraz.com\/en\/product-2\/5-sobres-jamon-iberico-cebo-100g\/\" \/>\n<meta property=\"og:locale\" content=\"en_GB\" \/>\n<meta property=\"og:type\" content=\"article\" \/>\n<meta property=\"og:title\" content=\"5 Sobres de Jam\u00f3n de cebo ib\u00e9rico 50% raza ib\u00e9rica 100g\" \/>\n<meta property=\"og:description\" content=\"Prueba nuestros productos de calidad garantizada por m\u00e1s de dos generaciones de especialistas en la producci\u00f3n de jam\u00f3n y embutidos.\" \/>\n<meta property=\"og:url\" content=\"https:\/\/sanchezalcaraz.com\/en\/product-2\/5-sobres-jamon-iberico-cebo-100g\/\" \/>\n<meta property=\"og:site_name\" content=\"Sanchez Alcaraz\" \/>\n<meta property=\"article:publisher\" content=\"https:\/\/www.facebook.com\/SanchezAlcarazJamones\/\" \/>\n<meta property=\"article:modified_time\" content=\"2026-02-16T08:57:33+00:00\" \/>\n<meta property=\"og:image\" content=\"https:\/\/sanchezalcaraz.com\/wp-content\/uploads\/2019\/08\/LONCHEADO-JAMON-CEBO-IBE-50RI-100G-SA-1.jpg\" \/>\n\t<meta property=\"og:image:width\" content=\"800\" \/>\n\t<meta property=\"og:image:height\" content=\"960\" \/>\n\t<meta property=\"og:image:type\" content=\"image\/jpeg\" \/>\n<meta name=\"twitter:card\" content=\"summary_large_image\" \/>\n<meta name=\"twitter:site\" content=\"@sanchezalcaraz_\" \/>\n<meta name=\"twitter:label1\" content=\"Estimated reading time\" \/>\n\t<meta name=\"twitter:data1\" content=\"1 minute\" \/>\n<script type=\"application\/ld+json\" class=\"yoast-schema-graph\">{\"@context\":\"https:\/\/schema.org\",\"@graph\":[{\"@type\":\"WebPage\",\"@id\":\"https:\/\/sanchezalcaraz.com\/producto\/5-sobres-jamon-iberico-cebo-100g\/\",\"url\":\"https:\/\/sanchezalcaraz.com\/producto\/5-sobres-jamon-iberico-cebo-100g\/\",\"name\":\"5 Sobres de Jam\u00f3n de cebo ib\u00e9rico 50% raza ib\u00e9rica 100g\",\"isPartOf\":{\"@id\":\"https:\/\/sanchezalcaraz.com\/#website\"},\"primaryImageOfPage\":{\"@id\":\"https:\/\/sanchezalcaraz.com\/producto\/5-sobres-jamon-iberico-cebo-100g\/#primaryimage\"},\"image\":{\"@id\":\"https:\/\/sanchezalcaraz.com\/producto\/5-sobres-jamon-iberico-cebo-100g\/#primaryimage\"},\"thumbnailUrl\":\"https:\/\/sanchezalcaraz.com\/wp-content\/uploads\/2019\/08\/LONCHEADO-JAMON-CEBO-IBE-50RI-100G-SA-1.jpg\",\"datePublished\":\"2019-08-01T16:11:58+00:00\",\"dateModified\":\"2026-02-16T08:57:33+00:00\",\"description\":\"Prueba nuestros productos de calidad garantizada por m\u00e1s de dos generaciones de especialistas en la producci\u00f3n de jam\u00f3n y embutidos.\",\"breadcrumb\":{\"@id\":\"https:\/\/sanchezalcaraz.com\/producto\/5-sobres-jamon-iberico-cebo-100g\/#breadcrumb\"},\"inLanguage\":\"en-GB\",\"potentialAction\":[{\"@type\":\"ReadAction\",\"target\":[\"https:\/\/sanchezalcaraz.com\/producto\/5-sobres-jamon-iberico-cebo-100g\/\"]}]},{\"@type\":\"ImageObject\",\"inLanguage\":\"en-GB\",\"@id\":\"https:\/\/sanchezalcaraz.com\/producto\/5-sobres-jamon-iberico-cebo-100g\/#primaryimage\",\"url\":\"https:\/\/sanchezalcaraz.com\/wp-content\/uploads\/2019\/08\/LONCHEADO-JAMON-CEBO-IBE-50RI-100G-SA-1.jpg\",\"contentUrl\":\"https:\/\/sanchezalcaraz.com\/wp-content\/uploads\/2019\/08\/LONCHEADO-JAMON-CEBO-IBE-50RI-100G-SA-1.jpg\",\"width\":800,\"height\":960,\"caption\":\"LONCHEADO-JAMON-CEBO-IBE-50RI-100G-SA\"},{\"@type\":\"BreadcrumbList\",\"@id\":\"https:\/\/sanchezalcaraz.com\/producto\/5-sobres-jamon-iberico-cebo-100g\/#breadcrumb\",\"itemListElement\":[{\"@type\":\"ListItem\",\"position\":1,\"name\":\"Portada\",\"item\":\"https:\/\/sanchezalcaraz.com\/\"},{\"@type\":\"ListItem\",\"position\":2,\"name\":\"Tienda\",\"item\":\"https:\/\/sanchezalcaraz.com\/tienda\/\"},{\"@type\":\"ListItem\",\"position\":3,\"name\":\"5 Sobres de Jam\u00f3n de cebo ib\u00e9rico 50% raza ib\u00e9rica 100g\"}]},{\"@type\":\"WebSite\",\"@id\":\"https:\/\/sanchezalcaraz.com\/#website\",\"url\":\"https:\/\/sanchezalcaraz.com\/\",\"name\":\"Sanchez Alcaraz\",\"description\":\"\",\"publisher\":{\"@id\":\"https:\/\/sanchezalcaraz.com\/#organization\"},\"potentialAction\":[{\"@type\":\"SearchAction\",\"target\":{\"@type\":\"EntryPoint\",\"urlTemplate\":\"https:\/\/sanchezalcaraz.com\/?s={search_term_string}\"},\"query-input\":{\"@type\":\"PropertyValueSpecification\",\"valueRequired\":true,\"valueName\":\"search_term_string\"}}],\"inLanguage\":\"en-GB\"},{\"@type\":\"Organization\",\"@id\":\"https:\/\/sanchezalcaraz.com\/#organization\",\"name\":\"S\u00e1nchez Alcaraz\",\"url\":\"https:\/\/sanchezalcaraz.com\/\",\"logo\":{\"@type\":\"ImageObject\",\"inLanguage\":\"en-GB\",\"@id\":\"https:\/\/sanchezalcaraz.com\/#\/schema\/logo\/image\/\",\"url\":\"https:\/\/sanchezalcaraz.com\/wp-content\/uploads\/2023\/04\/cabecera-sanchez-alcaraz-logo-nuevo.jpg\",\"contentUrl\":\"https:\/\/sanchezalcaraz.com\/wp-content\/uploads\/2023\/04\/cabecera-sanchez-alcaraz-logo-nuevo.jpg\",\"width\":900,\"height\":600,\"caption\":\"S\u00e1nchez Alcaraz\"},\"image\":{\"@id\":\"https:\/\/sanchezalcaraz.com\/#\/schema\/logo\/image\/\"},\"sameAs\":[\"https:\/\/www.facebook.com\/SanchezAlcarazJamones\/\",\"https:\/\/x.com\/sanchezalcaraz_\",\"https:\/\/www.instagram.com\/sanchez_alcaraz\/\"]}]}<\/script>\n<!-- \/ Yoast SEO plugin. -->","yoast_head_json":{"title":"5 Sobres de Jam\u00f3n de cebo ib\u00e9rico 50% raza ib\u00e9rica 100g","description":"Prueba nuestros productos de calidad garantizada por m\u00e1s de dos generaciones de especialistas en la producci\u00f3n de jam\u00f3n y embutidos.","robots":{"index":"index","follow":"follow","max-snippet":"max-snippet:-1","max-image-preview":"max-image-preview:large","max-video-preview":"max-video-preview:-1"},"canonical":"https:\/\/sanchezalcaraz.com\/en\/product-2\/5-sobres-jamon-iberico-cebo-100g\/","og_locale":"en_GB","og_type":"article","og_title":"5 Sobres de Jam\u00f3n de cebo ib\u00e9rico 50% raza ib\u00e9rica 100g","og_description":"Prueba nuestros productos de calidad garantizada por m\u00e1s de dos generaciones de especialistas en la producci\u00f3n de jam\u00f3n y embutidos.","og_url":"https:\/\/sanchezalcaraz.com\/en\/product-2\/5-sobres-jamon-iberico-cebo-100g\/","og_site_name":"Sanchez Alcaraz","article_publisher":"https:\/\/www.facebook.com\/SanchezAlcarazJamones\/","article_modified_time":"2026-02-16T08:57:33+00:00","og_image":[{"width":800,"height":960,"url":"https:\/\/sanchezalcaraz.com\/wp-content\/uploads\/2019\/08\/LONCHEADO-JAMON-CEBO-IBE-50RI-100G-SA-1.jpg","type":"image\/jpeg"}],"twitter_card":"summary_large_image","twitter_site":"@sanchezalcaraz_","twitter_misc":{"Estimated reading time":"1 minute"},"schema":{"@context":"https:\/\/schema.org","@graph":[{"@type":"WebPage","@id":"https:\/\/sanchezalcaraz.com\/producto\/5-sobres-jamon-iberico-cebo-100g\/","url":"https:\/\/sanchezalcaraz.com\/producto\/5-sobres-jamon-iberico-cebo-100g\/","name":"5 Sobres de Jam\u00f3n de cebo ib\u00e9rico 50% raza ib\u00e9rica 100g","isPartOf":{"@id":"https:\/\/sanchezalcaraz.com\/#website"},"primaryImageOfPage":{"@id":"https:\/\/sanchezalcaraz.com\/producto\/5-sobres-jamon-iberico-cebo-100g\/#primaryimage"},"image":{"@id":"https:\/\/sanchezalcaraz.com\/producto\/5-sobres-jamon-iberico-cebo-100g\/#primaryimage"},"thumbnailUrl":"https:\/\/sanchezalcaraz.com\/wp-content\/uploads\/2019\/08\/LONCHEADO-JAMON-CEBO-IBE-50RI-100G-SA-1.jpg","datePublished":"2019-08-01T16:11:58+00:00","dateModified":"2026-02-16T08:57:33+00:00","description":"Prueba nuestros productos de calidad garantizada por m\u00e1s de dos generaciones de especialistas en la producci\u00f3n de jam\u00f3n y embutidos.","breadcrumb":{"@id":"https:\/\/sanchezalcaraz.com\/producto\/5-sobres-jamon-iberico-cebo-100g\/#breadcrumb"},"inLanguage":"en-GB","potentialAction":[{"@type":"ReadAction","target":["https:\/\/sanchezalcaraz.com\/producto\/5-sobres-jamon-iberico-cebo-100g\/"]}]},{"@type":"ImageObject","inLanguage":"en-GB","@id":"https:\/\/sanchezalcaraz.com\/producto\/5-sobres-jamon-iberico-cebo-100g\/#primaryimage","url":"https:\/\/sanchezalcaraz.com\/wp-content\/uploads\/2019\/08\/LONCHEADO-JAMON-CEBO-IBE-50RI-100G-SA-1.jpg","contentUrl":"https:\/\/sanchezalcaraz.com\/wp-content\/uploads\/2019\/08\/LONCHEADO-JAMON-CEBO-IBE-50RI-100G-SA-1.jpg","width":800,"height":960,"caption":"LONCHEADO-JAMON-CEBO-IBE-50RI-100G-SA"},{"@type":"BreadcrumbList","@id":"https:\/\/sanchezalcaraz.com\/producto\/5-sobres-jamon-iberico-cebo-100g\/#breadcrumb","itemListElement":[{"@type":"ListItem","position":1,"name":"Portada","item":"https:\/\/sanchezalcaraz.com\/"},{"@type":"ListItem","position":2,"name":"Tienda","item":"https:\/\/sanchezalcaraz.com\/tienda\/"},{"@type":"ListItem","position":3,"name":"5 Sobres de Jam\u00f3n de cebo ib\u00e9rico 50% raza ib\u00e9rica 100g"}]},{"@type":"WebSite","@id":"https:\/\/sanchezalcaraz.com\/#website","url":"https:\/\/sanchezalcaraz.com\/","name":"Sanchez Alcaraz","description":"","publisher":{"@id":"https:\/\/sanchezalcaraz.com\/#organization"},"potentialAction":[{"@type":"SearchAction","target":{"@type":"EntryPoint","urlTemplate":"https:\/\/sanchezalcaraz.com\/?s={search_term_string}"},"query-input":{"@type":"PropertyValueSpecification","valueRequired":true,"valueName":"search_term_string"}}],"inLanguage":"en-GB"},{"@type":"Organization","@id":"https:\/\/sanchezalcaraz.com\/#organization","name":"S\u00e1nchez Alcaraz","url":"https:\/\/sanchezalcaraz.com\/","logo":{"@type":"ImageObject","inLanguage":"en-GB","@id":"https:\/\/sanchezalcaraz.com\/#\/schema\/logo\/image\/","url":"https:\/\/sanchezalcaraz.com\/wp-content\/uploads\/2023\/04\/cabecera-sanchez-alcaraz-logo-nuevo.jpg","contentUrl":"https:\/\/sanchezalcaraz.com\/wp-content\/uploads\/2023\/04\/cabecera-sanchez-alcaraz-logo-nuevo.jpg","width":900,"height":600,"caption":"S\u00e1nchez Alcaraz"},"image":{"@id":"https:\/\/sanchezalcaraz.com\/#\/schema\/logo\/image\/"},"sameAs":["https:\/\/www.facebook.com\/SanchezAlcarazJamones\/","https:\/\/x.com\/sanchezalcaraz_","https:\/\/www.instagram.com\/sanchez_alcaraz\/"]}]}},"_links":{"self":[{"href":"https:\/\/sanchezalcaraz.com\/en\/wp-json\/wp\/v2\/product\/238","targetHints":{"allow":["GET"]}}],"collection":[{"href":"https:\/\/sanchezalcaraz.com\/en\/wp-json\/wp\/v2\/product"}],"about":[{"href":"https:\/\/sanchezalcaraz.com\/en\/wp-json\/wp\/v2\/types\/product"}],"wp:featuredmedia":[{"embeddable":true,"href":"https:\/\/sanchezalcaraz.com\/en\/wp-json\/wp\/v2\/media\/5050"}],"wp:attachment":[{"href":"https:\/\/sanchezalcaraz.com\/en\/wp-json\/wp\/v2\/media?parent=238"}],"wp:term":[{"taxonomy":"product_brand","embeddable":true,"href":"https:\/\/sanchezalcaraz.com\/en\/wp-json\/wp\/v2\/product_brand?post=238"},{"taxonomy":"product_cat","embeddable":true,"href":"https:\/\/sanchezalcaraz.com\/en\/wp-json\/wp\/v2\/product_cat?post=238"},{"taxonomy":"product_tag","embeddable":true,"href":"https:\/\/sanchezalcaraz.com\/en\/wp-json\/wp\/v2\/product_tag?post=238"}],"curies":[{"name":"wp","href":"https:\/\/api.w.org\/{rel}","templated":true}]}}