{"id":232,"date":"2019-08-01T17:55:56","date_gmt":"2019-08-01T15:55:56","guid":{"rendered":"https:\/\/sanchezalcaraz.com\/?post_type=product&#038;p=232"},"modified":"2025-10-22T12:14:45","modified_gmt":"2025-10-22T10:14:45","slug":"jamon-gran-reserva-7-75-kg","status":"publish","type":"product","link":"https:\/\/sanchezalcaraz.com\/en\/product-2\/jamon-gran-reserva-7-75-kg\/","title":{"rendered":"Jam\u00f3n Gran Reserva 7,75 Kg"},"content":{"rendered":"<p class=\"descripcionLargaProducto\"><span class=\"tituloDescripcionLarga\">Producto<\/span><br \/>\n<span class=\"subtituloDescripcionLarga\">Jam\u00f3n Gran Reserva m\u00e1s de 15 meses de curaci\u00f3n 7,5-8 kg.<\/span><\/p>\n<p class=\"descripcionLargaProducto\"><span class=\"tituloDescripcionLarga\">Sugerencia<\/span><br \/>\n<span class=\"subtituloDescripcionLarga\">Ideal para una raci\u00f3n reci\u00e9n cortada de jam\u00f3n acompa\u00f1ada con picos o panes peque\u00f1os. Tambi\u00e9n es perfecto para acompa\u00f1ar junto otros embutidos.<\/span><\/p>\n<p class=\"descripcionLargaProducto\"><span class=\"tituloDescripcionLarga\">Consejos de consumo<\/span><br \/>\n<span class=\"subtituloDescripcionLarga\">Para disfrutar adecuadamente de este producto en pieza, puedes visitar nuestra gu\u00eda de \u2018<a href=\"https:\/\/sanchezalcaraz.com\/en\/how-to-cut-ham\/\" target=\"_blank\" rel=\"noopener noreferrer\">C\u00f3mo se corta un jam\u00f3n<\/a>\u2018 y convi\u00e9rtete en un aut\u00e9ntico \u00a1maestro charcutero!<\/span><br \/>\n<span class=\"subtituloDescripcionLarga\">Si has adquirido este producto loncheado, recomendamos abrir el envase 15 minutos antes de su consumo.<\/span><\/p>\n<p class=\"descripcionLargaProducto\"><span class=\"tituloDescripcionLarga\">Sab\u00edas qu\u00e9<\/span><br \/>\n<span class=\"subtituloDescripcionLarga\">El proceso de curaci\u00f3n del jam\u00f3n le concede unas propiedades nutricionales con amino\u00e1cidos esenciales, rico en vitaminas B1 y B6, f\u00f3sforo, hierro, potasio y zinc.<\/span><\/p>\n<p class=\"descripcionLargaProducto\"><span class=\"tituloDescripcionLarga\">Ingredientes<\/span><br \/>\n<span class=\"subtituloDescripcionLarga\">Jam\u00f3n de cerdo, sal, az\u00facar, conservantes (E 250, E 252) y antioxidante (E 301).<\/span><\/p>\n<p>VALOR NUTRICIONAL POR CADA 100Gr<\/p>\n<table class=\"composicionProductos\" style=\"max-width: 400px;\">\n<tbody>\n<tr>\n<th>Composici\u00f3n<\/th>\n<th>Cantidad<\/th>\n<\/tr>\n<tr>\n<td>Valor Energ\u00e9tico<\/td>\n<td>1116kj\/267Kcal<\/td>\n<\/tr>\n<tr>\n<td>Grasas<\/td>\n<td>15g<\/td>\n<\/tr>\n<tr>\n<td>de las cuales saturadas<\/td>\n<td>6g<\/td>\n<\/tr>\n<tr>\n<td>Hidratos de Carbono<\/td>\n<td>1g<\/td>\n<\/tr>\n<tr>\n<td>de los cuales az\u00facares<\/td>\n<td>1g<\/td>\n<\/tr>\n<tr>\n<td>Prote\u00ednas<\/td>\n<td>32g<\/td>\n<\/tr>\n<tr>\n<td>Sal<\/td>\n<td>5,5g<\/td>\n<\/tr>\n<\/tbody>\n<\/table>","protected":false},"excerpt":{"rendered":"<p class=\"descripcionCortaProducto\">La materia prima de cualquier jam\u00f3n serrano es esencial. Por eso nuestros jamones provienen de hembras y machos castrados de cerdo blanco de calidad.<\/p>\n<p class=\"descripcionCortaProducto\">The curing process of more than 15 months follows the traditional process, in which hams go through the salting and drying phases in optimal conditions. Curing is slow and long, improving texture and flavor compared to \nshort-cured hams.<\/p>\n<p class=\"destacadoDescripcion\">Winner of the 2008 Castilla La Mancha Serrano Ham Award.<\/p>\n<p class=\"descripcionCortaProducto parrafoCero\"><strong>Precio sin lonchear: 13,67 \u20ac\/kg<\/strong><\/p>\n<p class=\"descripcionCortaProducto\"><strong>Precio loncheado: 17,54 \u20ac\/kg<\/strong><\/p>","protected":false},"featured_media":3309,"template":"","meta":[],"product_brand":[],"product_cat":[18],"product_tag":[],"class_list":{"0":"post-232","1":"product","2":"type-product","3":"status-publish","4":"has-post-thumbnail","6":"product_cat-jamones","8":"first","9":"instock","10":"shipping-taxable","11":"purchasable","12":"product-type-variable"},"yoast_head":"<!-- This site is optimized with the Yoast SEO plugin v24.3 - https:\/\/yoast.com\/wordpress\/plugins\/seo\/ -->\n<title>Jam\u00f3n Gran Reserva 7,75 Kg<\/title>\n<meta name=\"description\" content=\"Prueba nuestros productos de calidad garantizada por m\u00e1s de dos generaciones de especialistas en la producci\u00f3n de jam\u00f3n y embutidos.\" \/>\n<meta name=\"robots\" content=\"index, follow, max-snippet:-1, max-image-preview:large, max-video-preview:-1\" \/>\n<link rel=\"canonical\" href=\"https:\/\/sanchezalcaraz.com\/en\/product-2\/jamon-gran-reserva-7-75-kg\/\" \/>\n<meta property=\"og:locale\" content=\"en_GB\" \/>\n<meta property=\"og:type\" content=\"article\" \/>\n<meta property=\"og:title\" content=\"Jam\u00f3n Gran Reserva 7,75 Kg\" \/>\n<meta property=\"og:description\" content=\"Prueba nuestros productos de calidad garantizada por m\u00e1s de dos generaciones de especialistas en la producci\u00f3n de jam\u00f3n y embutidos.\" \/>\n<meta property=\"og:url\" content=\"https:\/\/sanchezalcaraz.com\/en\/product-2\/jamon-gran-reserva-7-75-kg\/\" \/>\n<meta property=\"og:site_name\" content=\"Sanchez Alcaraz\" \/>\n<meta property=\"article:publisher\" content=\"https:\/\/www.facebook.com\/SanchezAlcarazJamones\/\" \/>\n<meta property=\"article:modified_time\" content=\"2025-10-22T10:14:45+00:00\" \/>\n<meta property=\"og:image\" content=\"https:\/\/sanchezalcaraz.com\/wp-content\/uploads\/2019\/08\/JAMON-GRAN-RESERVA-SA.jpg\" \/>\n\t<meta property=\"og:image:width\" content=\"800\" \/>\n\t<meta property=\"og:image:height\" content=\"960\" \/>\n\t<meta property=\"og:image:type\" content=\"image\/jpeg\" \/>\n<meta name=\"twitter:card\" content=\"summary_large_image\" \/>\n<meta name=\"twitter:site\" content=\"@sanchezalcaraz_\" \/>\n<meta name=\"twitter:label1\" content=\"Estimated reading time\" \/>\n\t<meta name=\"twitter:data1\" content=\"1 minute\" \/>\n<script type=\"application\/ld+json\" class=\"yoast-schema-graph\">{\"@context\":\"https:\/\/schema.org\",\"@graph\":[{\"@type\":\"WebPage\",\"@id\":\"https:\/\/sanchezalcaraz.com\/producto\/jamon-gran-reserva-7-75-kg\/\",\"url\":\"https:\/\/sanchezalcaraz.com\/producto\/jamon-gran-reserva-7-75-kg\/\",\"name\":\"Jam\u00f3n Gran Reserva 7,75 Kg\",\"isPartOf\":{\"@id\":\"https:\/\/sanchezalcaraz.com\/#website\"},\"primaryImageOfPage\":{\"@id\":\"https:\/\/sanchezalcaraz.com\/producto\/jamon-gran-reserva-7-75-kg\/#primaryimage\"},\"image\":{\"@id\":\"https:\/\/sanchezalcaraz.com\/producto\/jamon-gran-reserva-7-75-kg\/#primaryimage\"},\"thumbnailUrl\":\"https:\/\/sanchezalcaraz.com\/wp-content\/uploads\/2019\/08\/JAMON-GRAN-RESERVA-SA.jpg\",\"datePublished\":\"2019-08-01T15:55:56+00:00\",\"dateModified\":\"2025-10-22T10:14:45+00:00\",\"description\":\"Prueba nuestros productos de calidad garantizada por m\u00e1s de dos generaciones de especialistas en la producci\u00f3n de jam\u00f3n y embutidos.\",\"breadcrumb\":{\"@id\":\"https:\/\/sanchezalcaraz.com\/producto\/jamon-gran-reserva-7-75-kg\/#breadcrumb\"},\"inLanguage\":\"en-GB\",\"potentialAction\":[{\"@type\":\"ReadAction\",\"target\":[\"https:\/\/sanchezalcaraz.com\/producto\/jamon-gran-reserva-7-75-kg\/\"]}]},{\"@type\":\"ImageObject\",\"inLanguage\":\"en-GB\",\"@id\":\"https:\/\/sanchezalcaraz.com\/producto\/jamon-gran-reserva-7-75-kg\/#primaryimage\",\"url\":\"https:\/\/sanchezalcaraz.com\/wp-content\/uploads\/2019\/08\/JAMON-GRAN-RESERVA-SA.jpg\",\"contentUrl\":\"https:\/\/sanchezalcaraz.com\/wp-content\/uploads\/2019\/08\/JAMON-GRAN-RESERVA-SA.jpg\",\"width\":800,\"height\":960,\"caption\":\"Jam\u00f3n gran reserva\"},{\"@type\":\"BreadcrumbList\",\"@id\":\"https:\/\/sanchezalcaraz.com\/producto\/jamon-gran-reserva-7-75-kg\/#breadcrumb\",\"itemListElement\":[{\"@type\":\"ListItem\",\"position\":1,\"name\":\"Portada\",\"item\":\"https:\/\/sanchezalcaraz.com\/\"},{\"@type\":\"ListItem\",\"position\":2,\"name\":\"Tienda\",\"item\":\"https:\/\/sanchezalcaraz.com\/tienda\/\"},{\"@type\":\"ListItem\",\"position\":3,\"name\":\"Jam\u00f3n Gran Reserva 7,75 Kg\"}]},{\"@type\":\"WebSite\",\"@id\":\"https:\/\/sanchezalcaraz.com\/#website\",\"url\":\"https:\/\/sanchezalcaraz.com\/\",\"name\":\"Sanchez Alcaraz\",\"description\":\"\",\"publisher\":{\"@id\":\"https:\/\/sanchezalcaraz.com\/#organization\"},\"potentialAction\":[{\"@type\":\"SearchAction\",\"target\":{\"@type\":\"EntryPoint\",\"urlTemplate\":\"https:\/\/sanchezalcaraz.com\/?s={search_term_string}\"},\"query-input\":{\"@type\":\"PropertyValueSpecification\",\"valueRequired\":true,\"valueName\":\"search_term_string\"}}],\"inLanguage\":\"en-GB\"},{\"@type\":\"Organization\",\"@id\":\"https:\/\/sanchezalcaraz.com\/#organization\",\"name\":\"S\u00e1nchez Alcaraz\",\"url\":\"https:\/\/sanchezalcaraz.com\/\",\"logo\":{\"@type\":\"ImageObject\",\"inLanguage\":\"en-GB\",\"@id\":\"https:\/\/sanchezalcaraz.com\/#\/schema\/logo\/image\/\",\"url\":\"https:\/\/sanchezalcaraz.com\/wp-content\/uploads\/2023\/04\/cabecera-sanchez-alcaraz-logo-nuevo.jpg\",\"contentUrl\":\"https:\/\/sanchezalcaraz.com\/wp-content\/uploads\/2023\/04\/cabecera-sanchez-alcaraz-logo-nuevo.jpg\",\"width\":900,\"height\":600,\"caption\":\"S\u00e1nchez Alcaraz\"},\"image\":{\"@id\":\"https:\/\/sanchezalcaraz.com\/#\/schema\/logo\/image\/\"},\"sameAs\":[\"https:\/\/www.facebook.com\/SanchezAlcarazJamones\/\",\"https:\/\/x.com\/sanchezalcaraz_\",\"https:\/\/www.instagram.com\/sanchez_alcaraz\/\"]}]}<\/script>\n<!-- \/ Yoast SEO plugin. -->","yoast_head_json":{"title":"Jam\u00f3n Gran Reserva 7,75 Kg","description":"Prueba nuestros productos de calidad garantizada por m\u00e1s de dos generaciones de especialistas en la producci\u00f3n de jam\u00f3n y embutidos.","robots":{"index":"index","follow":"follow","max-snippet":"max-snippet:-1","max-image-preview":"max-image-preview:large","max-video-preview":"max-video-preview:-1"},"canonical":"https:\/\/sanchezalcaraz.com\/en\/product-2\/jamon-gran-reserva-7-75-kg\/","og_locale":"en_GB","og_type":"article","og_title":"Jam\u00f3n Gran Reserva 7,75 Kg","og_description":"Prueba nuestros productos de calidad garantizada por m\u00e1s de dos generaciones de especialistas en la producci\u00f3n de jam\u00f3n y embutidos.","og_url":"https:\/\/sanchezalcaraz.com\/en\/product-2\/jamon-gran-reserva-7-75-kg\/","og_site_name":"Sanchez Alcaraz","article_publisher":"https:\/\/www.facebook.com\/SanchezAlcarazJamones\/","article_modified_time":"2025-10-22T10:14:45+00:00","og_image":[{"width":800,"height":960,"url":"https:\/\/sanchezalcaraz.com\/wp-content\/uploads\/2019\/08\/JAMON-GRAN-RESERVA-SA.jpg","type":"image\/jpeg"}],"twitter_card":"summary_large_image","twitter_site":"@sanchezalcaraz_","twitter_misc":{"Estimated reading time":"1 minute"},"schema":{"@context":"https:\/\/schema.org","@graph":[{"@type":"WebPage","@id":"https:\/\/sanchezalcaraz.com\/producto\/jamon-gran-reserva-7-75-kg\/","url":"https:\/\/sanchezalcaraz.com\/producto\/jamon-gran-reserva-7-75-kg\/","name":"Jam\u00f3n Gran Reserva 7,75 Kg","isPartOf":{"@id":"https:\/\/sanchezalcaraz.com\/#website"},"primaryImageOfPage":{"@id":"https:\/\/sanchezalcaraz.com\/producto\/jamon-gran-reserva-7-75-kg\/#primaryimage"},"image":{"@id":"https:\/\/sanchezalcaraz.com\/producto\/jamon-gran-reserva-7-75-kg\/#primaryimage"},"thumbnailUrl":"https:\/\/sanchezalcaraz.com\/wp-content\/uploads\/2019\/08\/JAMON-GRAN-RESERVA-SA.jpg","datePublished":"2019-08-01T15:55:56+00:00","dateModified":"2025-10-22T10:14:45+00:00","description":"Prueba nuestros productos de calidad garantizada por m\u00e1s de dos generaciones de especialistas en la producci\u00f3n de jam\u00f3n y embutidos.","breadcrumb":{"@id":"https:\/\/sanchezalcaraz.com\/producto\/jamon-gran-reserva-7-75-kg\/#breadcrumb"},"inLanguage":"en-GB","potentialAction":[{"@type":"ReadAction","target":["https:\/\/sanchezalcaraz.com\/producto\/jamon-gran-reserva-7-75-kg\/"]}]},{"@type":"ImageObject","inLanguage":"en-GB","@id":"https:\/\/sanchezalcaraz.com\/producto\/jamon-gran-reserva-7-75-kg\/#primaryimage","url":"https:\/\/sanchezalcaraz.com\/wp-content\/uploads\/2019\/08\/JAMON-GRAN-RESERVA-SA.jpg","contentUrl":"https:\/\/sanchezalcaraz.com\/wp-content\/uploads\/2019\/08\/JAMON-GRAN-RESERVA-SA.jpg","width":800,"height":960,"caption":"Jam\u00f3n gran reserva"},{"@type":"BreadcrumbList","@id":"https:\/\/sanchezalcaraz.com\/producto\/jamon-gran-reserva-7-75-kg\/#breadcrumb","itemListElement":[{"@type":"ListItem","position":1,"name":"Portada","item":"https:\/\/sanchezalcaraz.com\/"},{"@type":"ListItem","position":2,"name":"Tienda","item":"https:\/\/sanchezalcaraz.com\/tienda\/"},{"@type":"ListItem","position":3,"name":"Jam\u00f3n Gran Reserva 7,75 Kg"}]},{"@type":"WebSite","@id":"https:\/\/sanchezalcaraz.com\/#website","url":"https:\/\/sanchezalcaraz.com\/","name":"Sanchez Alcaraz","description":"","publisher":{"@id":"https:\/\/sanchezalcaraz.com\/#organization"},"potentialAction":[{"@type":"SearchAction","target":{"@type":"EntryPoint","urlTemplate":"https:\/\/sanchezalcaraz.com\/?s={search_term_string}"},"query-input":{"@type":"PropertyValueSpecification","valueRequired":true,"valueName":"search_term_string"}}],"inLanguage":"en-GB"},{"@type":"Organization","@id":"https:\/\/sanchezalcaraz.com\/#organization","name":"S\u00e1nchez Alcaraz","url":"https:\/\/sanchezalcaraz.com\/","logo":{"@type":"ImageObject","inLanguage":"en-GB","@id":"https:\/\/sanchezalcaraz.com\/#\/schema\/logo\/image\/","url":"https:\/\/sanchezalcaraz.com\/wp-content\/uploads\/2023\/04\/cabecera-sanchez-alcaraz-logo-nuevo.jpg","contentUrl":"https:\/\/sanchezalcaraz.com\/wp-content\/uploads\/2023\/04\/cabecera-sanchez-alcaraz-logo-nuevo.jpg","width":900,"height":600,"caption":"S\u00e1nchez Alcaraz"},"image":{"@id":"https:\/\/sanchezalcaraz.com\/#\/schema\/logo\/image\/"},"sameAs":["https:\/\/www.facebook.com\/SanchezAlcarazJamones\/","https:\/\/x.com\/sanchezalcaraz_","https:\/\/www.instagram.com\/sanchez_alcaraz\/"]}]}},"_links":{"self":[{"href":"https:\/\/sanchezalcaraz.com\/en\/wp-json\/wp\/v2\/product\/232","targetHints":{"allow":["GET"]}}],"collection":[{"href":"https:\/\/sanchezalcaraz.com\/en\/wp-json\/wp\/v2\/product"}],"about":[{"href":"https:\/\/sanchezalcaraz.com\/en\/wp-json\/wp\/v2\/types\/product"}],"wp:featuredmedia":[{"embeddable":true,"href":"https:\/\/sanchezalcaraz.com\/en\/wp-json\/wp\/v2\/media\/3309"}],"wp:attachment":[{"href":"https:\/\/sanchezalcaraz.com\/en\/wp-json\/wp\/v2\/media?parent=232"}],"wp:term":[{"taxonomy":"product_brand","embeddable":true,"href":"https:\/\/sanchezalcaraz.com\/en\/wp-json\/wp\/v2\/product_brand?post=232"},{"taxonomy":"product_cat","embeddable":true,"href":"https:\/\/sanchezalcaraz.com\/en\/wp-json\/wp\/v2\/product_cat?post=232"},{"taxonomy":"product_tag","embeddable":true,"href":"https:\/\/sanchezalcaraz.com\/en\/wp-json\/wp\/v2\/product_tag?post=232"}],"curies":[{"name":"wp","href":"https:\/\/api.w.org\/{rel}","templated":true}]}}