{"id":8,"date":"2019-07-26T11:45:17","date_gmt":"2019-07-26T09:45:17","guid":{"rendered":"https:\/\/sanchezalcaraz.com\/?page_id=8"},"modified":"2025-08-11T13:16:05","modified_gmt":"2025-08-11T11:16:05","slug":"contacto","status":"publish","type":"page","link":"https:\/\/sanchezalcaraz.com\/en\/contact\/","title":{"rendered":"Contact"},"content":{"rendered":"<div class=\"wpb-content-wrapper\"><div      class=\"vc_row wpb_row section vc_row-fluid\" style=' text-align:left;'><div class=\"full_section_inner clearfix\"><div class=\"wpb_column vc_column_container vc_col-sm-12\"><div class=\"vc_column-inner\"><div class=\"wpb_wrapper\">\n\t<div class=\"wpb_single_image wpb_content_element vc_align_center   mostrarDesktop\">\n\t\t<div class=\"wpb_wrapper\">\n\t\t\t\n\t\t\t<div class=\"vc_single_image-wrapper   vc_box_border_grey\"><img loading=\"lazy\" decoding=\"async\" width=\"2500\" height=\"400\" src=\"https:\/\/sanchezalcaraz.com\/wp-content\/uploads\/2022\/06\/CABECERA-CONTACT.jpg\" class=\"vc_single_image-img attachment-full\" alt=\"Contacta con s\u00e1nchez alcaraz\" title=\"Cab_Contacta con s\u00e1nchez alcaraz\" srcset=\"https:\/\/sanchezalcaraz.com\/wp-content\/uploads\/2022\/06\/CABECERA-CONTACT.jpg 2500w, https:\/\/sanchezalcaraz.com\/wp-content\/uploads\/2022\/06\/CABECERA-CONTACT-768x123.jpg 768w, https:\/\/sanchezalcaraz.com\/wp-content\/uploads\/2022\/06\/CABECERA-CONTACT-1536x246.jpg 1536w, https:\/\/sanchezalcaraz.com\/wp-content\/uploads\/2022\/06\/CABECERA-CONTACT-2048x328.jpg 2048w, https:\/\/sanchezalcaraz.com\/wp-content\/uploads\/2022\/06\/CABECERA-CONTACT-18x3.jpg 18w, https:\/\/sanchezalcaraz.com\/wp-content\/uploads\/2022\/06\/CABECERA-CONTACT-700x112.jpg 700w, https:\/\/sanchezalcaraz.com\/wp-content\/uploads\/2022\/06\/CABECERA-CONTACT-960x154.jpg 960w, https:\/\/sanchezalcaraz.com\/wp-content\/uploads\/2022\/06\/CABECERA-CONTACT-800x128.jpg 800w\" sizes=\"auto, (max-width: 2500px) 100vw, 2500px\" \/><\/div>\n\t\t<\/div>\n\t<\/div>\n<\/div><\/div><\/div><\/div><\/div><div      class=\"vc_row wpb_row section vc_row-fluid\" style=' text-align:left;'><div class=\"full_section_inner clearfix\"><div class=\"wpb_column vc_column_container vc_col-sm-12\"><div class=\"vc_column-inner\"><div class=\"wpb_wrapper\">\n\t<div class=\"wpb_single_image wpb_content_element vc_align_center   mostrarMobile\">\n\t\t<div class=\"wpb_wrapper\">\n\t\t\t\n\t\t\t<div class=\"vc_single_image-wrapper   vc_box_border_grey\"><img loading=\"lazy\" decoding=\"async\" width=\"768\" height=\"400\" src=\"https:\/\/sanchezalcaraz.com\/wp-content\/uploads\/2022\/04\/Cab-Mobile_Contacta-con-sanchez-alcaraz.jpg\" class=\"vc_single_image-img attachment-full\" alt=\"ontacta con s\u00e1nchez alcaraz\" title=\"Cab Mobile_Contacta con s\u00e1nchez alcaraz\" srcset=\"https:\/\/sanchezalcaraz.com\/wp-content\/uploads\/2022\/04\/Cab-Mobile_Contacta-con-sanchez-alcaraz.jpg 768w, https:\/\/sanchezalcaraz.com\/wp-content\/uploads\/2022\/04\/Cab-Mobile_Contacta-con-sanchez-alcaraz-700x365.jpg 700w\" sizes=\"auto, (max-width: 768px) 100vw, 768px\" \/><\/div>\n\t\t<\/div>\n\t<\/div>\n<\/div><\/div><\/div><\/div><\/div><div      class=\"vc_row wpb_row section vc_row-fluid  grid_section\" style=' text-align:left;'><div class=\"section_inner clearfix\"><div class='section_inner_margin clearfix'><div class=\"wpb_column vc_column_container vc_col-sm-2\"><div class=\"vc_column-inner\"><div class=\"wpb_wrapper\"><\/div><\/div><\/div><div class=\"wpb_column vc_column_container vc_col-sm-8\"><div class=\"vc_column-inner\"><div class=\"wpb_wrapper\">\n\t<div class=\"wpb_text_column wpb_content_element\">\n\t\t<div class=\"wpb_wrapper\">\n\t\t\t<p class=\"tituloSeccion\" style=\"text-align: center;\">Do you have any doubt?<\/p>\n<p class=\"subtituloSeccion\" style=\"text-align: center;\">If you need additional information fill out the form. Our customer service department will contact you as soon as possible.<\/p>\n\n\t\t<\/div> \n\t<\/div> <\/div><\/div><\/div><div class=\"wpb_column vc_column_container vc_col-sm-2\"><div class=\"vc_column-inner\"><div class=\"wpb_wrapper\"><\/div><\/div><\/div><\/div><\/div><\/div><div      class=\"vc_row wpb_row section vc_row-fluid  grid_section\" style=' text-align:left;'><div class=\"section_inner clearfix\"><div class='section_inner_margin clearfix'><div class=\"wpb_column vc_column_container vc_col-sm-12\"><div class=\"vc_column-inner\"><div class=\"wpb_wrapper\">\n<div class=\"wpcf7 no-js\" id=\"wpcf7-f5-o1\" lang=\"es-ES\" dir=\"ltr\" data-wpcf7-id=\"5\">\n<div class=\"screen-reader-response\"><p role=\"status\" aria-live=\"polite\" aria-atomic=\"true\"><\/p> <ul><\/ul><\/div>\n<form action=\"\/en\/wp-json\/wp\/v2\/pages\/8#wpcf7-f5-o1\" method=\"post\" class=\"wpcf7-form init cf7_custom_style_1\" aria-label=\"Formulario de contacto\" novalidate=\"novalidate\" data-status=\"init\" data-trp-original-action=\"\/en\/wp-json\/wp\/v2\/pages\/8#wpcf7-f5-o1\">\n<div style=\"display: none;\">\n<input type=\"hidden\" name=\"_wpcf7\" value=\"5\" \/>\n<input type=\"hidden\" name=\"_wpcf7_version\" value=\"6.0.3\" \/>\n<input type=\"hidden\" name=\"_wpcf7_locale\" value=\"es_ES\" \/>\n<input type=\"hidden\" name=\"_wpcf7_unit_tag\" value=\"wpcf7-f5-o1\" \/>\n<input type=\"hidden\" name=\"_wpcf7_container_post\" value=\"0\" \/>\n<input type=\"hidden\" name=\"_wpcf7_posted_data_hash\" value=\"\" \/>\n<\/div>\n<div id=\"responsive-form\" class=\"clearfix\">\n\t<div class=\"form-row\">\n\t\t<div class=\"column-half\">\n\t\t\t<p><span class=\"wpcf7-form-control-wrap\" data-name=\"nombre\"><input size=\"40\" maxlength=\"400\" class=\"wpcf7-form-control wpcf7-text wpcf7-validates-as-required\" aria-required=\"true\" aria-invalid=\"false\" placeholder=\"Your name\" value=\"\" type=\"text\" name=\"nombre\" \/><\/span>\n\t\t\t<\/p>\n\t\t<\/div>\n\t\t<div class=\"column-half\">\n\t\t\t<p><span class=\"wpcf7-form-control-wrap\" data-name=\"email\"><input size=\"40\" maxlength=\"400\" class=\"wpcf7-form-control wpcf7-email wpcf7-validates-as-required wpcf7-text wpcf7-validates-as-email\" aria-required=\"true\" aria-invalid=\"false\" placeholder=\"E-mail\" value=\"\" type=\"email\" name=\"email\" \/><\/span>\n\t\t\t<\/p>\n\t\t<\/div>\n\t<\/div>\n\t<div class=\"form-row\">\n\t\t<div class=\"column-half\">\n\t\t\t<p><span class=\"wpcf7-form-control-wrap\" data-name=\"telefono\"><input size=\"40\" maxlength=\"400\" class=\"wpcf7-form-control wpcf7-tel wpcf7-text wpcf7-validates-as-tel\" aria-invalid=\"false\" placeholder=\"Phone number\" value=\"\" type=\"tel\" name=\"telefono\" \/><\/span>\n\t\t\t<\/p>\n\t\t<\/div>\n\t\t<div class=\"column-half\" style=\"z-index: 999;\">\n\t\t\t<p><span class=\"wpcf7-form-control-wrap\" data-name=\"asunto\"><select class=\"wpcf7-form-control wpcf7-select wpcf7-validates-as-required\" aria-required=\"true\" aria-invalid=\"false\" name=\"asunto\"><option value=\"\">Subject<\/option><option value=\"Tienda Online\">Online Store<\/option><option value=\"Empleo\">Employment<\/option><option value=\"Nuestros Productos\">Our products<\/option><option value=\"Otros\">Others<\/option><\/select><\/span>\n\t\t\t<\/p>\n\t\t<\/div>\n\t<\/div>\n\t<div class=\"form-row\">\n\t\t<div class=\"column-full\">\n\t\t\t<p><span class=\"wpcf7-form-control-wrap\" data-name=\"descripcion\"><textarea cols=\"40\" rows=\"10\" maxlength=\"2000\" class=\"wpcf7-form-control wpcf7-textarea\" aria-invalid=\"false\" placeholder=\"Your message\" name=\"descripcion\"><\/textarea><\/span>\n\t\t\t<\/p>\n\t\t<\/div>\n\t<\/div>\n\t<p style = \"font-size: 12px; margin-bottom: 0px;\"><span class=\"wpcf7-form-control-wrap\" data-name=\"AceptoCondicionesdePrivacidad\"><span class=\"wpcf7-form-control wpcf7-acceptance\"><span class=\"wpcf7-list-item\"><label><input type=\"checkbox\" name=\"AceptoCondicionesdePrivacidad\" value=\"1\" aria-invalid=\"false\" \/><span class=\"wpcf7-list-item-label\">Acepto Pol\u00edtica de Privacidad<\/span><\/label><\/span><\/span><\/span><a href = \"https:\/\/sanchezalcaraz.com\/en\/privacy-policy\/\" target=\"_blank\"><span style = \"color: #272727;\">- Leer aqu\u00ed -<\/span><\/a>\n\t<\/p>\n\t<div class=\"preguntaInteligente\">\n\t\t<p>Por favor, demuestra que no eres un robot! &nbsp; <i class=\"fa fa-smile-o\" aria-hidden=\"true\"><\/i><br \/>\n<span class=\"wpcf7-form-control-wrap\" data-name=\"seguridad\"><label><span class=\"wpcf7-quiz-label\">tres + 2 =<\/span> <input size=\"40\" class=\"wpcf7-form-control wpcf7-quiz\" autocomplete=\"off\" aria-required=\"true\" aria-invalid=\"false\" type=\"text\" name=\"seguridad\" \/><\/label><input type=\"hidden\" name=\"_wpcf7_quiz_answer_seguridad\" value=\"6fc4ab11aadc3988a07c8bd304cfc450\" \/><\/span>\n\t\t<\/p>\n\t<\/div>\n\t<p><span id=\"wpcf7-69dff0f71ad01-wrapper\" class=\"wpcf7-form-control-wrap honeypot-4-wrap\" style=\"display:none !important; visibility:hidden !important;\"><label for=\"wpcf7-69dff0f71ad01-field\" class=\"hp-message\">Por favor, deja este campo vac\u00edo.<\/label><input id=\"wpcf7-69dff0f71ad01-field\"  class=\"wpcf7-form-control wpcf7-text\" type=\"text\" name=\"honeypot-4\" value=\"\" size=\"40\" tabindex=\"-1\" autocomplete=\"new-password\" \/><\/span>\n\t<\/p>\n\t<div class=\"form-row\">\n\t\t<div class=\"column-full\">\n\t\t\t<p><input class=\"wpcf7-form-control wpcf7-submit has-spinner\" type=\"submit\" value=\"Send\" \/>\n\t\t\t<\/p>\n\t\t<\/div>\n\t<\/div>\n<\/div><div class=\"frc-captcha\" data-sitekey=\"FCMS8CQDLTDPL440\" data-lang=\"en\" ><\/div>\n\t\t<noscript>You need to enable Javascript for the anti-spam check.<\/noscript><div class=\"wpcf7-response-output\" aria-hidden=\"true\"><\/div>\n<input type=\"hidden\" name=\"trp-form-language\" value=\"en\"\/><\/form>\n<\/div>\n<\/div><\/div><\/div><\/div><\/div><\/div><div      class=\"vc_row wpb_row section vc_row-fluid  grid_section\" style=' text-align:left;'><div class=\"section_inner clearfix\"><div class='section_inner_margin clearfix'><div class=\"wpb_column vc_column_container vc_col-sm-2\"><div class=\"vc_column-inner\"><div class=\"wpb_wrapper\"><\/div><\/div><\/div><div class=\"wpb_column vc_column_container vc_col-sm-8\"><div class=\"vc_column-inner\"><div class=\"wpb_wrapper\">\n\t<div class=\"wpb_text_column wpb_content_element\">\n\t\t<div class=\"wpb_wrapper\">\n\t\t\t<p class=\"tituloSeccion\" style=\"text-align: center;\">Direct sales points in our factories<\/p>\n\n\t\t<\/div> \n\t<\/div> <\/div><\/div><\/div><div class=\"wpb_column vc_column_container vc_col-sm-2\"><div class=\"vc_column-inner\"><div class=\"wpb_wrapper\"><\/div><\/div><\/div><\/div><\/div><\/div><div      class=\"vc_row wpb_row section vc_row-fluid  vc_custom_1565000810059 grid_section\" style=' text-align:left;'><div class=\"section_inner clearfix\"><div class='section_inner_margin clearfix'><div class=\"wpb_column vc_column_container vc_col-sm-4\"><div class=\"vc_column-inner\"><div class=\"wpb_wrapper\">\n\t<div class=\"wpb_single_image wpb_content_element vc_align_center\">\n\t\t<div class=\"wpb_wrapper\">\n\t\t\t\n\t\t\t<div class=\"vc_single_image-wrapper   vc_box_border_grey\"><img loading=\"lazy\" decoding=\"async\" width=\"2501\" height=\"2501\" src=\"https:\/\/sanchezalcaraz.com\/wp-content\/uploads\/2022\/06\/FOOTER-PRODUCTION-PLANTS-MAP.png\" class=\"vc_single_image-img attachment-medium\" alt=\"Mapa de localizaciones sanchez alcaraz_\" title=\"Mapa de localizaciones sanchez alcaraz_\" srcset=\"https:\/\/sanchezalcaraz.com\/wp-content\/uploads\/2022\/06\/FOOTER-PRODUCTION-PLANTS-MAP.png 600w, https:\/\/sanchezalcaraz.com\/wp-content\/uploads\/2022\/06\/FOOTER-PRODUCTION-PLANTS-MAP-12x12.png 12w, https:\/\/sanchezalcaraz.com\/wp-content\/uploads\/2022\/06\/FOOTER-PRODUCTION-PLANTS-MAP-570x570.png 570w, https:\/\/sanchezalcaraz.com\/wp-content\/uploads\/2022\/06\/FOOTER-PRODUCTION-PLANTS-MAP-500x500.png 500w, https:\/\/sanchezalcaraz.com\/wp-content\/uploads\/2022\/06\/FOOTER-PRODUCTION-PLANTS-MAP-100x100.png 100w\" sizes=\"auto, (max-width: 2501px) 100vw, 2501px\" \/><\/div>\n\t\t<\/div>\n\t<\/div>\n<\/div><\/div><\/div><div class=\"wpb_column vc_column_container vc_col-sm-8\"><div class=\"vc_column-inner vc_custom_1652429616873\"><div class=\"wpb_wrapper\">\n\t<div class=\"wpb_text_column wpb_content_element\">\n\t\t<div class=\"wpb_wrapper\">\n\t\t\t<p class=\"nombreTienda\">Casarrubios del Monte<\/p>\n<ul class=\"datosTienda\">\n<li>Address: C\/ Encinar 211-212<\/li>\n<li>Tel\u00e9fono oficinas: +34 <span data-teams=\"true\">918 170 807<\/span><\/li>\n<li>Tel\u00e9fono tienda: +34 918 609 195<\/li>\n<li>Horario tienda: Lunes a viernes 09:30h &#8211; 14:00h y 16:00h -19:00h | S\u00e1bados 09:00h &#8211; 14:00h<\/li>\n<\/ul>\n<p class=\"nombreTienda\">Azuaga (Extremadura)<\/p>\n<ul class=\"datosTienda\">\n<li>Address: C\/ Mina la Oscuridad, 71<\/li>\n<li>Tel\u00e9fono tienda: +34 924 890 536<\/li>\n<li>Horario tienda: Lunes a viernes 09:00h &#8211; 14:00h y 16:30h -20:30h | S\u00e1bados 09:00h &#8211; 14:00h<\/li>\n<\/ul>\n<p class=\"nombreTienda\">Fuensalida (Toledo)<\/p>\n<ul class=\"datosTienda\">\n<li>Address: C\/ Luxemburgo 18<\/li>\n<li>Tel\u00e9fono oficinas: +34 <span data-teams=\"true\">925 955 071<\/span><\/li>\n<li>Tel\u00e9fono tienda: +34 925 955 200<\/li>\n<li>Horario tienda: Lunes a viernes 10:00h &#8211; 19:00h\u00a0 | S\u00e1bados 10:00h &#8211; 14:00h<\/li>\n<\/ul>\n\n\t\t<\/div> \n\t<\/div> <\/div><\/div><\/div><\/div><\/div><\/div>\n<\/div>","protected":false},"excerpt":{"rendered":"\u00bfTienes alguna duda? Si necesitas informaci\u00f3n adicional rellena nuestro formulario. Nuestro departamento de atenci\u00f3n al cliente se pondr\u00e1 en contacto contigo lo antes posible. \u00bfSobre qu\u00e9 quieres hablarnos?Tienda OnlineEmpleoNuestros ProductosOtros Acepto Pol\u00edtica de Privacidad- Leer aqu\u00ed - Por favor, demuestra que no eres un robot!...","protected":false},"author":1147,"featured_media":4671,"parent":0,"menu_order":0,"comment_status":"closed","ping_status":"closed","template":"full_width.php","meta":{"footnotes":""},"class_list":["post-8","page","type-page","status-publish","has-post-thumbnail","hentry"],"yoast_head":"<!-- This site is optimized with the Yoast SEO plugin v24.3 - https:\/\/yoast.com\/wordpress\/plugins\/seo\/ -->\n<title>\u00bfTienes preguntas? \u00a1Cont\u00e1ctanos!<\/title>\n<meta name=\"description\" content=\"Si necesitas informaci\u00f3n adicional sobre nuestra empresa o resolver cualquier duda no dejes de contactarnos. \u00a1Estaremos encantados de ayudarte!\" \/>\n<meta name=\"robots\" content=\"noindex, nofollow\" \/>\n<meta property=\"og:locale\" content=\"en_GB\" \/>\n<meta property=\"og:type\" content=\"article\" \/>\n<meta property=\"og:title\" content=\"\u00bfTienes preguntas? \u00a1Cont\u00e1ctanos!\" \/>\n<meta property=\"og:description\" content=\"Si necesitas informaci\u00f3n adicional sobre nuestra empresa o resolver cualquier duda no dejes de contactarnos. \u00a1Estaremos encantados de ayudarte!\" \/>\n<meta property=\"og:url\" content=\"https:\/\/sanchezalcaraz.com\/en\/contact\/\" \/>\n<meta property=\"og:site_name\" content=\"Sanchez Alcaraz\" \/>\n<meta property=\"article:publisher\" content=\"https:\/\/www.facebook.com\/SanchezAlcarazJamones\/\" \/>\n<meta property=\"article:modified_time\" content=\"2025-08-11T11:16:05+00:00\" \/>\n<meta property=\"og:image\" content=\"https:\/\/sanchezalcaraz.com\/wp-content\/uploads\/2023\/04\/cabecera-sanchez-alcaraz-logo-nuevo.jpg\" \/>\n\t<meta property=\"og:image:width\" content=\"900\" \/>\n\t<meta property=\"og:image:height\" content=\"600\" \/>\n\t<meta property=\"og:image:type\" content=\"image\/jpeg\" \/>\n<meta name=\"twitter:card\" content=\"summary_large_image\" \/>\n<meta name=\"twitter:site\" content=\"@sanchezalcaraz_\" \/>\n<meta name=\"twitter:label1\" content=\"Estimated reading time\" \/>\n\t<meta name=\"twitter:data1\" content=\"1 minute\" \/>\n<script type=\"application\/ld+json\" class=\"yoast-schema-graph\">{\"@context\":\"https:\/\/schema.org\",\"@graph\":[{\"@type\":\"WebPage\",\"@id\":\"https:\/\/sanchezalcaraz.com\/contacto\/\",\"url\":\"https:\/\/sanchezalcaraz.com\/contacto\/\",\"name\":\"\u00bfTienes preguntas? \u00a1Cont\u00e1ctanos!\",\"isPartOf\":{\"@id\":\"https:\/\/sanchezalcaraz.com\/#website\"},\"primaryImageOfPage\":{\"@id\":\"https:\/\/sanchezalcaraz.com\/contacto\/#primaryimage\"},\"image\":{\"@id\":\"https:\/\/sanchezalcaraz.com\/contacto\/#primaryimage\"},\"thumbnailUrl\":\"https:\/\/sanchezalcaraz.com\/wp-content\/uploads\/2023\/04\/cabecera-sanchez-alcaraz-logo-nuevo.jpg\",\"datePublished\":\"2019-07-26T09:45:17+00:00\",\"dateModified\":\"2025-08-11T11:16:05+00:00\",\"description\":\"Si necesitas informaci\u00f3n adicional sobre nuestra empresa o resolver cualquier duda no dejes de contactarnos. \u00a1Estaremos encantados de ayudarte!\",\"breadcrumb\":{\"@id\":\"https:\/\/sanchezalcaraz.com\/contacto\/#breadcrumb\"},\"inLanguage\":\"en-GB\",\"potentialAction\":[{\"@type\":\"ReadAction\",\"target\":[\"https:\/\/sanchezalcaraz.com\/contacto\/\"]}]},{\"@type\":\"ImageObject\",\"inLanguage\":\"en-GB\",\"@id\":\"https:\/\/sanchezalcaraz.com\/contacto\/#primaryimage\",\"url\":\"https:\/\/sanchezalcaraz.com\/wp-content\/uploads\/2023\/04\/cabecera-sanchez-alcaraz-logo-nuevo.jpg\",\"contentUrl\":\"https:\/\/sanchezalcaraz.com\/wp-content\/uploads\/2023\/04\/cabecera-sanchez-alcaraz-logo-nuevo.jpg\",\"width\":900,\"height\":600,\"caption\":\"cabecera sanchez alcaraz logo nuevo\"},{\"@type\":\"BreadcrumbList\",\"@id\":\"https:\/\/sanchezalcaraz.com\/contacto\/#breadcrumb\",\"itemListElement\":[{\"@type\":\"ListItem\",\"position\":1,\"name\":\"Portada\",\"item\":\"https:\/\/sanchezalcaraz.com\/\"},{\"@type\":\"ListItem\",\"position\":2,\"name\":\"Contacto\"}]},{\"@type\":\"WebSite\",\"@id\":\"https:\/\/sanchezalcaraz.com\/#website\",\"url\":\"https:\/\/sanchezalcaraz.com\/\",\"name\":\"Sanchez Alcaraz\",\"description\":\"\",\"publisher\":{\"@id\":\"https:\/\/sanchezalcaraz.com\/#organization\"},\"potentialAction\":[{\"@type\":\"SearchAction\",\"target\":{\"@type\":\"EntryPoint\",\"urlTemplate\":\"https:\/\/sanchezalcaraz.com\/?s={search_term_string}\"},\"query-input\":{\"@type\":\"PropertyValueSpecification\",\"valueRequired\":true,\"valueName\":\"search_term_string\"}}],\"inLanguage\":\"en-GB\"},{\"@type\":\"Organization\",\"@id\":\"https:\/\/sanchezalcaraz.com\/#organization\",\"name\":\"S\u00e1nchez Alcaraz\",\"url\":\"https:\/\/sanchezalcaraz.com\/\",\"logo\":{\"@type\":\"ImageObject\",\"inLanguage\":\"en-GB\",\"@id\":\"https:\/\/sanchezalcaraz.com\/#\/schema\/logo\/image\/\",\"url\":\"https:\/\/sanchezalcaraz.com\/wp-content\/uploads\/2023\/04\/cabecera-sanchez-alcaraz-logo-nuevo.jpg\",\"contentUrl\":\"https:\/\/sanchezalcaraz.com\/wp-content\/uploads\/2023\/04\/cabecera-sanchez-alcaraz-logo-nuevo.jpg\",\"width\":900,\"height\":600,\"caption\":\"S\u00e1nchez Alcaraz\"},\"image\":{\"@id\":\"https:\/\/sanchezalcaraz.com\/#\/schema\/logo\/image\/\"},\"sameAs\":[\"https:\/\/www.facebook.com\/SanchezAlcarazJamones\/\",\"https:\/\/x.com\/sanchezalcaraz_\",\"https:\/\/www.instagram.com\/sanchez_alcaraz\/\"]}]}<\/script>\n<!-- \/ Yoast SEO plugin. -->","yoast_head_json":{"title":"\u00bfTienes preguntas? \u00a1Cont\u00e1ctanos!","description":"Si necesitas informaci\u00f3n adicional sobre nuestra empresa o resolver cualquier duda no dejes de contactarnos. \u00a1Estaremos encantados de ayudarte!","robots":{"index":"noindex","follow":"nofollow"},"og_locale":"en_GB","og_type":"article","og_title":"\u00bfTienes preguntas? \u00a1Cont\u00e1ctanos!","og_description":"Si necesitas informaci\u00f3n adicional sobre nuestra empresa o resolver cualquier duda no dejes de contactarnos. \u00a1Estaremos encantados de ayudarte!","og_url":"https:\/\/sanchezalcaraz.com\/en\/contact\/","og_site_name":"Sanchez Alcaraz","article_publisher":"https:\/\/www.facebook.com\/SanchezAlcarazJamones\/","article_modified_time":"2025-08-11T11:16:05+00:00","og_image":[{"width":900,"height":600,"url":"https:\/\/sanchezalcaraz.com\/wp-content\/uploads\/2023\/04\/cabecera-sanchez-alcaraz-logo-nuevo.jpg","type":"image\/jpeg"}],"twitter_card":"summary_large_image","twitter_site":"@sanchezalcaraz_","twitter_misc":{"Estimated reading time":"1 minute"},"schema":{"@context":"https:\/\/schema.org","@graph":[{"@type":"WebPage","@id":"https:\/\/sanchezalcaraz.com\/contacto\/","url":"https:\/\/sanchezalcaraz.com\/contacto\/","name":"\u00bfTienes preguntas? \u00a1Cont\u00e1ctanos!","isPartOf":{"@id":"https:\/\/sanchezalcaraz.com\/#website"},"primaryImageOfPage":{"@id":"https:\/\/sanchezalcaraz.com\/contacto\/#primaryimage"},"image":{"@id":"https:\/\/sanchezalcaraz.com\/contacto\/#primaryimage"},"thumbnailUrl":"https:\/\/sanchezalcaraz.com\/wp-content\/uploads\/2023\/04\/cabecera-sanchez-alcaraz-logo-nuevo.jpg","datePublished":"2019-07-26T09:45:17+00:00","dateModified":"2025-08-11T11:16:05+00:00","description":"Si necesitas informaci\u00f3n adicional sobre nuestra empresa o resolver cualquier duda no dejes de contactarnos. \u00a1Estaremos encantados de ayudarte!","breadcrumb":{"@id":"https:\/\/sanchezalcaraz.com\/contacto\/#breadcrumb"},"inLanguage":"en-GB","potentialAction":[{"@type":"ReadAction","target":["https:\/\/sanchezalcaraz.com\/contacto\/"]}]},{"@type":"ImageObject","inLanguage":"en-GB","@id":"https:\/\/sanchezalcaraz.com\/contacto\/#primaryimage","url":"https:\/\/sanchezalcaraz.com\/wp-content\/uploads\/2023\/04\/cabecera-sanchez-alcaraz-logo-nuevo.jpg","contentUrl":"https:\/\/sanchezalcaraz.com\/wp-content\/uploads\/2023\/04\/cabecera-sanchez-alcaraz-logo-nuevo.jpg","width":900,"height":600,"caption":"cabecera sanchez alcaraz logo nuevo"},{"@type":"BreadcrumbList","@id":"https:\/\/sanchezalcaraz.com\/contacto\/#breadcrumb","itemListElement":[{"@type":"ListItem","position":1,"name":"Portada","item":"https:\/\/sanchezalcaraz.com\/"},{"@type":"ListItem","position":2,"name":"Contacto"}]},{"@type":"WebSite","@id":"https:\/\/sanchezalcaraz.com\/#website","url":"https:\/\/sanchezalcaraz.com\/","name":"Sanchez Alcaraz","description":"","publisher":{"@id":"https:\/\/sanchezalcaraz.com\/#organization"},"potentialAction":[{"@type":"SearchAction","target":{"@type":"EntryPoint","urlTemplate":"https:\/\/sanchezalcaraz.com\/?s={search_term_string}"},"query-input":{"@type":"PropertyValueSpecification","valueRequired":true,"valueName":"search_term_string"}}],"inLanguage":"en-GB"},{"@type":"Organization","@id":"https:\/\/sanchezalcaraz.com\/#organization","name":"S\u00e1nchez Alcaraz","url":"https:\/\/sanchezalcaraz.com\/","logo":{"@type":"ImageObject","inLanguage":"en-GB","@id":"https:\/\/sanchezalcaraz.com\/#\/schema\/logo\/image\/","url":"https:\/\/sanchezalcaraz.com\/wp-content\/uploads\/2023\/04\/cabecera-sanchez-alcaraz-logo-nuevo.jpg","contentUrl":"https:\/\/sanchezalcaraz.com\/wp-content\/uploads\/2023\/04\/cabecera-sanchez-alcaraz-logo-nuevo.jpg","width":900,"height":600,"caption":"S\u00e1nchez Alcaraz"},"image":{"@id":"https:\/\/sanchezalcaraz.com\/#\/schema\/logo\/image\/"},"sameAs":["https:\/\/www.facebook.com\/SanchezAlcarazJamones\/","https:\/\/x.com\/sanchezalcaraz_","https:\/\/www.instagram.com\/sanchez_alcaraz\/"]}]}},"_links":{"self":[{"href":"https:\/\/sanchezalcaraz.com\/en\/wp-json\/wp\/v2\/pages\/8","targetHints":{"allow":["GET"]}}],"collection":[{"href":"https:\/\/sanchezalcaraz.com\/en\/wp-json\/wp\/v2\/pages"}],"about":[{"href":"https:\/\/sanchezalcaraz.com\/en\/wp-json\/wp\/v2\/types\/page"}],"author":[{"embeddable":true,"href":"https:\/\/sanchezalcaraz.com\/en\/wp-json\/wp\/v2\/users\/1147"}],"replies":[{"embeddable":true,"href":"https:\/\/sanchezalcaraz.com\/en\/wp-json\/wp\/v2\/comments?post=8"}],"version-history":[{"count":7,"href":"https:\/\/sanchezalcaraz.com\/en\/wp-json\/wp\/v2\/pages\/8\/revisions"}],"predecessor-version":[{"id":8398,"href":"https:\/\/sanchezalcaraz.com\/en\/wp-json\/wp\/v2\/pages\/8\/revisions\/8398"}],"wp:featuredmedia":[{"embeddable":true,"href":"https:\/\/sanchezalcaraz.com\/en\/wp-json\/wp\/v2\/media\/4671"}],"wp:attachment":[{"href":"https:\/\/sanchezalcaraz.com\/en\/wp-json\/wp\/v2\/media?parent=8"}],"curies":[{"name":"wp","href":"https:\/\/api.w.org\/{rel}","templated":true}]}}