{"id":102,"date":"2019-07-29T17:21:14","date_gmt":"2019-07-29T15:21:14","guid":{"rendered":"https:\/\/sanchezalcaraz.com\/?page_id=102"},"modified":"2023-11-14T10:46:36","modified_gmt":"2023-11-14T09:46:36","slug":"aviso-legal","status":"publish","type":"page","link":"https:\/\/sanchezalcaraz.com\/en\/legal-notice\/","title":{"rendered":"Legal Notice"},"content":{"rendered":"<div class=\"wpb-content-wrapper\"><div      class=\"vc_row wpb_row section vc_row-fluid\" style=' text-align:left;'><div class=\"full_section_inner clearfix\"><div class=\"wpb_column vc_column_container vc_col-sm-12\"><div class=\"vc_column-inner\"><div class=\"wpb_wrapper\">\n\t<div class=\"wpb_single_image wpb_content_element vc_align_center   mostrarDesktop\">\n\t\t<div class=\"wpb_wrapper\">\n\t\t\t\n\t\t\t<div class=\"vc_single_image-wrapper   vc_box_border_grey\"><img loading=\"lazy\" decoding=\"async\" width=\"2500\" height=\"400\" src=\"https:\/\/sanchezalcaraz.com\/wp-content\/uploads\/2019\/07\/aviso-legal-Desktop.jpg\" class=\"vc_single_image-img attachment-full\" alt=\"aviso-legal-sanchez-alcaraz\" title=\"aviso-legal-Desktop\" srcset=\"https:\/\/sanchezalcaraz.com\/wp-content\/uploads\/2019\/07\/aviso-legal-Desktop.jpg 2500w, https:\/\/sanchezalcaraz.com\/wp-content\/uploads\/2019\/07\/aviso-legal-Desktop-960x154.jpg 960w, https:\/\/sanchezalcaraz.com\/wp-content\/uploads\/2019\/07\/aviso-legal-Desktop-800x128.jpg 800w, https:\/\/sanchezalcaraz.com\/wp-content\/uploads\/2019\/07\/aviso-legal-Desktop-768x123.jpg 768w, https:\/\/sanchezalcaraz.com\/wp-content\/uploads\/2019\/07\/aviso-legal-Desktop-700x112.jpg 700w\" sizes=\"auto, (max-width: 2500px) 100vw, 2500px\" \/><\/div>\n\t\t<\/div>\n\t<\/div>\n<\/div><\/div><\/div><\/div><\/div><div      class=\"vc_row wpb_row section vc_row-fluid\" style=' text-align:left;'><div class=\"full_section_inner clearfix\"><div class=\"wpb_column vc_column_container vc_col-sm-12\"><div class=\"vc_column-inner\"><div class=\"wpb_wrapper\">\n\t<div class=\"wpb_single_image wpb_content_element vc_align_center   mostrarMobile\">\n\t\t<div class=\"wpb_wrapper\">\n\t\t\t\n\t\t\t<div class=\"vc_single_image-wrapper   vc_box_border_grey\"><img loading=\"lazy\" decoding=\"async\" width=\"768\" height=\"410\" src=\"https:\/\/sanchezalcaraz.com\/wp-content\/uploads\/2019\/07\/aviso-legal-Mobile.jpg\" class=\"vc_single_image-img attachment-full\" alt=\"aviso-legal-sanchez-alcaraz\" title=\"aviso-legal-Mobile\" srcset=\"https:\/\/sanchezalcaraz.com\/wp-content\/uploads\/2019\/07\/aviso-legal-Mobile.jpg 768w, https:\/\/sanchezalcaraz.com\/wp-content\/uploads\/2019\/07\/aviso-legal-Mobile-450x240.jpg 450w, https:\/\/sanchezalcaraz.com\/wp-content\/uploads\/2019\/07\/aviso-legal-Mobile-600x320.jpg 600w, https:\/\/sanchezalcaraz.com\/wp-content\/uploads\/2019\/07\/aviso-legal-Mobile-700x374.jpg 700w\" sizes=\"auto, (max-width: 768px) 100vw, 768px\" \/><\/div>\n\t\t<\/div>\n\t<\/div>\n<\/div><\/div><\/div><\/div><\/div><div      class=\"vc_row wpb_row section vc_row-fluid  vc_custom_1564394414649 grid_section\" style=' text-align:left;'><div class=\"section_inner clearfix\"><div class='section_inner_margin clearfix'><div class=\"wpb_column vc_column_container vc_col-sm-12\"><div class=\"vc_column-inner\"><div class=\"wpb_wrapper\">\n\t<div class=\"wpb_text_column wpb_content_element\">\n\t\t<div class=\"wpb_wrapper\">\n\t\t\t<h3><b>1. COMPANY INFORMATION:<\/b><\/h3>\n<p class=\"translation-block\">This legal notice regulates the use of the website www.sanchezalcaraz.com, which <strong>BELL ESPA\u00d1A ALIMENTACI\u00d3N S.L.U.<\/strong> (hereinafter \"<strong>S\u00e1nchez Alcaraz<\/strong>\") with registered office at calle Encinar, 211-212, Pol\u00edgono Industrial Monte Boyal, 45950, Casarrubios del Monte, (Toledo), registered in the Mercantile Registry of Toledo, in Volume 1471, Folio 9, Sheet TO- 30946, CIF B- 78112539 and contact information:<\/p>\n<ul>\n<li>Telephone number: +34 925 955 057<\/li>\n<li>Fax number: +34 925 950 588<\/li>\n<li>Email address: info.es@bellfoodgroup.com\u00a0<a href=\"mailto:info.es@bellfoodgroup.com\">info.es@bellfoodgroup.com<\/a><\/li>\n<\/ul>\n<p class=\"translation-block\">Browsing the www.sanchezalcaraz.com website attributes the condition of user (hereinafter the \"<b>User<\/b>\") of the same and implies full and unreserved acceptance of each and every one of the provisions included in this Legal Notice, which may undergo modifications.<\/p>\n<p>The user accepts to make correct use of the website in accordance with the law, good faith, public order, traffic uses and this Legal Notice. The user will respond to S\u00e1nchez Alcaraz or to third parties, for any damages that may be caused as a result of breach of the mentioned obligation.<\/p>\n<h3><b>2. PURPOSE, ACCEPTANCE AND CONDITIONS OF USE:<\/b><\/h3>\n<p>This legal notice regulates the conditions of access and use of this website owned by S\u00e1nchez Alcaraz, whose main purpose is to publicize and provide information about the services provided by the company in the development of its professional activity.<\/p>\n<p>The website and its services are free and of open access, however, S\u00e1nchez Alcaraz determines the use of some of the services offered on its website to the prior fulfillment of the corresponding form. The User guarantees the authenticity and veracity of all data communicated to S\u00e1nchez Alcaraz and will be solely responsible for any false or inaccurate statements made.<\/p>\n<p>The User is aware and voluntarily accepts that the use of this website is carried out at all times under their entire responsibility, and agrees to make a correct use of it in accordance with the laws, good faith, public order and uses traffic, responding to S\u00e1nchez Alcaraz or third parties for damages that may be caused as a result of improper use of the content. Specifically, it agrees not to use the contents and services of S\u00e1nchez Alcaraz for, among others:<\/p>\n<ul>\n<li>Disseminate content that is criminal, violent, pornographic, racist, xenophobic, offensive, advocating terrorism or, in general, contrary to law or public order.<\/li>\n<li>Introduce computer viruses into the network or carry out actions that may alter, spoil, interrupt or generate errors or damage to electronic documents, data or physical and logical systems of S\u00e1nchez Alcaraz or third parties; as well as hinder the access of other users to the website and its services through the massive consumption of computer resources through which S\u00e1nchez Alcaraz provides its services.<\/li>\n<li>Attempt to access the email accounts of other users or restricted areas of the computer systems of S\u00e1nchez Alcaraz or third parties and, extract not authorized information.<\/li>\n<li>Violate the rights of intellectual or industrial property, as well as violate the confidentiality of the information of S\u00e1nchez Alcaraz or third parties.<\/li>\n<li>Impersonate the identity of another user, public administrations or a third party.<\/li>\n<li>Reproduce, copy, distribute, make available or in any other way publicly communicate, transform or modify the contents, unless you have the authorization of the owner of the corresponding rights or this is legally permitted.<\/li>\n<li>Collect data for advertising purposes and to send advertising of any kind and communications for sales purposes or others of a commercial nature without your prior request or consent.<\/li>\n<\/ul>\n<p>All the contents of the website, such as texts, photographs, graphics, images, icons, technology, software, as well as its graphic design and source codes, constitute a work whose property belongs to S\u00e1nchez Alcaraz, without any of it being understood to be transferred to the user any of the exploitation rights over them beyond what is strictly necessary for the correct use of the web.<\/p>\n<p>In short, Users who access this website can see the contents and make, when appropriate, authorized private copies, provided that the reproduced elements are not subsequently transferred to third parties, nor are they installed on servers connected to networks, nor are they subject to no kind of exploitation.<\/p>\n<p>Likewise, all trademarks, trade names or distinctive signs of any kind that appear on the website are the property of S\u00e1nchez Alcaraz, without it being understood that the use or access to it attributes to the user any right over them.<\/p>\n<p>The distribution, modification, transfer or public communication of the contents and any other act that has not been expressly authorized by the owner of the exploitation rights are prohibited.<\/p>\n<p>The establishment of a hyperlink does not imply in any case the existence of relations between S\u00e1nchez Alcaraz and the owner of the website on which it is established, nor the acceptance and approval by S\u00e1nchez Alcaraz of its contents or services. Those persons who intend to establish a hyperlink must previously request authorization in writing to S\u00e1nchez Alcaraz. In any case, the hyperlink will only allow access to the home page or home page of our website, and you must also refrain from making false, inaccurate or incorrect statements or indications about S\u00e1nchez Alcaraz or include illegal content, contrary to good customs and to public order.<\/p>\n<p>S\u00e1nchez Alcaraz is not responsible for the use that each user gives to the materials made available on this website or for the actions carried out based on them.<\/p>\n<h3><b>3. EXCLUSION OF LIABILITY<\/b><b>:<\/b><\/h3>\n<p>The content of this website is of a general nature and is for informational purposes only, without fully guaranteeing access to all content, nor its completeness, correctness, validity or timeliness, nor its suitability or usefulness for a specific purpose.<\/p>\n<p>S\u00e1nchez Alcaraz excludes, to the extent permitted by law, any liability for damages of any nature arising from:<\/p>\n<ul>\n<li>The impossibility of accessing the website or the lack of veracity, accuracy, exhaustiveness and\/or update of the contents, as well as the existence of vices and defects of all kinds of the contents transmitted, disseminated, stored, made available to those who has been accessed through the website or the services offered.<\/li>\n<li>The presence of viruses or other elements in the content that may cause alterations in computer systems, electronic documents or user data.<\/li>\n<li>Failure to comply with the laws, good faith, public order, traffic uses and this legal notice as a result of incorrect use of the website. In particular, and an example, S\u00e1nchez Alcaraz is not responsible for the actions of third parties that violate intellectual and industrial property rights, business secrets, rights to honor, personal and family privacy and the image itself, as well as the regulations in matters of unfair competition and illicit advertising.<\/li>\n<\/ul>\n<p>Likewise, S\u00e1nchez Alcaraz declines any responsibility regarding the information that is outside this website and is not managed directly by our webmaster. The function of the links that appear on this website is exclusively to inform the user about the existence of other sources capable of expanding the content offered by this website. S\u00e1nchez Alcaraz does not guarantee nor is it responsible for the operation or accessibility of the linked sites; nor does it suggest, invite or recommend a visit to them, so it will not be responsible for the result obtained. S\u00e1nchez Alcaraz is not responsible for the establishment of hyperlinks by third parties.<\/p>\n<h3><b>4. DATA PROTECTION AND PRIVACY POLICY:<\/b><\/h3>\n<p class=\"translation-block\">Our privacy policy is available at\u00a0the <a href=\"https:\/\/sanchezalcaraz.com\/en\/?page_id=9672\" target=\"_self\">Privacy Policy link<\/a>.<\/p>\n<h3><b>5. COOKIE POLICY:<\/b><\/h3>\n<p class=\"translation-block\">Our cookie policy is available at the\u00a0<a href=\"https:\/\/sanchezalcaraz.com\/en\/web2018\/?page_id=8927\" target=\"_self\">Cookie Policy link<\/a>.<\/p>\n<h3><b>6. PROCEDURE IN CASE OF CARRYING OUT ILLEGAL ACTIVITIES:<\/b><\/h3>\n<p>In the event that any user or third party considers that there are facts or circumstances that reveal the illicit nature of the use of any content and\/or the performance of any activity on the web pages included or accessible through the website, they must send a notification to S\u00e1nchez Alcaraz identifying himself, specifying the alleged infractions and expressly declaring and under his responsibility that the information provided in the notification is accurate.<\/p>\n<p>For any litigious issue that concerns the S\u00e1nchez Alcaraz website, Spanish legislation will apply, with the Courts of Toledo (Spain) being competent.<\/p>\n<h3><b>7. NOTIFICATIONS:<\/b><\/h3>\n<p>All notifications and communications between Users and S\u00e1nchez Alcaraz will be considered effective, for all purposes, when they are made through postal mail, email, telephone communication or fax. Users must contact S\u00e1nchez Alcaraz by:<\/p>\n<ul>\n<li>Postal mail to the following address:<\/li>\n<\/ul>\n<p>C\/ Encinar, 211- 212<\/p>\n<p>Monte Boyal Industrial Estate<\/p>\n<p>45950- Casarrubios del Monte (Toledo)<\/p>\n<ul>\n<li>Telephone number: <strong>+34 925 955 057<\/strong><\/li>\n<li>Sending a fax to the number: <strong>+34 925 950 588<\/strong><\/li>\n<li>Sending email to the following address: <a href=\"mailto:info.es@bellfoodgroup.com\">info.es@bellfoodgroup.com<\/a><\/li>\n<\/ul>\n\n\t\t<\/div> \n\t<\/div> <\/div><\/div><\/div><\/div><\/div><\/div>\n<\/div>","protected":false},"excerpt":{"rendered":"1. INFORMACI\u00d3N DE LA COMPA\u00d1\u00cdA: El presente aviso legal regula el uso del sitio web\u00a0www.sanchezalcaraz.com, que pone a su disposici\u00f3n\u00a0BELL ESPA\u00d1A ALIMENTACI\u00d3N S.L.U.\u00a0(en adelante \u201cS\u00e1nchez Alcaraz\u201d) con domicilio social en calle Encinar, 211- 212, Pol\u00edgono Industrial Monte Boyal, 45950, Casarrubios del Monte, (Toledo), inscrita en...","protected":false},"author":1147,"featured_media":4671,"parent":0,"menu_order":0,"comment_status":"closed","ping_status":"closed","template":"full_width.php","meta":{"footnotes":""},"class_list":["post-102","page","type-page","status-publish","has-post-thumbnail","hentry"],"yoast_head":"<!-- This site is optimized with the Yoast SEO plugin v24.3 - https:\/\/yoast.com\/wordpress\/plugins\/seo\/ -->\n<title>S\u00e1nchez Alcaraz - Aviso Legal<\/title>\n<meta name=\"description\" content=\"En S\u00e1nchez Alcaraz nos gusta informar a nuestros clientes en detalle ya que la transparencia es uno de nuestros principales valores.\" \/>\n<meta name=\"robots\" content=\"noindex, nofollow\" \/>\n<meta property=\"og:locale\" content=\"en_GB\" \/>\n<meta property=\"og:type\" content=\"article\" \/>\n<meta property=\"og:title\" content=\"S\u00e1nchez Alcaraz - Aviso Legal\" \/>\n<meta property=\"og:description\" content=\"En S\u00e1nchez Alcaraz nos gusta informar a nuestros clientes en detalle ya que la transparencia es uno de nuestros principales valores.\" \/>\n<meta property=\"og:url\" content=\"https:\/\/sanchezalcaraz.com\/en\/legal-notice\/\" \/>\n<meta property=\"og:site_name\" content=\"Sanchez Alcaraz\" \/>\n<meta property=\"article:publisher\" content=\"https:\/\/www.facebook.com\/SanchezAlcarazJamones\/\" \/>\n<meta property=\"article:modified_time\" content=\"2023-11-14T09:46:36+00:00\" \/>\n<meta property=\"og:image\" content=\"https:\/\/sanchezalcaraz.com\/wp-content\/uploads\/2023\/04\/cabecera-sanchez-alcaraz-logo-nuevo.jpg\" \/>\n\t<meta property=\"og:image:width\" content=\"900\" \/>\n\t<meta property=\"og:image:height\" content=\"600\" \/>\n\t<meta property=\"og:image:type\" content=\"image\/jpeg\" \/>\n<meta name=\"twitter:card\" content=\"summary_large_image\" \/>\n<meta name=\"twitter:site\" content=\"@sanchezalcaraz_\" \/>\n<meta name=\"twitter:label1\" content=\"Estimated reading time\" \/>\n\t<meta name=\"twitter:data1\" content=\"8 minutes\" \/>\n<script type=\"application\/ld+json\" class=\"yoast-schema-graph\">{\"@context\":\"https:\/\/schema.org\",\"@graph\":[{\"@type\":\"WebPage\",\"@id\":\"https:\/\/sanchezalcaraz.com\/aviso-legal\/\",\"url\":\"https:\/\/sanchezalcaraz.com\/aviso-legal\/\",\"name\":\"S\u00e1nchez Alcaraz - Aviso Legal\",\"isPartOf\":{\"@id\":\"https:\/\/sanchezalcaraz.com\/#website\"},\"primaryImageOfPage\":{\"@id\":\"https:\/\/sanchezalcaraz.com\/aviso-legal\/#primaryimage\"},\"image\":{\"@id\":\"https:\/\/sanchezalcaraz.com\/aviso-legal\/#primaryimage\"},\"thumbnailUrl\":\"https:\/\/sanchezalcaraz.com\/wp-content\/uploads\/2023\/04\/cabecera-sanchez-alcaraz-logo-nuevo.jpg\",\"datePublished\":\"2019-07-29T15:21:14+00:00\",\"dateModified\":\"2023-11-14T09:46:36+00:00\",\"description\":\"En S\u00e1nchez Alcaraz nos gusta informar a nuestros clientes en detalle ya que la transparencia es uno de nuestros principales valores.\",\"breadcrumb\":{\"@id\":\"https:\/\/sanchezalcaraz.com\/aviso-legal\/#breadcrumb\"},\"inLanguage\":\"en-GB\",\"potentialAction\":[{\"@type\":\"ReadAction\",\"target\":[\"https:\/\/sanchezalcaraz.com\/aviso-legal\/\"]}]},{\"@type\":\"ImageObject\",\"inLanguage\":\"en-GB\",\"@id\":\"https:\/\/sanchezalcaraz.com\/aviso-legal\/#primaryimage\",\"url\":\"https:\/\/sanchezalcaraz.com\/wp-content\/uploads\/2023\/04\/cabecera-sanchez-alcaraz-logo-nuevo.jpg\",\"contentUrl\":\"https:\/\/sanchezalcaraz.com\/wp-content\/uploads\/2023\/04\/cabecera-sanchez-alcaraz-logo-nuevo.jpg\",\"width\":900,\"height\":600,\"caption\":\"cabecera sanchez alcaraz logo nuevo\"},{\"@type\":\"BreadcrumbList\",\"@id\":\"https:\/\/sanchezalcaraz.com\/aviso-legal\/#breadcrumb\",\"itemListElement\":[{\"@type\":\"ListItem\",\"position\":1,\"name\":\"Portada\",\"item\":\"https:\/\/sanchezalcaraz.com\/\"},{\"@type\":\"ListItem\",\"position\":2,\"name\":\"Aviso Legal\"}]},{\"@type\":\"WebSite\",\"@id\":\"https:\/\/sanchezalcaraz.com\/#website\",\"url\":\"https:\/\/sanchezalcaraz.com\/\",\"name\":\"Sanchez Alcaraz\",\"description\":\"\",\"publisher\":{\"@id\":\"https:\/\/sanchezalcaraz.com\/#organization\"},\"potentialAction\":[{\"@type\":\"SearchAction\",\"target\":{\"@type\":\"EntryPoint\",\"urlTemplate\":\"https:\/\/sanchezalcaraz.com\/?s={search_term_string}\"},\"query-input\":{\"@type\":\"PropertyValueSpecification\",\"valueRequired\":true,\"valueName\":\"search_term_string\"}}],\"inLanguage\":\"en-GB\"},{\"@type\":\"Organization\",\"@id\":\"https:\/\/sanchezalcaraz.com\/#organization\",\"name\":\"S\u00e1nchez Alcaraz\",\"url\":\"https:\/\/sanchezalcaraz.com\/\",\"logo\":{\"@type\":\"ImageObject\",\"inLanguage\":\"en-GB\",\"@id\":\"https:\/\/sanchezalcaraz.com\/#\/schema\/logo\/image\/\",\"url\":\"https:\/\/sanchezalcaraz.com\/wp-content\/uploads\/2023\/04\/cabecera-sanchez-alcaraz-logo-nuevo.jpg\",\"contentUrl\":\"https:\/\/sanchezalcaraz.com\/wp-content\/uploads\/2023\/04\/cabecera-sanchez-alcaraz-logo-nuevo.jpg\",\"width\":900,\"height\":600,\"caption\":\"S\u00e1nchez Alcaraz\"},\"image\":{\"@id\":\"https:\/\/sanchezalcaraz.com\/#\/schema\/logo\/image\/\"},\"sameAs\":[\"https:\/\/www.facebook.com\/SanchezAlcarazJamones\/\",\"https:\/\/x.com\/sanchezalcaraz_\",\"https:\/\/www.instagram.com\/sanchez_alcaraz\/\"]}]}<\/script>\n<!-- \/ Yoast SEO plugin. -->","yoast_head_json":{"title":"S\u00e1nchez Alcaraz - Aviso Legal","description":"En S\u00e1nchez Alcaraz nos gusta informar a nuestros clientes en detalle ya que la transparencia es uno de nuestros principales valores.","robots":{"index":"noindex","follow":"nofollow"},"og_locale":"en_GB","og_type":"article","og_title":"S\u00e1nchez Alcaraz - Aviso Legal","og_description":"En S\u00e1nchez Alcaraz nos gusta informar a nuestros clientes en detalle ya que la transparencia es uno de nuestros principales valores.","og_url":"https:\/\/sanchezalcaraz.com\/en\/legal-notice\/","og_site_name":"Sanchez Alcaraz","article_publisher":"https:\/\/www.facebook.com\/SanchezAlcarazJamones\/","article_modified_time":"2023-11-14T09:46:36+00:00","og_image":[{"width":900,"height":600,"url":"https:\/\/sanchezalcaraz.com\/wp-content\/uploads\/2023\/04\/cabecera-sanchez-alcaraz-logo-nuevo.jpg","type":"image\/jpeg"}],"twitter_card":"summary_large_image","twitter_site":"@sanchezalcaraz_","twitter_misc":{"Estimated reading time":"8 minutes"},"schema":{"@context":"https:\/\/schema.org","@graph":[{"@type":"WebPage","@id":"https:\/\/sanchezalcaraz.com\/aviso-legal\/","url":"https:\/\/sanchezalcaraz.com\/aviso-legal\/","name":"S\u00e1nchez Alcaraz - Aviso Legal","isPartOf":{"@id":"https:\/\/sanchezalcaraz.com\/#website"},"primaryImageOfPage":{"@id":"https:\/\/sanchezalcaraz.com\/aviso-legal\/#primaryimage"},"image":{"@id":"https:\/\/sanchezalcaraz.com\/aviso-legal\/#primaryimage"},"thumbnailUrl":"https:\/\/sanchezalcaraz.com\/wp-content\/uploads\/2023\/04\/cabecera-sanchez-alcaraz-logo-nuevo.jpg","datePublished":"2019-07-29T15:21:14+00:00","dateModified":"2023-11-14T09:46:36+00:00","description":"En S\u00e1nchez Alcaraz nos gusta informar a nuestros clientes en detalle ya que la transparencia es uno de nuestros principales valores.","breadcrumb":{"@id":"https:\/\/sanchezalcaraz.com\/aviso-legal\/#breadcrumb"},"inLanguage":"en-GB","potentialAction":[{"@type":"ReadAction","target":["https:\/\/sanchezalcaraz.com\/aviso-legal\/"]}]},{"@type":"ImageObject","inLanguage":"en-GB","@id":"https:\/\/sanchezalcaraz.com\/aviso-legal\/#primaryimage","url":"https:\/\/sanchezalcaraz.com\/wp-content\/uploads\/2023\/04\/cabecera-sanchez-alcaraz-logo-nuevo.jpg","contentUrl":"https:\/\/sanchezalcaraz.com\/wp-content\/uploads\/2023\/04\/cabecera-sanchez-alcaraz-logo-nuevo.jpg","width":900,"height":600,"caption":"cabecera sanchez alcaraz logo nuevo"},{"@type":"BreadcrumbList","@id":"https:\/\/sanchezalcaraz.com\/aviso-legal\/#breadcrumb","itemListElement":[{"@type":"ListItem","position":1,"name":"Portada","item":"https:\/\/sanchezalcaraz.com\/"},{"@type":"ListItem","position":2,"name":"Aviso Legal"}]},{"@type":"WebSite","@id":"https:\/\/sanchezalcaraz.com\/#website","url":"https:\/\/sanchezalcaraz.com\/","name":"Sanchez Alcaraz","description":"","publisher":{"@id":"https:\/\/sanchezalcaraz.com\/#organization"},"potentialAction":[{"@type":"SearchAction","target":{"@type":"EntryPoint","urlTemplate":"https:\/\/sanchezalcaraz.com\/?s={search_term_string}"},"query-input":{"@type":"PropertyValueSpecification","valueRequired":true,"valueName":"search_term_string"}}],"inLanguage":"en-GB"},{"@type":"Organization","@id":"https:\/\/sanchezalcaraz.com\/#organization","name":"S\u00e1nchez Alcaraz","url":"https:\/\/sanchezalcaraz.com\/","logo":{"@type":"ImageObject","inLanguage":"en-GB","@id":"https:\/\/sanchezalcaraz.com\/#\/schema\/logo\/image\/","url":"https:\/\/sanchezalcaraz.com\/wp-content\/uploads\/2023\/04\/cabecera-sanchez-alcaraz-logo-nuevo.jpg","contentUrl":"https:\/\/sanchezalcaraz.com\/wp-content\/uploads\/2023\/04\/cabecera-sanchez-alcaraz-logo-nuevo.jpg","width":900,"height":600,"caption":"S\u00e1nchez Alcaraz"},"image":{"@id":"https:\/\/sanchezalcaraz.com\/#\/schema\/logo\/image\/"},"sameAs":["https:\/\/www.facebook.com\/SanchezAlcarazJamones\/","https:\/\/x.com\/sanchezalcaraz_","https:\/\/www.instagram.com\/sanchez_alcaraz\/"]}]}},"_links":{"self":[{"href":"https:\/\/sanchezalcaraz.com\/en\/wp-json\/wp\/v2\/pages\/102","targetHints":{"allow":["GET"]}}],"collection":[{"href":"https:\/\/sanchezalcaraz.com\/en\/wp-json\/wp\/v2\/pages"}],"about":[{"href":"https:\/\/sanchezalcaraz.com\/en\/wp-json\/wp\/v2\/types\/page"}],"author":[{"embeddable":true,"href":"https:\/\/sanchezalcaraz.com\/en\/wp-json\/wp\/v2\/users\/1147"}],"replies":[{"embeddable":true,"href":"https:\/\/sanchezalcaraz.com\/en\/wp-json\/wp\/v2\/comments?post=102"}],"version-history":[{"count":0,"href":"https:\/\/sanchezalcaraz.com\/en\/wp-json\/wp\/v2\/pages\/102\/revisions"}],"wp:featuredmedia":[{"embeddable":true,"href":"https:\/\/sanchezalcaraz.com\/en\/wp-json\/wp\/v2\/media\/4671"}],"wp:attachment":[{"href":"https:\/\/sanchezalcaraz.com\/en\/wp-json\/wp\/v2\/media?parent=102"}],"curies":[{"name":"wp","href":"https:\/\/api.w.org\/{rel}","templated":true}]}}